{"id":44488,"date":"2024-02-02T05:13:57","date_gmt":"2024-02-02T05:13:57","guid":{"rendered":"https:\/\/e.kosmolat.eu\/product\/deba-sejas-krems-ellas-eliksirs-50-ml\/"},"modified":"2026-04-24T06:28:02","modified_gmt":"2026-04-24T06:28:02","slug":"deba-sejas-krems-ellas-eliksirs-50-ml","status":"publish","type":"product","link":"https:\/\/e.kosmolat.eu\/lv\/product\/deba-sejas-krems-ellas-eliksirs-50-ml\/","title":{"rendered":"DeBa Sejas kr\u0113ms E\u013c\u013cas eliks\u012brs, 50 ml"},"content":{"rendered":"<p>RUBELLA DeBa Sejas kr\u0113ms E\u013c\u013cas eliks\u012brs<br \/>\n6 dab\u012bgas e\u013c\u013cas \u012bpa\u0161ai \u0101das baro\u0161anai. Mitrina un izgaismo seju, kaklu un dekolt\u0113.<br \/>\nDermatolo\u0123iski p\u0101rbaud\u012bts<br \/>\nDabiski ieg\u016bti 78%<br \/>\nLieto\u0161anai dien\u0101 un nakt\u012b&nbsp;<br \/>\nVisiem \u0101das tipiem<\/p>\n<p>Sejas kr\u0113ms intens\u012bvai sejas, kakla un dekolt\u0113 zonas baro\u0161anai. Satur 6 v\u0113rt\u012bgu e\u013c\u013cu un p\u0113r\u013cu mikroda\u013ci\u0146u kompleksu. Formula baro \u0101du un pal\u012bdz saglab\u0101t t\u0101s mirdzumu un elast\u012bbu visas dienas un nakts garum\u0101. P\u0113r\u013cu mikroda\u013ci\u0146as izl\u012bdzina un izgaismo seju, kaklu un dekolt\u0113 zonu, s\u0101kot no pirm\u0101s lieto\u0161anas reizes.<br \/>\nAkt\u012bv\u0101s sast\u0101vda\u013cas un to iedarb\u012bba:<br \/>\nBioro\u017eu e\u013c\u013ca &ndash; toniz\u0113jo\u0161a un nostiprino\u0161a<br \/>\nBio argana e\u013c\u013ca &ndash; antioksidanta \u012bpa\u0161\u012bbas, pal\u0113nina noveco\u0161an\u0101s procesus<br \/>\nRozmar\u012bna e\u013c\u013ca &ndash; nostiprino\u0161a<br \/>\nLavandas e\u013c\u013ca &ndash; mazina aps\u0101rtumu<br \/>\nImmortelle e\u013c\u013ca &ndash; pal\u0113nina noveco\u0161anos<br \/>\n&Scaron;\u012b sviests &ndash; uzlabo \u0101das dabisko aizsargfunkciju un uzlabo mitrin\u0101\u0161anu<br \/>\nLieto\u0161ana: Uzkl\u0101jiet nelielu kr\u0113ma daudzumu ar viegl\u0101m mas\u0101\u017eas kust\u012bb\u0101m uz r\u016bp\u012bgi att\u012br\u012btas \u0101das, l\u012bdz tas piln\u012bb\u0101 uzs\u016bcas. Izbaudi rezult\u0101tu &ndash; maigu un z\u012bdainu \u0101du.<br \/>\n&nbsp;<\/p>\n","protected":false},"excerpt":{"rendered":"<p>RUBELLA DeBa Sejas kr\u0113ms E\u013c\u013cas eliks\u012brs 6 dab\u012bgas e\u013c\u013cas \u012bpa\u0161ai \u0101das baro\u0161anai. Mitrina un izgaismo seju, kaklu un dekolt\u0113. Dermatolo\u0123iski p\u0101rbaud\u012bts Dabiski ieg\u016bti 78% Lieto\u0161anai dien\u0101 un nakt\u012b&nbsp; Visiem \u0101das tipiem Sejas kr\u0113ms intens\u012bvai sejas, kakla un dekolt\u0113 zonas baro\u0161anai. Satur 6 v\u0113rt\u012bgu e\u013c\u013cu un p\u0113r\u013cu mikroda\u013ci\u0146u kompleksu. Formula baro \u0101du un pal\u012bdz saglab\u0101t t\u0101s [&#8230;]\n","protected":false},"featured_media":102327,"template":"","meta":[],"product_cat":[1320],"product_tag":[],"class_list":{"0":"post-44488","1":"product","2":"type-product","3":"status-publish","4":"has-post-thumbnail","6":"product_brand-rubella-bg","7":"product_cat-sejas-kremi","9":"first","10":"instock","11":"taxable","12":"shipping-taxable","13":"product-type-simple"},"_links":{"self":[{"href":"https:\/\/e.kosmolat.eu\/lv\/wp-json\/wp\/v2\/product\/44488","targetHints":{"allow":["GET"]}}],"collection":[{"href":"https:\/\/e.kosmolat.eu\/lv\/wp-json\/wp\/v2\/product"}],"about":[{"href":"https:\/\/e.kosmolat.eu\/lv\/wp-json\/wp\/v2\/types\/product"}],"wp:featuredmedia":[{"embeddable":true,"href":"https:\/\/e.kosmolat.eu\/lv\/wp-json\/wp\/v2\/media\/102327"}],"wp:attachment":[{"href":"https:\/\/e.kosmolat.eu\/lv\/wp-json\/wp\/v2\/media?parent=44488"}],"wp:term":[{"taxonomy":"product_cat","embeddable":true,"href":"https:\/\/e.kosmolat.eu\/lv\/wp-json\/wp\/v2\/product_cat?post=44488"},{"taxonomy":"product_tag","embeddable":true,"href":"https:\/\/e.kosmolat.eu\/lv\/wp-json\/wp\/v2\/product_tag?post=44488"}],"curies":[{"name":"wp","href":"https:\/\/api.w.org\/{rel}","templated":true}]}}