{"id":44480,"date":"2024-02-02T05:13:26","date_gmt":"2024-02-02T05:13:26","guid":{"rendered":"https:\/\/e.kosmolat.eu\/product\/deba-maturel-dienas-s-krems-ar-sepilift-si-sv-e-vit-spf15-50-ml\/"},"modified":"2026-04-08T09:37:21","modified_gmt":"2026-04-08T09:37:21","slug":"deba-maturel-dienas-s-krems-ar-sepilift-si-sv-e-vit-spf15-50-ml","status":"publish","type":"product","link":"https:\/\/e.kosmolat.eu\/lv\/product\/deba-maturel-dienas-s-krems-ar-sepilift-si-sv-e-vit-spf15-50-ml\/","title":{"rendered":"DeBa Maturel Dienas s.kr\u0113ms ar Sepilift , \u0161\u012b sv.E vit.SPF15, 50 ml"},"content":{"rendered":"<p>RUBELLA DeBa Grumbu korekcijas kontrole ar Sepilift DPHP \u0161\u012b sviestu un E vitam\u012bnu SPF15<\/p>\n<p>Dermatolo\u0123iski p\u0101rbaud\u012bts<br \/>\nLieto\u0161anai dien\u0101<br \/>\nNobriedu\u0161ai \u0101dai<\/p>\n<p>Dienas kr\u0113ms DeBa Maturel. Ietver Sepilift DPHP, \u0161\u012b sviestu un E vitam\u012bnu. Efekt\u012bv\u0101 nostiprino\u0161\u0101 formula nov\u0113r\u0161 redzam\u0101s vecuma p\u0113das un pal\u0113nina \u0101das &ldquo;biolo\u0123isko pulksteni&rdquo;.<br \/>\nAkt\u012bv\u0101s sast\u0101vda\u013cas un to iedarb\u012bba:<br \/>\nSepilift DPHP &ndash; nostiprina un pievelk \u0101du, uzlabojot t\u0101s mitrin\u0101\u0161anu un elast\u012bbu. Stimul\u0113 kolag\u0113na sint\u0113zi un izl\u012bdzina eso\u0161\u0101s grumbas, vienlaikus pasarg\u0101jot no jaunu veido\u0161an\u0101s. Sepilift DPHP aizsarg\u0101 to no br\u012bvo radik\u0101\u013cu kait\u012bg\u0101s ietekmes<br \/>\n&Scaron;\u012b sviests &ndash; baro epidermu, t\u0101d\u0113j\u0101di uzlabojot t\u0101s elast\u012bbu un maigumu<br \/>\nE vitam\u012bns &ndash; akt\u012bvs antioksidants, kas neitraliz\u0113 br\u012bvos radik\u0101\u013cus<br \/>\nLieto\u0161ana: Ikdienas lieto\u0161anai uz perfekti att\u012br\u012btas sejas un kakla. Uzkl\u0101jiet nelielu kr\u0113ma daudzumu. Ar pirkstu galiem iemas\u0113jiet ar viegl\u0101m mas\u0101\u017eas kust\u012bb\u0101m.<br \/>\n&nbsp;<\/p>\n","protected":false},"excerpt":{"rendered":"<p>RUBELLA DeBa Grumbu korekcijas kontrole ar Sepilift DPHP \u0161\u012b sviestu un E vitam\u012bnu SPF15 Dermatolo\u0123iski p\u0101rbaud\u012bts Lieto\u0161anai dien\u0101 Nobriedu\u0161ai \u0101dai Dienas kr\u0113ms DeBa Maturel. Ietver Sepilift DPHP, \u0161\u012b sviestu un E vitam\u012bnu. Efekt\u012bv\u0101 nostiprino\u0161\u0101 formula nov\u0113r\u0161 redzam\u0101s vecuma p\u0113das un pal\u0113nina \u0101das &ldquo;biolo\u0123isko pulksteni&rdquo;. Akt\u012bv\u0101s sast\u0101vda\u013cas un to iedarb\u012bba: Sepilift DPHP &ndash; nostiprina un pievelk [&#8230;]\n","protected":false},"featured_media":100832,"template":"","meta":[],"product_cat":[1999],"product_tag":[],"class_list":{"0":"post-44480","1":"product","2":"type-product","3":"status-publish","4":"has-post-thumbnail","6":"product_brand-rubella-bg","7":"product_cat-bez-kategorijas","9":"first","10":"outofstock","11":"taxable","12":"shipping-taxable","13":"product-type-simple"},"_links":{"self":[{"href":"https:\/\/e.kosmolat.eu\/lv\/wp-json\/wp\/v2\/product\/44480","targetHints":{"allow":["GET"]}}],"collection":[{"href":"https:\/\/e.kosmolat.eu\/lv\/wp-json\/wp\/v2\/product"}],"about":[{"href":"https:\/\/e.kosmolat.eu\/lv\/wp-json\/wp\/v2\/types\/product"}],"wp:featuredmedia":[{"embeddable":true,"href":"https:\/\/e.kosmolat.eu\/lv\/wp-json\/wp\/v2\/media\/100832"}],"wp:attachment":[{"href":"https:\/\/e.kosmolat.eu\/lv\/wp-json\/wp\/v2\/media?parent=44480"}],"wp:term":[{"taxonomy":"product_cat","embeddable":true,"href":"https:\/\/e.kosmolat.eu\/lv\/wp-json\/wp\/v2\/product_cat?post=44480"},{"taxonomy":"product_tag","embeddable":true,"href":"https:\/\/e.kosmolat.eu\/lv\/wp-json\/wp\/v2\/product_tag?post=44480"}],"curies":[{"name":"wp","href":"https:\/\/api.w.org\/{rel}","templated":true}]}}