{"id":44464,"date":"2024-02-02T05:12:21","date_gmt":"2024-02-02T05:12:21","guid":{"rendered":"https:\/\/e.kosmolat.eu\/product\/deba-ellas-eliksirs-serums-sejai-un-kaklam-30-ml\/"},"modified":"2026-04-22T09:53:26","modified_gmt":"2026-04-22T09:53:26","slug":"deba-ellas-eliksirs-serums-sejai-un-kaklam-30-ml","status":"publish","type":"product","link":"https:\/\/e.kosmolat.eu\/lv\/product\/deba-ellas-eliksirs-serums-sejai-un-kaklam-30-ml\/","title":{"rendered":"DeBa E\u013c\u013cas eliks\u012brs serums sejai un kaklam, 30 ml"},"content":{"rendered":"<p>RUBELLA DeBa E\u013c\u013cas eliks\u012brs serums sejai un kaklam<br \/>\n7 dab\u012bgas e\u013c\u013cas + E vitam\u012bns \u012bpa\u0161ai baro\u0161anai. Mitrina un izgaismo seju, kaklu un dekolt\u0113 l\u012bniju<br \/>\n*Dermatolo\u0123iski p\u0101rbaud\u012bts<br \/>\n*Lieto\u0161anai dien\u0101 un nakt\u012b<br \/>\n*Visiem \u0101das tipiem<br \/>\nSaus\u0101 e\u013c\u013ca atjauno \u0101du ar 7 dab\u012bgo e\u013c\u013cu kompleksu un vitam\u012bnu E. Pasarg\u0101 to no br\u012bvajiem radik\u0101\u013ciem, atjauno \u0101du un pal\u0113nina noveco\u0161an\u0101s procesus. C\u012bn\u0101s ar smalko l\u012bniju un grumbu par\u0101d\u012b\u0161anos.<br \/>\nAkt\u012bv\u0101s sast\u0101vda\u013cas un to iedarb\u012bba:<br \/>\nBio Rose Oil &#8211; toniz\u0113jo\u0161a un nostiprino\u0161a iedarb\u012bba<br \/>\nBio Argan Oil &#8211; antioksidanta \u012bpa\u0161\u012bbas; pal\u0113nina noveco\u0161an\u0101s procesu.<br \/>\nApriko\u017eu kauli\u0146u e\u013c\u013ca &#8211; \u012bpa\u0161i barojo\u0161as un atjaunojo\u0161as \u012bpa\u0161\u012bbas<br \/>\nImmortelle e\u013c\u013ca &#8211; pal\u0113nina noveco\u0161anos<br \/>\nKamel\u012bnas e\u013c\u013ca &#8211; uzlabo \u0101das elast\u012bbu un bl\u012bvumu<br \/>\nRozmar\u012bna e\u013c\u013ca &ndash; nostiprino\u0161a<br \/>\nLavandas e\u013c\u013ca &#8211; samazina aps\u0101rtumu.<br \/>\nJebkuram \u0101das tipam, ikdienas lieto\u0161anai<br \/>\nPiem\u0113rots veg\u0101nam<br \/>\nLieto\u0161ana: uzkl\u0101jiet pl\u0101nu k\u0101rtu, 1-4 pilienus, uz att\u012br\u012btas \u0101das un iemas\u0113jiet, l\u012bdz e\u013c\u013ca piln\u012bb\u0101 ies\u016bcas \u0101d\u0101. Lab\u0101kam efektam uzkl\u0101t no r\u012bta un vakar\u0101 uz sejas un kakla.<br \/>\n&nbsp;<\/p>\n","protected":false},"excerpt":{"rendered":"<p>RUBELLA DeBa E\u013c\u013cas eliks\u012brs serums sejai un kaklam 7 dab\u012bgas e\u013c\u013cas + E vitam\u012bns \u012bpa\u0161ai baro\u0161anai. Mitrina un izgaismo seju, kaklu un dekolt\u0113 l\u012bniju *Dermatolo\u0123iski p\u0101rbaud\u012bts *Lieto\u0161anai dien\u0101 un nakt\u012b *Visiem \u0101das tipiem Saus\u0101 e\u013c\u013ca atjauno \u0101du ar 7 dab\u012bgo e\u013c\u013cu kompleksu un vitam\u012bnu E. Pasarg\u0101 to no br\u012bvajiem radik\u0101\u013ciem, atjauno \u0101du un pal\u0113nina noveco\u0161an\u0101s [&#8230;]\n","protected":false},"featured_media":101590,"template":"","meta":[],"product_cat":[1999],"product_tag":[],"class_list":{"0":"post-44464","1":"product","2":"type-product","3":"status-publish","4":"has-post-thumbnail","6":"product_brand-rubella-bg","7":"product_cat-bez-kategorijas","9":"first","10":"instock","11":"taxable","12":"shipping-taxable","13":"product-type-simple"},"_links":{"self":[{"href":"https:\/\/e.kosmolat.eu\/lv\/wp-json\/wp\/v2\/product\/44464","targetHints":{"allow":["GET"]}}],"collection":[{"href":"https:\/\/e.kosmolat.eu\/lv\/wp-json\/wp\/v2\/product"}],"about":[{"href":"https:\/\/e.kosmolat.eu\/lv\/wp-json\/wp\/v2\/types\/product"}],"wp:featuredmedia":[{"embeddable":true,"href":"https:\/\/e.kosmolat.eu\/lv\/wp-json\/wp\/v2\/media\/101590"}],"wp:attachment":[{"href":"https:\/\/e.kosmolat.eu\/lv\/wp-json\/wp\/v2\/media?parent=44464"}],"wp:term":[{"taxonomy":"product_cat","embeddable":true,"href":"https:\/\/e.kosmolat.eu\/lv\/wp-json\/wp\/v2\/product_cat?post=44464"},{"taxonomy":"product_tag","embeddable":true,"href":"https:\/\/e.kosmolat.eu\/lv\/wp-json\/wp\/v2\/product_tag?post=44464"}],"curies":[{"name":"wp","href":"https:\/\/api.w.org\/{rel}","templated":true}]}}