{"id":44420,"date":"2024-02-02T05:09:25","date_gmt":"2024-02-02T05:09:25","guid":{"rendered":"https:\/\/e.kosmolat.eu\/product\/top-ten-dynamic-skusanas-putas-250-ml\/"},"modified":"2026-04-20T08:23:34","modified_gmt":"2026-04-20T08:23:34","slug":"top-ten-dynamic-skusanas-putas-250-ml","status":"publish","type":"product","link":"https:\/\/e.kosmolat.eu\/lv\/product\/top-ten-dynamic-skusanas-putas-250-ml\/","title":{"rendered":"TOP TEN Dynamic Sk\u016b\u0161an\u0101s putas, 250 ml"},"content":{"rendered":"<p>TOP TEN Dynamic sk\u016b\u0161an\u0101s putas &#8211; profesion\u0101la kop\u0161ana jut\u012bgai \u0101dai. Nodro\u0161ina m\u012bkstu un \u0113rtu skuvek\u013ca asme\u0146u sl\u012bd\u0113\u0161anu.<\/p>\n<p><strong>Lieto\u0161ana:<\/strong> Pirms lieto\u0161anas sakratiet, flakonu turiet ar dozatoru uz aug\u0161u. Uzkl\u0101jiet v\u0113lamo putu daudzumu uz plaukstas, p\u0113c tam uz mitras \u0101das. P\u0113c sk\u016b\u0161an\u0101s noskalojiet ar \u016bdeni.<\/p>\n<p><strong>Piesardz\u012bbas pas\u0101kumi:<\/strong> Nepie\u013caut nok\u013c\u016b\u0161anu ac\u012bs. Ja nok\u013c\u016bst ac\u012bs, nekav\u0113joties t\u0101s skalot ar lielu daudzumu \u016bdens. Izvair\u012bties no saskares ar elpce\u013ciem.<br \/>\n\u012apa\u0161i viegli uzliesmojo\u0161\u0161! Tvertne ir zem spiediena! Uzkl\u0101jiet stingri saska\u0146\u0101 ar nor\u0101d\u012bjumiem. Izvairieties no tie\u0161iem saules stariem un karstuma virs 50&deg;C; neizsmidziniet atkl\u0101tas liesmas, karstu priek\u0161metu vai elektrisko sild\u012bt\u0101ju tuvum\u0101. Nedurt vai nededzin\u0101t flakonu, ar\u012b p\u0113c izlieto\u0161anas. Uzglab\u0101t b\u0113rniem nepieejam\u0101 viet\u0101.<br \/>\n&nbsp;<\/p>\n","protected":false},"excerpt":{"rendered":"<p>TOP TEN Dynamic sk\u016b\u0161an\u0101s putas &#8211; profesion\u0101la kop\u0161ana jut\u012bgai \u0101dai. Nodro\u0161ina m\u012bkstu un \u0113rtu skuvek\u013ca asme\u0146u sl\u012bd\u0113\u0161anu. Lieto\u0161ana: Pirms lieto\u0161anas sakratiet, flakonu turiet ar dozatoru uz aug\u0161u. Uzkl\u0101jiet v\u0113lamo putu daudzumu uz plaukstas, p\u0113c tam uz mitras \u0101das. P\u0113c sk\u016b\u0161an\u0101s noskalojiet ar \u016bdeni. Piesardz\u012bbas pas\u0101kumi: Nepie\u013caut nok\u013c\u016b\u0161anu ac\u012bs. Ja nok\u013c\u016bst ac\u012bs, nekav\u0113joties t\u0101s skalot ar [&#8230;]\n","protected":false},"featured_media":102495,"template":"","meta":[],"product_cat":[1680],"product_tag":[],"class_list":{"0":"post-44420","1":"product","2":"type-product","3":"status-publish","4":"has-post-thumbnail","6":"product_brand-rubella-bg","7":"product_cat-skusanas-kosmetika","9":"first","10":"outofstock","11":"taxable","12":"shipping-taxable","13":"product-type-simple"},"_links":{"self":[{"href":"https:\/\/e.kosmolat.eu\/lv\/wp-json\/wp\/v2\/product\/44420","targetHints":{"allow":["GET"]}}],"collection":[{"href":"https:\/\/e.kosmolat.eu\/lv\/wp-json\/wp\/v2\/product"}],"about":[{"href":"https:\/\/e.kosmolat.eu\/lv\/wp-json\/wp\/v2\/types\/product"}],"wp:featuredmedia":[{"embeddable":true,"href":"https:\/\/e.kosmolat.eu\/lv\/wp-json\/wp\/v2\/media\/102495"}],"wp:attachment":[{"href":"https:\/\/e.kosmolat.eu\/lv\/wp-json\/wp\/v2\/media?parent=44420"}],"wp:term":[{"taxonomy":"product_cat","embeddable":true,"href":"https:\/\/e.kosmolat.eu\/lv\/wp-json\/wp\/v2\/product_cat?post=44420"},{"taxonomy":"product_tag","embeddable":true,"href":"https:\/\/e.kosmolat.eu\/lv\/wp-json\/wp\/v2\/product_tag?post=44420"}],"curies":[{"name":"wp","href":"https:\/\/api.w.org\/{rel}","templated":true}]}}