{"id":44412,"date":"2024-02-02T05:09:08","date_gmt":"2024-02-02T05:09:08","guid":{"rendered":"https:\/\/e.kosmolat.eu\/product\/deba-fresh-sensation-dezodorants-150-ml\/"},"modified":"2026-04-08T14:46:28","modified_gmt":"2026-04-08T14:46:28","slug":"deba-fresh-sensation-dezodorants-150-ml","status":"publish","type":"product","link":"https:\/\/e.kosmolat.eu\/lv\/product\/deba-fresh-sensation-dezodorants-150-ml\/","title":{"rendered":"DeBa Fresh Sensation dezodorants, 150 ml"},"content":{"rendered":"<p>0% alum\u012bnija s\u0101\u013cu<br \/>\n\u0136erme\u0146a dezodorants DeBa nodro\u0161ina efekt\u012bvu kop\u0161anu, svaigumu un komfortu. Tam ir smalks delik\u0101ts arom\u0101ts. Nesatur alum\u012bnija s\u0101\u013cus. Neatst\u0101j p\u0113das. Piem\u0113rots veg\u0101niem.<br \/>\nLieto\u0161anas instrukcija: Sakratiet pudeli un, turot to vertik\u0101li, izsmidziniet no 15 cm att\u0101luma no \u0137erme\u0146a uz t\u012bras \u0101das. Pudele zem spiediena. Sildot var eksplod\u0113t. Izvairieties no saskares ar ac\u012bm. Ja nok\u013c\u016bst ac\u012bs, vair\u0101kas min\u016btes uzman\u012bgi skalojiet ar \u016bdeni. Aizsarg\u0101t no saules gaismas. Nepak\u013caut temperat\u016brai, kas p\u0101rsniedz 50&deg;C\/122&deg;F. Neizsmidzin\u0101t uz atkl\u0101tas uguns vai citiem aizdeg\u0161an\u0101s avotiem. Sarg\u0101t no karstuma, karst\u0101m virsm\u0101m, dzirkstel\u0113m, atkl\u0101tas uguns un citiem aizdeg\u0161an\u0101s avotiem. Nesm\u0113\u0137\u0113t. Nedurt vai nededzin\u0101t, ar\u012b p\u0113c izlieto\u0161anas. Sarg\u0101t no viegli uzliesmojo\u0161iem materi\u0101liem. Uzglab\u0101t b\u0113rniem nepieejam\u0101 viet\u0101.<br \/>\nUzglab\u0101t istabas temperat\u016br\u0101. Der\u012bguma termi\u0146u skatiet flakona apak\u0161\u0101.<br \/>\n&nbsp;<\/p>\n","protected":false},"excerpt":{"rendered":"<p>0% alum\u012bnija s\u0101\u013cu \u0136erme\u0146a dezodorants DeBa nodro\u0161ina efekt\u012bvu kop\u0161anu, svaigumu un komfortu. Tam ir smalks delik\u0101ts arom\u0101ts. Nesatur alum\u012bnija s\u0101\u013cus. Neatst\u0101j p\u0113das. Piem\u0113rots veg\u0101niem. Lieto\u0161anas instrukcija: Sakratiet pudeli un, turot to vertik\u0101li, izsmidziniet no 15 cm att\u0101luma no \u0137erme\u0146a uz t\u012bras \u0101das. Pudele zem spiediena. Sildot var eksplod\u0113t. Izvairieties no saskares ar ac\u012bm. Ja nok\u013c\u016bst [&#8230;]\n","protected":false},"featured_media":100332,"template":"","meta":[],"product_cat":[1628],"product_tag":[],"class_list":{"0":"post-44412","1":"product","2":"type-product","3":"status-publish","4":"has-post-thumbnail","6":"product_brand-rubella-bg","7":"product_cat-dezodoranti","9":"first","10":"instock","11":"taxable","12":"shipping-taxable","13":"product-type-simple"},"_links":{"self":[{"href":"https:\/\/e.kosmolat.eu\/lv\/wp-json\/wp\/v2\/product\/44412","targetHints":{"allow":["GET"]}}],"collection":[{"href":"https:\/\/e.kosmolat.eu\/lv\/wp-json\/wp\/v2\/product"}],"about":[{"href":"https:\/\/e.kosmolat.eu\/lv\/wp-json\/wp\/v2\/types\/product"}],"wp:featuredmedia":[{"embeddable":true,"href":"https:\/\/e.kosmolat.eu\/lv\/wp-json\/wp\/v2\/media\/100332"}],"wp:attachment":[{"href":"https:\/\/e.kosmolat.eu\/lv\/wp-json\/wp\/v2\/media?parent=44412"}],"wp:term":[{"taxonomy":"product_cat","embeddable":true,"href":"https:\/\/e.kosmolat.eu\/lv\/wp-json\/wp\/v2\/product_cat?post=44412"},{"taxonomy":"product_tag","embeddable":true,"href":"https:\/\/e.kosmolat.eu\/lv\/wp-json\/wp\/v2\/product_tag?post=44412"}],"curies":[{"name":"wp","href":"https:\/\/api.w.org\/{rel}","templated":true}]}}