{"id":44392,"date":"2024-02-02T05:08:14","date_gmt":"2024-02-02T05:08:14","guid":{"rendered":"https:\/\/e.kosmolat.eu\/product\/dental-anti-bacterial-sensitive-zobu-birste-1-gab\/"},"modified":"2026-03-26T13:35:55","modified_gmt":"2026-03-26T13:35:55","slug":"dental-anti-bacterial-sensitive-zobu-birste-1-gab","status":"publish","type":"product","link":"https:\/\/e.kosmolat.eu\/lv\/product\/dental-anti-bacterial-sensitive-zobu-birste-1-gab\/","title":{"rendered":"Dental Anti-Bacterial Sensitive zobu birste 1 gab."},"content":{"rendered":"<p>RUBELLA DENTAL Sensitive zobu birste 1 gab.<\/p>\n<p>Efekt\u012bva zobu birste jut\u012bgiem zobiem. M\u016bsdienu tehnolo\u0123ijas dod iesp\u0113ju zobu birstes \u0161\u0137iedr\u0101m pievienot sudrabu, kam piem\u012bt izcilas antibakteri\u0101las \u012bpa\u0161\u012bbas. \u012apa\u0161i izstr\u0101d\u0101ti mikrosaru pu\u0161\u0137i r\u016bp\u012bgi att\u012bra aplikumu, nodro\u0161ina \u012bpa\u0161u kop\u0161anu, maigi mas\u0113jot jut\u012bg\u0101s smaganas. Birstes rokturis ir izgatavots no \u012bpa\u0161i izstr\u0101d\u0101ta, 100% organiski biolo\u0123iski no\u0101rd\u0101ma materi\u0101la.<br \/>\n&nbsp;<\/p>\n","protected":false},"excerpt":{"rendered":"<p>RUBELLA DENTAL Sensitive zobu birste 1 gab. Efekt\u012bva zobu birste jut\u012bgiem zobiem. M\u016bsdienu tehnolo\u0123ijas dod iesp\u0113ju zobu birstes \u0161\u0137iedr\u0101m pievienot sudrabu, kam piem\u012bt izcilas antibakteri\u0101las \u012bpa\u0161\u012bbas. \u012apa\u0161i izstr\u0101d\u0101ti mikrosaru pu\u0161\u0137i r\u016bp\u012bgi att\u012bra aplikumu, nodro\u0161ina \u012bpa\u0161u kop\u0161anu, maigi mas\u0113jot jut\u012bg\u0101s smaganas. Birstes rokturis ir izgatavots no \u012bpa\u0161i izstr\u0101d\u0101ta, 100% organiski biolo\u0123iski no\u0101rd\u0101ma materi\u0101la. &nbsp;<\/p>\n","protected":false},"featured_media":102615,"template":"","meta":[],"product_cat":[1352],"product_tag":[],"class_list":{"0":"post-44392","1":"product","2":"type-product","3":"status-publish","4":"has-post-thumbnail","6":"product_brand-rubella-bg","7":"product_cat-zobu-birstes","9":"first","10":"instock","11":"taxable","12":"shipping-taxable","13":"product-type-simple"},"_links":{"self":[{"href":"https:\/\/e.kosmolat.eu\/lv\/wp-json\/wp\/v2\/product\/44392","targetHints":{"allow":["GET"]}}],"collection":[{"href":"https:\/\/e.kosmolat.eu\/lv\/wp-json\/wp\/v2\/product"}],"about":[{"href":"https:\/\/e.kosmolat.eu\/lv\/wp-json\/wp\/v2\/types\/product"}],"wp:featuredmedia":[{"embeddable":true,"href":"https:\/\/e.kosmolat.eu\/lv\/wp-json\/wp\/v2\/media\/102615"}],"wp:attachment":[{"href":"https:\/\/e.kosmolat.eu\/lv\/wp-json\/wp\/v2\/media?parent=44392"}],"wp:term":[{"taxonomy":"product_cat","embeddable":true,"href":"https:\/\/e.kosmolat.eu\/lv\/wp-json\/wp\/v2\/product_cat?post=44392"},{"taxonomy":"product_tag","embeddable":true,"href":"https:\/\/e.kosmolat.eu\/lv\/wp-json\/wp\/v2\/product_tag?post=44392"}],"curies":[{"name":"wp","href":"https:\/\/api.w.org\/{rel}","templated":true}]}}