{"id":44388,"date":"2024-02-02T05:07:57","date_gmt":"2024-02-02T05:07:57","guid":{"rendered":"https:\/\/e.kosmolat.eu\/product\/dental-anti-bacterial-parodontit-zobu-birste-1-gab\/"},"modified":"2026-04-08T14:45:07","modified_gmt":"2026-04-08T14:45:07","slug":"dental-anti-bacterial-parodontit-zobu-birste-1-gab","status":"publish","type":"product","link":"https:\/\/e.kosmolat.eu\/lv\/product\/dental-anti-bacterial-parodontit-zobu-birste-1-gab\/","title":{"rendered":"Dental Anti-Bacterial Parodontit zobu birste 1 gab."},"content":{"rendered":"<p>RUBELLA DENTAL Anti-Bacterial Parodontit zobu birste 1 gab.<br \/>\n\u012apa\u0161a zobu birste cilv\u0113kiem, kuri cie\u0161 no gingiv\u012bta, periodont\u012bta un periodonta slim\u012bb\u0101m. Zobu birste ir \u012bpa\u0161i izstr\u0101d\u0101ta s\u0101p\u012bgu un jut\u012bgu smaganu kop\u0161anai. M\u016bsdienu tehnolo\u0123ijas dod iesp\u0113ju zobu birstes \u0161\u0137iedr\u0101m pievienot Sudrabu, kam piem\u012bt izcilas antibakteri\u0101las \u012bpa\u0161\u012bbas. \u012apa\u0161i izstr\u0101d\u0101ti kop\u0161anas mikrosaru pu\u0161\u0137i att\u012bra aplikumu, nodro\u0161ina \u012bpa\u0161u kop\u0161anu un maigi iemas\u0113 jut\u012bg\u0101s smaganas. Birstes rokturis ir izgatavots no \u012bpa\u0161i izstr\u0101d\u0101ta, 100% organiski biolo\u0123iski no\u0101rd\u0101ma materi\u0101la.<br \/>\n&nbsp;<\/p>\n","protected":false},"excerpt":{"rendered":"<p>RUBELLA DENTAL Anti-Bacterial Parodontit zobu birste 1 gab. \u012apa\u0161a zobu birste cilv\u0113kiem, kuri cie\u0161 no gingiv\u012bta, periodont\u012bta un periodonta slim\u012bb\u0101m. Zobu birste ir \u012bpa\u0161i izstr\u0101d\u0101ta s\u0101p\u012bgu un jut\u012bgu smaganu kop\u0161anai. M\u016bsdienu tehnolo\u0123ijas dod iesp\u0113ju zobu birstes \u0161\u0137iedr\u0101m pievienot Sudrabu, kam piem\u012bt izcilas antibakteri\u0101las \u012bpa\u0161\u012bbas. \u012apa\u0161i izstr\u0101d\u0101ti kop\u0161anas mikrosaru pu\u0161\u0137i att\u012bra aplikumu, nodro\u0161ina \u012bpa\u0161u kop\u0161anu un [&#8230;]\n","protected":false},"featured_media":101570,"template":"","meta":[],"product_cat":[1352],"product_tag":[],"class_list":{"0":"post-44388","1":"product","2":"type-product","3":"status-publish","4":"has-post-thumbnail","6":"product_brand-rubella-bg","7":"product_cat-zobu-birstes","9":"first","10":"instock","11":"taxable","12":"shipping-taxable","13":"product-type-simple"},"_links":{"self":[{"href":"https:\/\/e.kosmolat.eu\/lv\/wp-json\/wp\/v2\/product\/44388","targetHints":{"allow":["GET"]}}],"collection":[{"href":"https:\/\/e.kosmolat.eu\/lv\/wp-json\/wp\/v2\/product"}],"about":[{"href":"https:\/\/e.kosmolat.eu\/lv\/wp-json\/wp\/v2\/types\/product"}],"wp:featuredmedia":[{"embeddable":true,"href":"https:\/\/e.kosmolat.eu\/lv\/wp-json\/wp\/v2\/media\/101570"}],"wp:attachment":[{"href":"https:\/\/e.kosmolat.eu\/lv\/wp-json\/wp\/v2\/media?parent=44388"}],"wp:term":[{"taxonomy":"product_cat","embeddable":true,"href":"https:\/\/e.kosmolat.eu\/lv\/wp-json\/wp\/v2\/product_cat?post=44388"},{"taxonomy":"product_tag","embeddable":true,"href":"https:\/\/e.kosmolat.eu\/lv\/wp-json\/wp\/v2\/product_tag?post=44388"}],"curies":[{"name":"wp","href":"https:\/\/api.w.org\/{rel}","templated":true}]}}