{"id":44380,"date":"2024-02-02T05:07:39","date_gmt":"2024-02-02T05:07:39","guid":{"rendered":"https:\/\/e.kosmolat.eu\/product\/dental-charcoal-zobu-birste-soft-1-gab\/"},"modified":"2026-04-20T10:20:24","modified_gmt":"2026-04-20T10:20:24","slug":"dental-charcoal-zobu-birste-soft-1-gab","status":"publish","type":"product","link":"https:\/\/e.kosmolat.eu\/lv\/product\/dental-charcoal-zobu-birste-soft-1-gab\/","title":{"rendered":"Dental Charcoal zobu birste SOFT 1 gab."},"content":{"rendered":"<p>RUBELLA DENTAL Charcoal zobu birste (\u012apa\u0161i m\u012bksta) 1 gab.<br \/>\nZobu birste ir izgatavota, izmantojot tehnolo\u0123iju, kas \u013cauj maksim\u0101li no\u0146emt aplikumu un att\u012br\u012bt smaganu audus. M\u012bkst\u0101s \u0161\u0137iedras, kas satur akt\u012bvo ogli, maigi mas\u0113 smaganas un aizsarg\u0101 zobu emalju no aplikuma. Rokturis ir izgatavots no \u012bpa\u0161a biolo\u0123iski no\u0101rd\u0101ma materi\u0101la.<br \/>\n&nbsp;<\/p>\n","protected":false},"excerpt":{"rendered":"<p>RUBELLA DENTAL Charcoal zobu birste (\u012apa\u0161i m\u012bksta) 1 gab. Zobu birste ir izgatavota, izmantojot tehnolo\u0123iju, kas \u013cauj maksim\u0101li no\u0146emt aplikumu un att\u012br\u012bt smaganu audus. M\u012bkst\u0101s \u0161\u0137iedras, kas satur akt\u012bvo ogli, maigi mas\u0113 smaganas un aizsarg\u0101 zobu emalju no aplikuma. Rokturis ir izgatavots no \u012bpa\u0161a biolo\u0123iski no\u0101rd\u0101ma materi\u0101la. &nbsp;<\/p>\n","protected":false},"featured_media":100268,"template":"","meta":[],"product_cat":[1352],"product_tag":[],"class_list":{"0":"post-44380","1":"product","2":"type-product","3":"status-publish","4":"has-post-thumbnail","6":"product_brand-rubella-bg","7":"product_cat-zobu-birstes","9":"first","10":"instock","11":"taxable","12":"shipping-taxable","13":"product-type-simple"},"_links":{"self":[{"href":"https:\/\/e.kosmolat.eu\/lv\/wp-json\/wp\/v2\/product\/44380","targetHints":{"allow":["GET"]}}],"collection":[{"href":"https:\/\/e.kosmolat.eu\/lv\/wp-json\/wp\/v2\/product"}],"about":[{"href":"https:\/\/e.kosmolat.eu\/lv\/wp-json\/wp\/v2\/types\/product"}],"wp:featuredmedia":[{"embeddable":true,"href":"https:\/\/e.kosmolat.eu\/lv\/wp-json\/wp\/v2\/media\/100268"}],"wp:attachment":[{"href":"https:\/\/e.kosmolat.eu\/lv\/wp-json\/wp\/v2\/media?parent=44380"}],"wp:term":[{"taxonomy":"product_cat","embeddable":true,"href":"https:\/\/e.kosmolat.eu\/lv\/wp-json\/wp\/v2\/product_cat?post=44380"},{"taxonomy":"product_tag","embeddable":true,"href":"https:\/\/e.kosmolat.eu\/lv\/wp-json\/wp\/v2\/product_tag?post=44380"}],"curies":[{"name":"wp","href":"https:\/\/api.w.org\/{rel}","templated":true}]}}