{"id":44352,"date":"2024-02-02T05:06:12","date_gmt":"2024-02-02T05:06:12","guid":{"rendered":"https:\/\/e.kosmolat.eu\/product\/dental-pro-kids-bernu-zobu-pasta-0-3-50-ml\/"},"modified":"2025-02-10T14:44:28","modified_gmt":"2025-02-10T14:44:28","slug":"dental-pro-kids-bernu-zobu-pasta-0-3-50-ml","status":"publish","type":"product","link":"https:\/\/e.kosmolat.eu\/lv\/product\/dental-pro-kids-bernu-zobu-pasta-0-3-50-ml\/","title":{"rendered":"Dental Pro Kids B\u0113rnu zobu pasta, 0-3, 50 ml"},"content":{"rendered":"<p>\u017delejlveida zobu pasta ar zemu abrazivit\u0101ti, augstu t\u012br\u012b&scaron;anas sp\u0113ju un pat\u012bkams vani\u013cas arom\u0101tu. Nodro&scaron;ina pirmo aizsardz\u012bbu j\u016bsu mazu\u013ca zobiem un smagan\u0101m. Nesatur fluoru, nodro&scaron;ina smalko piena zobu un maigo smaganu kop&scaron;anu. Satur kumel\u012b&scaron;u ekstraktu, kas nomierina smaganas, un ksil\u012btu, dabisku saldin\u0101t\u0101ju kariesa profilaksei.<\/p>\n<p><strong>Lieto&scaron;ana: <\/strong>izspiediet zobu pastas daudzumu zir\u0146a lielum\u0101 uz b\u0113rna zobu birstes vai speci\u0101l\u0101 gumija uzpirkste\u0146a. Uzman\u012bgi izt\u012briet zobus, smaganas, m\u0113li. Lietot pieaugu&scaron;\u0101 uzraudz\u012bb\u0101, lai samazin\u0101tu nor\u012b&scaron;anas iesp\u0113ju.<br \/>\n&nbsp;<\/p>\n","protected":false},"excerpt":{"rendered":"<p>\u017delejlveida zobu pasta ar zemu abrazivit\u0101ti, augstu t\u012br\u012b&scaron;anas sp\u0113ju un pat\u012bkams vani\u013cas arom\u0101tu. Nodro&scaron;ina pirmo aizsardz\u012bbu j\u016bsu mazu\u013ca zobiem un smagan\u0101m. Nesatur fluoru, nodro&scaron;ina smalko piena zobu un maigo smaganu kop&scaron;anu. Satur kumel\u012b&scaron;u ekstraktu, kas nomierina smaganas, un ksil\u012btu, dabisku saldin\u0101t\u0101ju kariesa profilaksei. Lieto&scaron;ana: izspiediet zobu pastas daudzumu zir\u0146a lielum\u0101 uz b\u0113rna zobu birstes vai [&#8230;]\n","protected":false},"featured_media":44356,"template":"","meta":[],"product_cat":[1335],"product_tag":[],"class_list":{"0":"post-44352","1":"product","2":"type-product","3":"status-publish","4":"has-post-thumbnail","6":"product_brand-rubella-inopharm-dental-deba-mistergroomer-topten-quackquack","7":"product_cat-bernu-mutes-dobuma-higiena","9":"first","10":"outofstock","11":"taxable","12":"shipping-taxable","13":"product-type-simple"},"_links":{"self":[{"href":"https:\/\/e.kosmolat.eu\/lv\/wp-json\/wp\/v2\/product\/44352","targetHints":{"allow":["GET"]}}],"collection":[{"href":"https:\/\/e.kosmolat.eu\/lv\/wp-json\/wp\/v2\/product"}],"about":[{"href":"https:\/\/e.kosmolat.eu\/lv\/wp-json\/wp\/v2\/types\/product"}],"wp:featuredmedia":[{"embeddable":true,"href":"https:\/\/e.kosmolat.eu\/lv\/wp-json\/wp\/v2\/media\/44356"}],"wp:attachment":[{"href":"https:\/\/e.kosmolat.eu\/lv\/wp-json\/wp\/v2\/media?parent=44352"}],"wp:term":[{"taxonomy":"product_cat","embeddable":true,"href":"https:\/\/e.kosmolat.eu\/lv\/wp-json\/wp\/v2\/product_cat?post=44352"},{"taxonomy":"product_tag","embeddable":true,"href":"https:\/\/e.kosmolat.eu\/lv\/wp-json\/wp\/v2\/product_tag?post=44352"}],"curies":[{"name":"wp","href":"https:\/\/api.w.org\/{rel}","templated":true}]}}