{"id":44336,"date":"2024-02-02T05:05:35","date_gmt":"2024-02-02T05:05:35","guid":{"rendered":"https:\/\/e.kosmolat.eu\/product\/gardenia-smarzudens-sievietem-90-ml\/"},"modified":"2025-09-20T02:59:20","modified_gmt":"2025-09-20T02:59:20","slug":"gardenia-smarzudens-sievietem-90-ml","status":"publish","type":"product","link":"https:\/\/e.kosmolat.eu\/lv\/product\/gardenia-smarzudens-sievietem-90-ml\/","title":{"rendered":"Gardenia Smar\u017e\u016bdens sieviet\u0113m, 90 ml"},"content":{"rendered":"<p><strong>Smar\u017eu \u0123imene:<\/strong> ziedu, aug\u013cu.<\/p>\n<p><strong>Galven\u0101s notis:<\/strong> bumbieris, sarkan\u0101s ogas.<br \/>\n<strong>Sirds notis:<\/strong> gard\u0113nija, fran\u017eip\u0101ns.<br \/>\n<strong>Pamatnotis:<\/strong> pa\u010d\u016blija, niedru cukurs.<\/p>\n<p>Etilspirta tilpuma da\u013ca 80% tilp.<\/p>\n<p>Uzglab\u0101t temperat\u016br\u0101 no +5&deg;C l\u012bdz +25&deg;C, prom no apkures ier\u012bc\u0113m, sarg\u0101jot no tie&scaron;iem saules stariem.Tikai \u0101r\u012bgai lieto&scaron;anai. Izvair\u012bties no iek\u013c\u016b&scaron;anas ac\u012bs. Neizsmidzin\u0101t atv\u0113rtu liesmu tuvum\u0101. Lieto&scaron;ana p\u0101rtikas nol\u016bkos ir b\u012bstama dz\u012bv\u012bbai un vesel\u012bbai.&nbsp;<br \/>\n&nbsp;<\/p>\n","protected":false},"excerpt":{"rendered":"<p>Smar\u017eu \u0123imene: ziedu, aug\u013cu. Galven\u0101s notis: bumbieris, sarkan\u0101s ogas. Sirds notis: gard\u0113nija, fran\u017eip\u0101ns. Pamatnotis: pa\u010d\u016blija, niedru cukurs. Etilspirta tilpuma da\u013ca 80% tilp. Uzglab\u0101t temperat\u016br\u0101 no +5&deg;C l\u012bdz +25&deg;C, prom no apkures ier\u012bc\u0113m, sarg\u0101jot no tie&scaron;iem saules stariem.Tikai \u0101r\u012bgai lieto&scaron;anai. Izvair\u012bties no iek\u013c\u016b&scaron;anas ac\u012bs. Neizsmidzin\u0101t atv\u0113rtu liesmu tuvum\u0101. Lieto&scaron;ana p\u0101rtikas nol\u016bkos ir b\u012bstama dz\u012bv\u012bbai un vesel\u012bbai.&nbsp; [&#8230;]\n","protected":false},"featured_media":90486,"template":"","meta":[],"product_cat":[1445],"product_tag":[],"class_list":{"0":"post-44336","1":"product","2":"type-product","3":"status-publish","4":"has-post-thumbnail","6":"product_brand-parfum-by","7":"product_cat-sieviesu-smarzas-un-tualetes-udeni","9":"first","10":"outofstock","11":"taxable","12":"shipping-taxable","13":"product-type-simple"},"_links":{"self":[{"href":"https:\/\/e.kosmolat.eu\/lv\/wp-json\/wp\/v2\/product\/44336","targetHints":{"allow":["GET"]}}],"collection":[{"href":"https:\/\/e.kosmolat.eu\/lv\/wp-json\/wp\/v2\/product"}],"about":[{"href":"https:\/\/e.kosmolat.eu\/lv\/wp-json\/wp\/v2\/types\/product"}],"wp:featuredmedia":[{"embeddable":true,"href":"https:\/\/e.kosmolat.eu\/lv\/wp-json\/wp\/v2\/media\/90486"}],"wp:attachment":[{"href":"https:\/\/e.kosmolat.eu\/lv\/wp-json\/wp\/v2\/media?parent=44336"}],"wp:term":[{"taxonomy":"product_cat","embeddable":true,"href":"https:\/\/e.kosmolat.eu\/lv\/wp-json\/wp\/v2\/product_cat?post=44336"},{"taxonomy":"product_tag","embeddable":true,"href":"https:\/\/e.kosmolat.eu\/lv\/wp-json\/wp\/v2\/product_tag?post=44336"}],"curies":[{"name":"wp","href":"https:\/\/api.w.org\/{rel}","templated":true}]}}