{"id":44328,"date":"2024-02-02T05:05:18","date_gmt":"2024-02-02T05:05:18","guid":{"rendered":"https:\/\/e.kosmolat.eu\/product\/moy-smarzudens-sievietem-90-ml\/"},"modified":"2026-04-01T07:50:56","modified_gmt":"2026-04-01T07:50:56","slug":"moy-smarzudens-sievietem-90-ml","status":"publish","type":"product","link":"https:\/\/e.kosmolat.eu\/lv\/product\/moy-smarzudens-sievietem-90-ml\/","title":{"rendered":"Moy Smar\u017e\u016bdens sieviet\u0113m, 90 ml"},"content":{"rendered":"<p><strong>Smar\u017eu \u0123imene:<\/strong> ziedu, koksnes.<\/p>\n<p><strong>Galven\u0101s notis:<\/strong> lavanda, bergamote.<br \/>\n<strong>Sirds notis:<\/strong> sambaka jasm\u012bns, roze, \u012briss.<br \/>\n<strong>Pamatnotis: <\/strong>sandalkoks, Taiti vani\u013ca, pa\u010d\u016blija, benzo\u012bns, lakrica, kumar\u012bns.<\/p>\n<p>Etilspirta tilpuma da\u013ca 80% tilp.<\/p>\n<p>Uzglab\u0101t temperat\u016br\u0101 no +5&deg;C l\u012bdz +25&deg;C, prom no apkures ier\u012bc\u0113m, sarg\u0101jot no tie&scaron;iem saules stariem.Tikai \u0101r\u012bgai lieto&scaron;anai. Izvair\u012bties no iek\u013c\u016b&scaron;anas ac\u012bs. Neizsmidzin\u0101t atv\u0113rtu liesmu tuvum\u0101. Lieto&scaron;ana p\u0101rtikas nol\u016bkos ir b\u012bstama dz\u012bv\u012bbai un vesel\u012bbai.&nbsp;<br \/>\n&nbsp;<\/p>\n","protected":false},"excerpt":{"rendered":"<p>Smar\u017eu \u0123imene: ziedu, koksnes. Galven\u0101s notis: lavanda, bergamote. Sirds notis: sambaka jasm\u012bns, roze, \u012briss. Pamatnotis: sandalkoks, Taiti vani\u013ca, pa\u010d\u016blija, benzo\u012bns, lakrica, kumar\u012bns. Etilspirta tilpuma da\u013ca 80% tilp. Uzglab\u0101t temperat\u016br\u0101 no +5&deg;C l\u012bdz +25&deg;C, prom no apkures ier\u012bc\u0113m, sarg\u0101jot no tie&scaron;iem saules stariem.Tikai \u0101r\u012bgai lieto&scaron;anai. Izvair\u012bties no iek\u013c\u016b&scaron;anas ac\u012bs. Neizsmidzin\u0101t atv\u0113rtu liesmu tuvum\u0101. Lieto&scaron;ana p\u0101rtikas nol\u016bkos [&#8230;]\n","protected":false},"featured_media":90482,"template":"","meta":[],"product_cat":[1445],"product_tag":[],"class_list":{"0":"post-44328","1":"product","2":"type-product","3":"status-publish","4":"has-post-thumbnail","6":"product_brand-parfum-by","7":"product_cat-sieviesu-smarzas-un-tualetes-udeni","9":"first","10":"outofstock","11":"taxable","12":"shipping-taxable","13":"product-type-simple"},"_links":{"self":[{"href":"https:\/\/e.kosmolat.eu\/lv\/wp-json\/wp\/v2\/product\/44328","targetHints":{"allow":["GET"]}}],"collection":[{"href":"https:\/\/e.kosmolat.eu\/lv\/wp-json\/wp\/v2\/product"}],"about":[{"href":"https:\/\/e.kosmolat.eu\/lv\/wp-json\/wp\/v2\/types\/product"}],"wp:featuredmedia":[{"embeddable":true,"href":"https:\/\/e.kosmolat.eu\/lv\/wp-json\/wp\/v2\/media\/90482"}],"wp:attachment":[{"href":"https:\/\/e.kosmolat.eu\/lv\/wp-json\/wp\/v2\/media?parent=44328"}],"wp:term":[{"taxonomy":"product_cat","embeddable":true,"href":"https:\/\/e.kosmolat.eu\/lv\/wp-json\/wp\/v2\/product_cat?post=44328"},{"taxonomy":"product_tag","embeddable":true,"href":"https:\/\/e.kosmolat.eu\/lv\/wp-json\/wp\/v2\/product_tag?post=44328"}],"curies":[{"name":"wp","href":"https:\/\/api.w.org\/{rel}","templated":true}]}}