{"id":44324,"date":"2024-02-02T05:05:03","date_gmt":"2024-02-02T05:05:03","guid":{"rendered":"https:\/\/e.kosmolat.eu\/product\/bd-kids-univers-bernu-krems-ar-klingerit-un-sunisa-ekstra-75-ml\/"},"modified":"2025-08-14T12:57:04","modified_gmt":"2025-08-14T12:57:04","slug":"i_bd-kids-univers-bernu-krems-ar-klingerit-un-sunisa-ekstra-75-ml","status":"publish","type":"product","link":"https:\/\/e.kosmolat.eu\/lv\/product\/i_bd-kids-univers-bernu-krems-ar-klingerit-un-sunisa-ekstra-75-ml\/","title":{"rendered":"I_BD KIDS Univers.b\u0113rnu kr\u0113ms ar kli\u0146\u0123er\u012bt.un sun\u012b\u0161a ekstra., 75 ml"},"content":{"rendered":"<p>Univers\u0101ls b\u0113rnu kr\u0113ms ar kli\u0146\u0123er\u012btes un sun\u012b\u0161a ekstraktiem nodro\u0161ina b\u0113rna \u0101das dzi\u013cu mitrin\u0101\u0161anu. Piem\u0113rots ikdienas lieto\u0161anai.<\/p>\n<p><strong>Akt\u012bv\u0101s sast\u0101vda\u013cas:<\/strong> kli\u0146\u0123er\u012btes un sun\u012b\u0161a ekstrakti pal\u012bdz nomierin\u0101t \u0101du un nov\u0113r\u0161 aps\u0101rtumu. Arg\u0101ne\u013c\u013ca un makad\u0101mijas e\u013c\u013ca veicina \u0101das baro\u0161anu. Pantenols nomierina \u0101du.<\/p>\n<p><strong>Lieto\u0161ana:<\/strong> ar mas\u0101\u017eas kust\u012bb\u0101m uzkl\u0101t kr\u0113mu uz t\u012bras sausas \u0101das l\u012bdz tas piln\u012bb\u0101 uzs\u016bcas.<\/p>\n<p><strong>Piesardz\u012bbas pas\u0101kumi:<\/strong> pirms lieto\u0161anas p\u0101rbaud\u012bt kr\u0113mu uz neliela \u0101das laukuma. Ja rodas aler\u0123iska reakcija, p\u0101rtraukt lieto\u0161anu. Tikai \u0101r\u012bgai lieto\u0161anai.<\/p>\n<p><strong>Kontrindik\u0101cijas: <\/strong>individu\u0101la nepanes\u012bba pret kr\u0113ma sast\u0101vda\u013c\u0101m. Uzglab\u0101t temperat\u016br\u0101 no +5 &deg;C l\u012bdz +25 &deg;C un relat\u012bvaj\u0101 gaisa mitrum\u0101 55-70%, sarg\u0101jot no tie\u0161iem saules stariem, ne tuv\u0101k par vienu metru no siltuma avotiem.<\/p>\n<p><strong>Der\u012bguma termi\u0146\u0161: <\/strong>36 m\u0113ne\u0161i.<br \/>\n&nbsp;<\/p>\n","protected":false},"excerpt":{"rendered":"<p>Univers\u0101ls b\u0113rnu kr\u0113ms ar kli\u0146\u0123er\u012btes un sun\u012b\u0161a ekstraktiem nodro\u0161ina b\u0113rna \u0101das dzi\u013cu mitrin\u0101\u0161anu. Piem\u0113rots ikdienas lieto\u0161anai. Akt\u012bv\u0101s sast\u0101vda\u013cas: kli\u0146\u0123er\u012btes un sun\u012b\u0161a ekstrakti pal\u012bdz nomierin\u0101t \u0101du un nov\u0113r\u0161 aps\u0101rtumu. Arg\u0101ne\u013c\u013ca un makad\u0101mijas e\u013c\u013ca veicina \u0101das baro\u0161anu. Pantenols nomierina \u0101du. Lieto\u0161ana: ar mas\u0101\u017eas kust\u012bb\u0101m uzkl\u0101t kr\u0113mu uz t\u012bras sausas \u0101das l\u012bdz tas piln\u012bb\u0101 uzs\u016bcas. Piesardz\u012bbas pas\u0101kumi: pirms [&#8230;]\n","protected":false},"featured_media":12277,"template":"","meta":[],"product_cat":[1364],"product_tag":[],"class_list":{"0":"post-44324","1":"product","2":"type-product","3":"status-publish","4":"has-post-thumbnail","6":"product_brand-naturpro_ua","7":"product_cat-1364","9":"first","10":"outofstock","11":"taxable","12":"shipping-taxable","13":"product-type-simple"},"_links":{"self":[{"href":"https:\/\/e.kosmolat.eu\/lv\/wp-json\/wp\/v2\/product\/44324","targetHints":{"allow":["GET"]}}],"collection":[{"href":"https:\/\/e.kosmolat.eu\/lv\/wp-json\/wp\/v2\/product"}],"about":[{"href":"https:\/\/e.kosmolat.eu\/lv\/wp-json\/wp\/v2\/types\/product"}],"wp:featuredmedia":[{"embeddable":true,"href":"https:\/\/e.kosmolat.eu\/lv\/wp-json\/wp\/v2\/media\/12277"}],"wp:attachment":[{"href":"https:\/\/e.kosmolat.eu\/lv\/wp-json\/wp\/v2\/media?parent=44324"}],"wp:term":[{"taxonomy":"product_cat","embeddable":true,"href":"https:\/\/e.kosmolat.eu\/lv\/wp-json\/wp\/v2\/product_cat?post=44324"},{"taxonomy":"product_tag","embeddable":true,"href":"https:\/\/e.kosmolat.eu\/lv\/wp-json\/wp\/v2\/product_tag?post=44324"}],"curies":[{"name":"wp","href":"https:\/\/api.w.org\/{rel}","templated":true}]}}