{"id":44320,"date":"2024-02-02T05:04:44","date_gmt":"2024-02-02T05:04:44","guid":{"rendered":"https:\/\/e.kosmolat.eu\/product\/deba-roku-krems-natural-beauty-cocoa-75-ml\/"},"modified":"2026-04-22T11:20:54","modified_gmt":"2026-04-22T11:20:54","slug":"deba-roku-krems-natural-beauty-cocoa-75-ml","status":"publish","type":"product","link":"https:\/\/e.kosmolat.eu\/lv\/product\/deba-roku-krems-natural-beauty-cocoa-75-ml\/","title":{"rendered":"DeBa Roku kr\u0113ms Natural Beauty Cocoa, 75 ml"},"content":{"rendered":"<p>Nomierina, mitrina un baro roku \u0101du. Bag\u0101tin\u0101ts ar kakao sviestu, E vitam\u012bnu un \u0161\u012b sviestu sausas un lobo\u0161as \u0101das baro\u0161anai. Lietojot ikdien\u0101, tiek nodro\u0161in\u0101ts \u0101das komforts un elast\u012bba. Aizsarg\u0101 no aukstuma un v\u0113ja negat\u012bv\u0101s ietekmes.<\/p>\n<p><strong>Lieto\u0161ana:<\/strong> uzkl\u0101jiet kr\u0113mu uz t\u012bras un sausas roku \u0101das un nagiem. Viegli iemas\u0113jiet, l\u012bdz tas piln\u012bb\u0101 uzs\u016bcas.<br \/>\n&nbsp;<\/p>\n","protected":false},"excerpt":{"rendered":"<p>Nomierina, mitrina un baro roku \u0101du. Bag\u0101tin\u0101ts ar kakao sviestu, E vitam\u012bnu un \u0161\u012b sviestu sausas un lobo\u0161as \u0101das baro\u0161anai. Lietojot ikdien\u0101, tiek nodro\u0161in\u0101ts \u0101das komforts un elast\u012bba. Aizsarg\u0101 no aukstuma un v\u0113ja negat\u012bv\u0101s ietekmes. Lieto\u0161ana: uzkl\u0101jiet kr\u0113mu uz t\u012bras un sausas roku \u0101das un nagiem. Viegli iemas\u0113jiet, l\u012bdz tas piln\u012bb\u0101 uzs\u016bcas. &nbsp;<\/p>\n","protected":false},"featured_media":102210,"template":"","meta":[],"product_cat":[1999],"product_tag":[],"class_list":{"0":"post-44320","1":"product","2":"type-product","3":"status-publish","4":"has-post-thumbnail","6":"product_brand-rubella-bg","7":"product_cat-bez-kategorijas","9":"first","10":"instock","11":"taxable","12":"shipping-taxable","13":"product-type-simple"},"_links":{"self":[{"href":"https:\/\/e.kosmolat.eu\/lv\/wp-json\/wp\/v2\/product\/44320","targetHints":{"allow":["GET"]}}],"collection":[{"href":"https:\/\/e.kosmolat.eu\/lv\/wp-json\/wp\/v2\/product"}],"about":[{"href":"https:\/\/e.kosmolat.eu\/lv\/wp-json\/wp\/v2\/types\/product"}],"wp:featuredmedia":[{"embeddable":true,"href":"https:\/\/e.kosmolat.eu\/lv\/wp-json\/wp\/v2\/media\/102210"}],"wp:attachment":[{"href":"https:\/\/e.kosmolat.eu\/lv\/wp-json\/wp\/v2\/media?parent=44320"}],"wp:term":[{"taxonomy":"product_cat","embeddable":true,"href":"https:\/\/e.kosmolat.eu\/lv\/wp-json\/wp\/v2\/product_cat?post=44320"},{"taxonomy":"product_tag","embeddable":true,"href":"https:\/\/e.kosmolat.eu\/lv\/wp-json\/wp\/v2\/product_tag?post=44320"}],"curies":[{"name":"wp","href":"https:\/\/api.w.org\/{rel}","templated":true}]}}