{"id":44316,"date":"2024-02-02T05:04:27","date_gmt":"2024-02-02T05:04:27","guid":{"rendered":"https:\/\/e.kosmolat.eu\/product\/mr-hd-roku-krems-ar-5-urinv-75-ml\/"},"modified":"2026-04-23T07:43:46","modified_gmt":"2026-04-23T07:43:46","slug":"mr-hd-roku-krems-ar-5-urinv-75-ml","status":"publish","type":"product","link":"https:\/\/e.kosmolat.eu\/lv\/product\/mr-hd-roku-krems-ar-5-urinv-75-ml\/","title":{"rendered":"MR HD Roku kr\u0113ms ar 5% ur\u012bnv., 75 ml"},"content":{"rendered":"<p>Roku kr\u0113ms ar 5% ur\u012bnvielu, mande\u013cu un ka\u0146epju e\u013c\u013c\u0101m.&nbsp;\u012apa&scaron;a formula \u013coti sausai un saspr\u0113g\u0101ju&scaron;ai roku \u0101dai. Akt\u012bvo sast\u0101vda\u013cu kombin\u0101cija veicina \u0101tru \u0101das atjauno&scaron;anos un dzi\u013ci baro \u0101du. Kr\u0113ms \u0101tri uzs\u016bcas un neatst\u0101j taukainas p\u0113das. \u0100da ir barota, maiga un gluda. Piem\u0113rots sausai un saspr\u0113g\u0101ju&scaron;ai \u0101dai.<\/p>\n<p><strong>Akt\u012bv\u0101s sast\u0101vda\u013cas:<\/strong><\/p>\n<ul>\n<li>5% ur\u012bnviela &ndash; mitrina<\/li>\n<li>Mande\u013cu e\u013c\u013ca &ndash; baro<\/li>\n<li>Ka\u0146epju s\u0113klu e\u013c\u013ca &ndash; mitrina<\/li>\n<li>Sumaka ekstrakts &ndash; atjauno<\/li>\n<\/ul>\n<p><strong>Lieto&scaron;ana:<\/strong> uzkl\u0101t ar viegl\u0101m mas\u0101\u017eas kust\u012bb\u0101m, l\u012bdz piln\u012bb\u0101 uzs\u016bcas. Ja nok\u013c\u016bst ac\u012bs, r\u016bp\u012bgi izskalot ar \u016bdeni.<br \/>\n&nbsp;<\/p>\n","protected":false},"excerpt":{"rendered":"<p>Roku kr\u0113ms ar 5% ur\u012bnvielu, mande\u013cu un ka\u0146epju e\u013c\u013c\u0101m.&nbsp;\u012apa&scaron;a formula \u013coti sausai un saspr\u0113g\u0101ju&scaron;ai roku \u0101dai. Akt\u012bvo sast\u0101vda\u013cu kombin\u0101cija veicina \u0101tru \u0101das atjauno&scaron;anos un dzi\u013ci baro \u0101du. Kr\u0113ms \u0101tri uzs\u016bcas un neatst\u0101j taukainas p\u0113das. \u0100da ir barota, maiga un gluda. Piem\u0113rots sausai un saspr\u0113g\u0101ju&scaron;ai \u0101dai. Akt\u012bv\u0101s sast\u0101vda\u013cas: 5% ur\u012bnviela &ndash; mitrina Mande\u013cu e\u013c\u013ca &ndash; baro [&#8230;]\n","protected":false},"featured_media":89430,"template":"","meta":[],"product_cat":[1305],"product_tag":[],"class_list":{"0":"post-44316","1":"product","2":"type-product","3":"status-publish","4":"has-post-thumbnail","6":"product_brand-rubella-bg","7":"product_cat-1305","9":"first","10":"instock","11":"taxable","12":"shipping-taxable","13":"product-type-simple"},"_links":{"self":[{"href":"https:\/\/e.kosmolat.eu\/lv\/wp-json\/wp\/v2\/product\/44316","targetHints":{"allow":["GET"]}}],"collection":[{"href":"https:\/\/e.kosmolat.eu\/lv\/wp-json\/wp\/v2\/product"}],"about":[{"href":"https:\/\/e.kosmolat.eu\/lv\/wp-json\/wp\/v2\/types\/product"}],"wp:featuredmedia":[{"embeddable":true,"href":"https:\/\/e.kosmolat.eu\/lv\/wp-json\/wp\/v2\/media\/89430"}],"wp:attachment":[{"href":"https:\/\/e.kosmolat.eu\/lv\/wp-json\/wp\/v2\/media?parent=44316"}],"wp:term":[{"taxonomy":"product_cat","embeddable":true,"href":"https:\/\/e.kosmolat.eu\/lv\/wp-json\/wp\/v2\/product_cat?post=44316"},{"taxonomy":"product_tag","embeddable":true,"href":"https:\/\/e.kosmolat.eu\/lv\/wp-json\/wp\/v2\/product_tag?post=44316"}],"curies":[{"name":"wp","href":"https:\/\/api.w.org\/{rel}","templated":true}]}}