{"id":44308,"date":"2024-02-02T05:04:09","date_gmt":"2024-02-02T05:04:09","guid":{"rendered":"https:\/\/e.kosmolat.eu\/product\/inoph-pe-sejas-serums-ar-retinolu-30-ml\/"},"modified":"2026-04-20T10:10:57","modified_gmt":"2026-04-20T10:10:57","slug":"inoph-pe-sejas-serums-ar-retinolu-30-ml","status":"publish","type":"product","link":"https:\/\/e.kosmolat.eu\/lv\/product\/inoph-pe-sejas-serums-ar-retinolu-30-ml\/","title":{"rendered":"INOPH.PE Sejas serums ar retinolu, 30 ml"},"content":{"rendered":"<p>Pretnoveco\u0161an\u0101s formula: liftinga serums ar 2% retinolu. Retinols, zin\u0101ms ar\u012b k\u0101 A vitam\u012bns, tiek uzskat\u012bts par vienu no efekt\u012bv\u0101kaj\u0101m sast\u0101vda\u013c\u0101m c\u012b\u0146\u0101 pret grumb\u0101m, kas pal\u0113nina noveco\u0161an\u0101s procesu.<\/p>\n<p><strong>Lieto\u0161ana:<\/strong> uzkl\u0101jiet 4-5 pilienus uz nakti uz labi att\u012br\u012btas un sausas \u0101das, izvairoties no acu zonas, un maigi iemas\u0113jiet. Pirms n\u0101kam\u0101 produkta uzkl\u0101\u0161anas \u013caujiet \u0101dai piln\u012bb\u0101 no\u017e\u016bt.<\/p>\n","protected":false},"excerpt":{"rendered":"<p>Pretnoveco\u0161an\u0101s formula: liftinga serums ar 2% retinolu. Retinols, zin\u0101ms ar\u012b k\u0101 A vitam\u012bns, tiek uzskat\u012bts par vienu no efekt\u012bv\u0101kaj\u0101m sast\u0101vda\u013c\u0101m c\u012b\u0146\u0101 pret grumb\u0101m, kas pal\u0113nina noveco\u0161an\u0101s procesu. Lieto\u0161ana: uzkl\u0101jiet 4-5 pilienus uz nakti uz labi att\u012br\u012btas un sausas \u0101das, izvairoties no acu zonas, un maigi iemas\u0113jiet. Pirms n\u0101kam\u0101 produkta uzkl\u0101\u0161anas \u013caujiet \u0101dai piln\u012bb\u0101 no\u017e\u016bt.<\/p>\n","protected":false},"featured_media":105106,"template":"","meta":[],"product_cat":[1325],"product_tag":[],"class_list":{"0":"post-44308","1":"product","2":"type-product","3":"status-publish","4":"has-post-thumbnail","6":"product_brand-rubella-bg","7":"product_cat-serumi","9":"first","10":"instock","11":"taxable","12":"shipping-taxable","13":"product-type-simple"},"_links":{"self":[{"href":"https:\/\/e.kosmolat.eu\/lv\/wp-json\/wp\/v2\/product\/44308","targetHints":{"allow":["GET"]}}],"collection":[{"href":"https:\/\/e.kosmolat.eu\/lv\/wp-json\/wp\/v2\/product"}],"about":[{"href":"https:\/\/e.kosmolat.eu\/lv\/wp-json\/wp\/v2\/types\/product"}],"wp:featuredmedia":[{"embeddable":true,"href":"https:\/\/e.kosmolat.eu\/lv\/wp-json\/wp\/v2\/media\/105106"}],"wp:attachment":[{"href":"https:\/\/e.kosmolat.eu\/lv\/wp-json\/wp\/v2\/media?parent=44308"}],"wp:term":[{"taxonomy":"product_cat","embeddable":true,"href":"https:\/\/e.kosmolat.eu\/lv\/wp-json\/wp\/v2\/product_cat?post=44308"},{"taxonomy":"product_tag","embeddable":true,"href":"https:\/\/e.kosmolat.eu\/lv\/wp-json\/wp\/v2\/product_tag?post=44308"}],"curies":[{"name":"wp","href":"https:\/\/api.w.org\/{rel}","templated":true}]}}