{"id":44300,"date":"2024-02-02T05:03:37","date_gmt":"2024-02-02T05:03:37","guid":{"rendered":"https:\/\/e.kosmolat.eu\/product\/inoph-pe-ella-sejai-un-kaklam-ar-naktssv-mezroz-bioel-un-evit-30-ml\/"},"modified":"2026-04-22T09:28:05","modified_gmt":"2026-04-22T09:28:05","slug":"inoph-pe-ella-sejai-un-kaklam-ar-naktssv-mezroz-bioel-un-evit-30-ml","status":"publish","type":"product","link":"https:\/\/e.kosmolat.eu\/lv\/product\/inoph-pe-ella-sejai-un-kaklam-ar-naktssv-mezroz-bioel-un-evit-30-ml\/","title":{"rendered":"INOPH.PE E\u013cla sejai un kaklam ar naktssv.me\u017eroz.bioe\u013c. un Evit., 30 ml"},"content":{"rendered":"<p>Bag\u0101t\u012bga formula: barojo\u0161as naktssveces un me\u017eroz\u012b\u0161u bioe\u013c\u013cas.<\/p>\n<p>Me\u017eroz\u012b\u0161u e\u013c\u013ca mitrina, pal\u0113nina noveco\u0161an\u0101s procesus, stimul\u0113 dabisko \u0101das atjauno\u0161anos un ilg\u0101k saglab\u0101 svaiguma saj\u016btu. Naktssveces e\u013c\u013ca uzlabo elast\u012bbu, \u0101das dabisko aizsargfunkciju un paaugstina mitruma l\u012bmeni. E vitam\u012bns m\u012bkstina, pie\u0161\u0137ir elast\u012bbu.<\/p>\n<p><strong>Lieto\u0161ana:<\/strong> uzkl\u0101t uz sejas un kakla \u0101das, mas\u0113t l\u012bdz t\u0101 piln\u012bb\u0101 uzs\u016bcas. Ja nok\u013c\u016bst ac\u012bs, r\u016bp\u012bgi izskalojiet ar \u016bdeni.&nbsp;<br \/>\n&nbsp;<\/p>\n","protected":false},"excerpt":{"rendered":"<p>Bag\u0101t\u012bga formula: barojo\u0161as naktssveces un me\u017eroz\u012b\u0161u bioe\u013c\u013cas. Me\u017eroz\u012b\u0161u e\u013c\u013ca mitrina, pal\u0113nina noveco\u0161an\u0101s procesus, stimul\u0113 dabisko \u0101das atjauno\u0161anos un ilg\u0101k saglab\u0101 svaiguma saj\u016btu. Naktssveces e\u013c\u013ca uzlabo elast\u012bbu, \u0101das dabisko aizsargfunkciju un paaugstina mitruma l\u012bmeni. E vitam\u012bns m\u012bkstina, pie\u0161\u0137ir elast\u012bbu. Lieto\u0161ana: uzkl\u0101t uz sejas un kakla \u0101das, mas\u0113t l\u012bdz t\u0101 piln\u012bb\u0101 uzs\u016bcas. Ja nok\u013c\u016bst ac\u012bs, r\u016bp\u012bgi izskalojiet [&#8230;]\n","protected":false},"featured_media":101550,"template":"","meta":[],"product_cat":[1999],"product_tag":[],"class_list":{"0":"post-44300","1":"product","2":"type-product","3":"status-publish","4":"has-post-thumbnail","6":"product_brand-rubella-bg","7":"product_cat-bez-kategorijas","9":"first","10":"instock","11":"taxable","12":"shipping-taxable","13":"product-type-simple"},"_links":{"self":[{"href":"https:\/\/e.kosmolat.eu\/lv\/wp-json\/wp\/v2\/product\/44300","targetHints":{"allow":["GET"]}}],"collection":[{"href":"https:\/\/e.kosmolat.eu\/lv\/wp-json\/wp\/v2\/product"}],"about":[{"href":"https:\/\/e.kosmolat.eu\/lv\/wp-json\/wp\/v2\/types\/product"}],"wp:featuredmedia":[{"embeddable":true,"href":"https:\/\/e.kosmolat.eu\/lv\/wp-json\/wp\/v2\/media\/101550"}],"wp:attachment":[{"href":"https:\/\/e.kosmolat.eu\/lv\/wp-json\/wp\/v2\/media?parent=44300"}],"wp:term":[{"taxonomy":"product_cat","embeddable":true,"href":"https:\/\/e.kosmolat.eu\/lv\/wp-json\/wp\/v2\/product_cat?post=44300"},{"taxonomy":"product_tag","embeddable":true,"href":"https:\/\/e.kosmolat.eu\/lv\/wp-json\/wp\/v2\/product_tag?post=44300"}],"curies":[{"name":"wp","href":"https:\/\/api.w.org\/{rel}","templated":true}]}}