{"id":44292,"date":"2024-02-02T05:03:18","date_gmt":"2024-02-02T05:03:18","guid":{"rendered":"https:\/\/e.kosmolat.eu\/product\/deba-nb-mitrin-matu-maska-ar-kokosr-un-organ-arganellu-500-ml\/"},"modified":"2026-04-22T08:11:10","modified_gmt":"2026-04-22T08:11:10","slug":"deba-nb-mitrin-matu-maska-ar-kokosr-un-organ-arganellu-500-ml","status":"publish","type":"product","link":"https:\/\/e.kosmolat.eu\/lv\/product\/deba-nb-mitrin-matu-maska-ar-kokosr-un-organ-arganellu-500-ml\/","title":{"rendered":"DeBa NB Mitrin.matu maska ar kokosr.un organ.arg\u0101ne\u013clu, 500 ml"},"content":{"rendered":"<p>Maska pl\u0101niem un nov\u0101jin\u0101tiem matiem ar kokosriekstu un organisko arg\u0101na e\u013c\u013cu. Baro matus, padarot tos m\u012bkstus un elast\u012bgus. 93% dab\u012bgo sast\u0101vda\u013cu.&nbsp;<\/p>\n<p><strong>Lieto\u0161ana:<\/strong> uzkl\u0101jiet uz izmazg\u0101tiem matiem, \u012bpa\u0161u uzman\u012bbu piev\u0113r\u0161ot sausiem matu galiem. \u013baujiet iedarboties da\u017eas min\u016btes un noskalojiet.<br \/>\n&nbsp;<\/p>\n","protected":false},"excerpt":{"rendered":"<p>Maska pl\u0101niem un nov\u0101jin\u0101tiem matiem ar kokosriekstu un organisko arg\u0101na e\u013c\u013cu. Baro matus, padarot tos m\u012bkstus un elast\u012bgus. 93% dab\u012bgo sast\u0101vda\u013cu.&nbsp; Lieto\u0161ana: uzkl\u0101jiet uz izmazg\u0101tiem matiem, \u012bpa\u0161u uzman\u012bbu piev\u0113r\u0161ot sausiem matu galiem. \u013baujiet iedarboties da\u017eas min\u016btes un noskalojiet. &nbsp;<\/p>\n","protected":false},"featured_media":102243,"template":"","meta":[],"product_cat":[1999],"product_tag":[],"class_list":{"0":"post-44292","1":"product","2":"type-product","3":"status-publish","4":"has-post-thumbnail","6":"product_brand-rubella-bg","7":"product_cat-bez-kategorijas","9":"first","10":"instock","11":"taxable","12":"shipping-taxable","13":"product-type-simple"},"_links":{"self":[{"href":"https:\/\/e.kosmolat.eu\/lv\/wp-json\/wp\/v2\/product\/44292","targetHints":{"allow":["GET"]}}],"collection":[{"href":"https:\/\/e.kosmolat.eu\/lv\/wp-json\/wp\/v2\/product"}],"about":[{"href":"https:\/\/e.kosmolat.eu\/lv\/wp-json\/wp\/v2\/types\/product"}],"wp:featuredmedia":[{"embeddable":true,"href":"https:\/\/e.kosmolat.eu\/lv\/wp-json\/wp\/v2\/media\/102243"}],"wp:attachment":[{"href":"https:\/\/e.kosmolat.eu\/lv\/wp-json\/wp\/v2\/media?parent=44292"}],"wp:term":[{"taxonomy":"product_cat","embeddable":true,"href":"https:\/\/e.kosmolat.eu\/lv\/wp-json\/wp\/v2\/product_cat?post=44292"},{"taxonomy":"product_tag","embeddable":true,"href":"https:\/\/e.kosmolat.eu\/lv\/wp-json\/wp\/v2\/product_tag?post=44292"}],"curies":[{"name":"wp","href":"https:\/\/api.w.org\/{rel}","templated":true}]}}