{"id":44284,"date":"2024-02-02T05:03:04","date_gmt":"2024-02-02T05:03:04","guid":{"rendered":"https:\/\/e.kosmolat.eu\/product\/dental-tra-la-la-bernu-z-p-ar-m-zemenes-garsu-50-ml\/"},"modified":"2026-04-23T13:09:06","modified_gmt":"2026-04-23T13:09:06","slug":"dental-tra-la-la-bernu-z-p-ar-m-zemenes-garsu-50-ml","status":"publish","type":"product","link":"https:\/\/e.kosmolat.eu\/lv\/product\/dental-tra-la-la-bernu-z-p-ar-m-zemenes-garsu-50-ml\/","title":{"rendered":"DENTAL TRA-LA-LA B\u0113rnu z\/p ar m.zemenes gar\u0161u, 50 ml"},"content":{"rendered":"<p>Nodro\u0161ina efekt\u012bvu aizsardz\u012bbu pret kariesu un jut\u012bgu b\u0113rnu zobu profilaksi. Kalcija lakt\u0101ts bag\u0101tina zobus ar kalciju un stiprina zobu emalju, bet n\u0101trija monofluorfosf\u0101ts nov\u0113r\u0161 kariesu. Pat\u012bkam\u0101 me\u017ea zemenes gar\u0161a padara zobu pastu par iecien\u012btu produktu ikvienam b\u0113rnam.<\/p>\n<p><strong>Lieto\u0161ana un piesardz\u012bbas pas\u0101kumi:<\/strong> b\u0113rniem vecum\u0101 l\u012bdz 6 gadiem: lietot pastu zir\u0146a lielum\u0101 un t\u012br\u012bt zobus pieaugu\u0161\u0101 uzraudz\u012bb\u0101, lai samazin\u0101tu nor\u012b\u0161anas iesp\u0113ju. Ja lietojat citus fluoru saturo\u0161us l\u012bdzek\u013cus, konsult\u0113jieties ar zob\u0101rstu vai \u0101rstu. Satur n\u0101trija monofluorfosf\u0101tu. N\u0101trija monofluorfosf\u0101ta masas da\u013ca 0,065%, kas apr\u0113\u0137in\u0101ti k\u0101 F.<\/p>\n","protected":false},"excerpt":{"rendered":"<p>Nodro\u0161ina efekt\u012bvu aizsardz\u012bbu pret kariesu un jut\u012bgu b\u0113rnu zobu profilaksi. Kalcija lakt\u0101ts bag\u0101tina zobus ar kalciju un stiprina zobu emalju, bet n\u0101trija monofluorfosf\u0101ts nov\u0113r\u0161 kariesu. Pat\u012bkam\u0101 me\u017ea zemenes gar\u0161a padara zobu pastu par iecien\u012btu produktu ikvienam b\u0113rnam. Lieto\u0161ana un piesardz\u012bbas pas\u0101kumi: b\u0113rniem vecum\u0101 l\u012bdz 6 gadiem: lietot pastu zir\u0146a lielum\u0101 un t\u012br\u012bt zobus pieaugu\u0161\u0101 uzraudz\u012bb\u0101, [&#8230;]\n","protected":false},"featured_media":100820,"template":"","meta":[],"product_cat":[1335],"product_tag":[],"class_list":{"0":"post-44284","1":"product","2":"type-product","3":"status-publish","4":"has-post-thumbnail","6":"product_brand-rubella-bg","7":"product_cat-bernu-mutes-dobuma-higiena","9":"first","10":"instock","11":"taxable","12":"shipping-taxable","13":"product-type-simple"},"_links":{"self":[{"href":"https:\/\/e.kosmolat.eu\/lv\/wp-json\/wp\/v2\/product\/44284","targetHints":{"allow":["GET"]}}],"collection":[{"href":"https:\/\/e.kosmolat.eu\/lv\/wp-json\/wp\/v2\/product"}],"about":[{"href":"https:\/\/e.kosmolat.eu\/lv\/wp-json\/wp\/v2\/types\/product"}],"wp:featuredmedia":[{"embeddable":true,"href":"https:\/\/e.kosmolat.eu\/lv\/wp-json\/wp\/v2\/media\/100820"}],"wp:attachment":[{"href":"https:\/\/e.kosmolat.eu\/lv\/wp-json\/wp\/v2\/media?parent=44284"}],"wp:term":[{"taxonomy":"product_cat","embeddable":true,"href":"https:\/\/e.kosmolat.eu\/lv\/wp-json\/wp\/v2\/product_cat?post=44284"},{"taxonomy":"product_tag","embeddable":true,"href":"https:\/\/e.kosmolat.eu\/lv\/wp-json\/wp\/v2\/product_tag?post=44284"}],"curies":[{"name":"wp","href":"https:\/\/api.w.org\/{rel}","templated":true}]}}