{"id":44261,"date":"2024-02-01T14:29:47","date_gmt":"2024-02-01T14:29:47","guid":{"rendered":"https:\/\/e.kosmolat.eu\/product\/ceramed-cera-krems-rokam-ultra-mitrinoss-75-ml\/"},"modified":"2025-09-19T20:51:12","modified_gmt":"2025-09-19T20:51:12","slug":"ceramed-cera-krems-rokam-ultra-mitrinoss-75-ml","status":"publish","type":"product","link":"https:\/\/e.kosmolat.eu\/lv\/product\/ceramed-cera-krems-rokam-ultra-mitrinoss-75-ml\/","title":{"rendered":"Ceramed Cera-kr\u0113ms rok\u0101m Ultra mitrino\u0161s, 75 ml"},"content":{"rendered":"<p>Roku \u0101da ir visbie\u017e\u0101k pak\u013cauta apk\u0101rt\u0113j\u0101s vides agres\u012bvai iedarb\u012bbai. \u016adens daudzums, temperat\u016bras mai\u0146a un saules stari samazina \u0101das lip\u012bdu sl\u0101ni un mitruma rezerves taj\u0101. \u0100da zaud\u0113 savu elast\u012bbu. Sast\u0101vda\u013cu biosiner\u0123ija \u013cauj cera-kr\u0113mam dzi\u013ci mitrin\u0101t un intens\u012bvi barot roku \u0101du, padara to maigu un mitrin\u0101tu ilgsto\u0161am laika posmam. Ide\u0101li piem\u0113rots  \u013coti sausai uz kairin\u0101jumiem tend\u0113tai \u0101dai.\n<\/p>\n<p>B\u0101zes princips Ceramed produktu veido\u0161an\u0101 ir sast\u0101vda\u013cu biosiner\u0123ija ar pier\u0101d\u012btu efektivit\u0101ti, kas ir v\u0113rsta uz konkr\u0113tu uzdevumu risin\u0101\u0161anai. Keram\u012bdi &#8211; ragsl\u0101\u0146a strukt\u016bras pamatelementi, ietekm\u0113 \u0101das caurlaid\u012bbu abos virzienos. Pilda starp\u0161\u016bnu lip\u012bdu cementa funkciju. \u0100das boj\u0101jumu gad\u012bjum\u0101 \u2013 papildina starp\u0161\u016bnu telpu, samazina transepiderm\u0101lo mitruma zudumu.\n<\/p>\n<p>Emolenti \u2013 rada aizsargbarjeru uz \u0101das virsmas, uztur taj\u0101 mitrumu un aizsarg\u0101jot \u0101du pret \u0101r\u0113jo iedarb\u012bbu. Lieto\u0161ana: uzkl\u0101t nepiecie\u0161amu kr\u0113ma daudzumu uzkl\u0101t uz roku \u0101das un izsm\u0113r\u0113t mas\u0113jo\u0161\u0101m kust\u012bb\u0101m. Nepiecie\u0161am\u012bbas gad\u012bjum\u0101 uzkl\u0101t dienas garum\u0101.\n<\/p>\n<p>Pirms lieto\u0161anas veikt testu uz aler\u0123isku reakciju. Iesp\u0113jama sast\u0101vda\u013cu individu\u0101l\u0101 nepanesam\u012bba. Aler\u0123ijas risks tiek minimaliz\u0113ts.<\/p>\n","protected":false},"excerpt":{"rendered":"<p>Roku \u0101da ir visbie\u017e\u0101k pak\u013cauta apk\u0101rt\u0113j\u0101s vides agres\u012bvai iedarb\u012bbai. \u016adens daudzums, temperat\u016bras mai\u0146a un saules stari samazina \u0101das lip\u012bdu sl\u0101ni un mitruma rezerves taj\u0101. \u0100da zaud\u0113 savu elast\u012bbu. Sast\u0101vda\u013cu biosiner\u0123ija \u013cauj cera-kr\u0113mam dzi\u013ci mitrin\u0101t un intens\u012bvi barot roku \u0101du, padara to maigu un mitrin\u0101tu ilgsto\u0161am laika posmam. Ide\u0101li piem\u0113rots \u013coti sausai uz kairin\u0101jumiem tend\u0113tai \u0101dai. [&#8230;]\n","protected":false},"featured_media":84382,"template":"","meta":[],"product_cat":[1302],"product_tag":[],"class_list":{"0":"post-44261","1":"product","2":"type-product","3":"status-publish","4":"has-post-thumbnail","6":"product_brand-vecie-kodi","7":"product_cat-roku-kopsanas-kosmetika","9":"first","10":"outofstock","11":"taxable","12":"shipping-taxable","13":"product-type-simple"},"_links":{"self":[{"href":"https:\/\/e.kosmolat.eu\/lv\/wp-json\/wp\/v2\/product\/44261","targetHints":{"allow":["GET"]}}],"collection":[{"href":"https:\/\/e.kosmolat.eu\/lv\/wp-json\/wp\/v2\/product"}],"about":[{"href":"https:\/\/e.kosmolat.eu\/lv\/wp-json\/wp\/v2\/types\/product"}],"wp:featuredmedia":[{"embeddable":true,"href":"https:\/\/e.kosmolat.eu\/lv\/wp-json\/wp\/v2\/media\/84382"}],"wp:attachment":[{"href":"https:\/\/e.kosmolat.eu\/lv\/wp-json\/wp\/v2\/media?parent=44261"}],"wp:term":[{"taxonomy":"product_cat","embeddable":true,"href":"https:\/\/e.kosmolat.eu\/lv\/wp-json\/wp\/v2\/product_cat?post=44261"},{"taxonomy":"product_tag","embeddable":true,"href":"https:\/\/e.kosmolat.eu\/lv\/wp-json\/wp\/v2\/product_tag?post=44261"}],"curies":[{"name":"wp","href":"https:\/\/api.w.org\/{rel}","templated":true}]}}