{"id":44253,"date":"2024-02-01T14:29:01","date_gmt":"2024-02-01T14:29:01","guid":{"rendered":"https:\/\/e.kosmolat.eu\/product\/i_dk-maska-ekspress-atjaunosana-mirdzoss-izskats-pec-20-min\/"},"modified":"2025-09-19T16:35:07","modified_gmt":"2025-09-19T16:35:07","slug":"i_dk-maska-ekspress-atjaunosana-mirdzoss-izskats-pec-20-min","status":"publish","type":"product","link":"https:\/\/e.kosmolat.eu\/lv\/product\/i_dk-maska-ekspress-atjaunosana-mirdzoss-izskats-pec-20-min\/","title":{"rendered":"I_&#8221;DK&#8221; Maska &#8220;Ekspress atjauno\u0161ana&#8221; &#8220;Mirdzo\u0161s izskats p\u0113c 20 min.&#8221;"},"content":{"rendered":"<p>Maska satur komponentus, kuri pretojas ac\u012bmredzam\u0101m noveco\u0161an\u0101s paz\u012bm\u0113m. Pamatsast\u0101vda\u013ca dab\u012bgajam, mitrino\u0161ajam faktoram ir n\u0101trija hialuron\u0101ts. Tas efekt\u012bvi uzlabo \u0101das virs\u0113jo sl\u0101\u0146u sp\u0113ju notur\u0113t mitrumu. Augu keram\u012bdi atjauno \u0101das aizsarg\u0101jo\u0161o lip\u012bdu sl\u0101ni, k\u0101 rezult\u0101t\u0101 samazin\u0101sies \u0101das jut\u012bgums, tiks nov\u0113rsts sausums un lob\u012b\u0161an\u0101s, iev\u0113rojami uzlabosies \u0101das elast\u012bba. Siner\u0123\u0113tiski darbojo\u0161ie magnija, n\u0101trija, cinka un mang\u0101na s\u0101\u013ci, kuri kontrol\u0113 \u0101das ener\u0123\u0113tiku un kolag\u0113na veido\u0161anu, nodro\u0161ina \u0101dai nepiecie\u0161amo baro\u0161anu un dab\u012bgo hidrat\u0101ciju, atjauno, uzlabo \u0101das kr\u0101su, t\u0101s tekst\u016bru, pie\u0161\u0137ir tai iek\u0161\u0113jo mirdzumu, svaigumu un tvirtumu. To iedarb\u012bba ir \u012bpa\u0161i akt\u012bva nedz\u012bvai sejas kr\u0101sai un an\u0113miskai, noguru\u0161ai \u0101dai. Piem\u0113rota visiem \u0101du tipiem. <\/p>\n<h4>Lieto\u0161ana: <\/h4>\n<p>Atveriet iepakojumu, pa\u0146emiet masku, atveriet to! Uzlieciet to uz iepriek\u0161 att\u012br\u012btas sejas \u0101das, lai t\u0101 maksim\u0101li piegu\u013c, izveidojot sejas reljefu! No\u0146emiet masku p\u0113c 20 &#8211; 25 min.! \u0160\u0137idruma p\u0101rpalikumus maigi iespiediet \u0101d\u0101 ar pirkstu gali\u0146iem! Iesak\u0101m pabeigt proced\u016bru ar J\u016bsu \u0101das tipam atbilsto\u0161a kr\u0113ma uzkl\u0101\u0161anu. Maska ir apr\u0113\u0137in\u0101ta vienreiz\u0113jai lieto\u0161anai.\u00a0<\/p>\n","protected":false},"excerpt":{"rendered":"<p>Maska satur komponentus, kuri pretojas ac\u012bmredzam\u0101m noveco\u0161an\u0101s paz\u012bm\u0113m. Pamatsast\u0101vda\u013ca dab\u012bgajam, mitrino\u0161ajam faktoram ir n\u0101trija hialuron\u0101ts. Tas efekt\u012bvi uzlabo \u0101das virs\u0113jo sl\u0101\u0146u sp\u0113ju notur\u0113t mitrumu. Augu keram\u012bdi atjauno \u0101das aizsarg\u0101jo\u0161o lip\u012bdu sl\u0101ni, k\u0101 rezult\u0101t\u0101 samazin\u0101sies \u0101das jut\u012bgums, tiks nov\u0113rsts sausums un lob\u012b\u0161an\u0101s, iev\u0113rojami uzlabosies \u0101das elast\u012bba. Siner\u0123\u0113tiski darbojo\u0161ie magnija, n\u0101trija, cinka un mang\u0101na s\u0101\u013ci, kuri kontrol\u0113 [&#8230;]\n","protected":false},"featured_media":79778,"template":"","meta":[],"product_cat":[1369],"product_tag":[],"class_list":{"0":"post-44253","1":"product","2":"type-product","3":"status-publish","4":"has-post-thumbnail","6":"product_brand-malina-akcija","7":"product_cat-veido-kaukes","9":"first","10":"outofstock","11":"taxable","12":"shipping-taxable","13":"product-type-simple"},"_links":{"self":[{"href":"https:\/\/e.kosmolat.eu\/lv\/wp-json\/wp\/v2\/product\/44253","targetHints":{"allow":["GET"]}}],"collection":[{"href":"https:\/\/e.kosmolat.eu\/lv\/wp-json\/wp\/v2\/product"}],"about":[{"href":"https:\/\/e.kosmolat.eu\/lv\/wp-json\/wp\/v2\/types\/product"}],"wp:featuredmedia":[{"embeddable":true,"href":"https:\/\/e.kosmolat.eu\/lv\/wp-json\/wp\/v2\/media\/79778"}],"wp:attachment":[{"href":"https:\/\/e.kosmolat.eu\/lv\/wp-json\/wp\/v2\/media?parent=44253"}],"wp:term":[{"taxonomy":"product_cat","embeddable":true,"href":"https:\/\/e.kosmolat.eu\/lv\/wp-json\/wp\/v2\/product_cat?post=44253"},{"taxonomy":"product_tag","embeddable":true,"href":"https:\/\/e.kosmolat.eu\/lv\/wp-json\/wp\/v2\/product_tag?post=44253"}],"curies":[{"name":"wp","href":"https:\/\/api.w.org\/{rel}","templated":true}]}}