{"id":44245,"date":"2024-02-01T14:28:38","date_gmt":"2024-02-01T14:28:38","guid":{"rendered":"https:\/\/e.kosmolat.eu\/product\/caramel-depilacijas-krems-jutigai-adai-pret-matinu-ieaugsanu-100-ml\/"},"modified":"2026-04-22T13:28:58","modified_gmt":"2026-04-22T13:28:58","slug":"lady-caramel-depilacijas-krems-jutigai-adai-pret-matinu-ieaugsanu-100-ml","status":"publish","type":"product","link":"https:\/\/e.kosmolat.eu\/lv\/product\/lady-caramel-depilacijas-krems-jutigai-adai-pret-matinu-ieaugsanu-100-ml\/","title":{"rendered":"Lady Caramel Depil\u0101cijas kr\u0113ms &#8220;Jut\u012bgai \u0101dai&#8221; pret mati\u0146u ieaug\u0161anu, 100 ml"},"content":{"rendered":"<p>Kr\u0113ms \u0137erme\u0146a depil\u0101cijai, jut\u012bgai \u0101dai. Efekt\u012bvs \u0101tras iedarb\u012bbas l\u012bdzeklis nodro&scaron;ina delik\u0101tu matu likvid\u0113&scaron;anu. Veicina matu ieaug&scaron;anas nov\u0113r&scaron;anu. Intens\u012bvi mitrina, nomierina aps\u0101rtumus, kav\u0113 kairin\u0101juma re&scaron;anos. Satur argana, kakao, karit\u0113, avokado e\u013c\u013cas un papa\u012bnu.<\/p>\n<p><strong>Lieto&scaron;ana:<\/strong><\/p>\n<p>1. Izmazg\u0101t ar \u016bdeni \u0101das laukumu, uz kura v\u0113laties uzkl\u0101t depil\u0101cijas kr\u0113mu.<\/p>\n<p>2. Izkl\u0101t kr\u0113mu ar l\u0101psti\u0146as pal\u012bdz\u012bbu, nosedzot nev\u0113lamos mati\u0146us.<\/p>\n<p>3. P\u0113c 3 min\u016bt\u0113m no\u0146emt nelielu kr\u0113ma daudzumu. Ja v\u0113lamais rezult\u0101ts nav sasniegts, patur\u0113t kr\u0113mu v\u0113l da\u017eas min\u016btes. Kop\u0113jais iedarb\u012bbas laiks &#8211; l\u012bdz 10 min\u016bt\u0113m.<\/p>\n<p>4. No\u0146emt kr\u0113mu ar l\u0101psti\u0146as vai mitra dvie\u013ca pal\u012bdz\u012bbu. Nomazg\u0101t \u0101du ar v\u0113su \u016bdeni.<\/p>\n<p>5. Nomazg\u0101t l\u0101psti\u0146u, aizv\u0113rt t\u016bbi\u0146u. Uzglab\u0101t t\u016bbi\u0146u cie&scaron;i aizv\u0113rtu.&nbsp;&nbsp;<\/p>\n<p><strong>Piesardz\u012bbas pas\u0101kumi:<\/strong>&nbsp;Nepie\u013caut nok\u013c\u016b&scaron;anu ac\u012bs. Ja l\u012bdzeklis iek\u013c\u016bst ac\u012bs, nekav\u0113joties izskalot ar \u016bdeni. Satur tioglikol\u0101tu. Satur s\u0101rmu. Iev\u0113rot nor\u0101d\u012bjumus. Sarg\u0101t no b\u0113rniem. P\u0101rbaudiet kr\u0113ma iedarb\u012bbu uz \u0101das laukuma, kur pl\u0101nojat veikt depil\u0101ciju. Ja 24h laik\u0101 nerodas nek\u0101da reakcija, kr\u0113mu var lietot, sekojot lieto&scaron;anas instrukcijai.&nbsp;Iev\u0113rojiet lieto&scaron;anas instrukciju. Izvair\u012bties no iek\u013c\u016b&scaron;anas ac\u012bs un uz l\u016bp\u0101m. Ja iek\u013c\u016bst ac\u012bs vai uz l\u016bp\u0101m, nekav\u0113joties noskalot ar lielu \u016bdens daudzumu, un, nepiecie&scaron;am\u012bbas gad\u012bjum\u0101, v\u0113r&scaron;aties pie \u0101rsta. Uzglab\u0101t b\u0113rniem un dz\u012bvniekiem nepieejam\u0101 viet\u0101. Satur tioglikol\u0101tu. Satur s\u0101rmus. Iesp\u0113jama paaugstin\u0101ta individu\u0101la jut\u012bba uz atsevi&scaron;\u0137am sast\u0101vda\u013c\u0101m.&nbsp;&nbsp;<\/p>\n<p><strong>Rekomend\u0101cijas:&nbsp;&nbsp;<\/strong>Nelietojiet depil\u0101cijas kr\u0113mu uz dzimumz\u012bm\u012bt\u0113m, boj\u0101tas, apdegu&scaron;as, iekaisu&scaron;as vai kairin\u0101tas \u0101das, varikozi papla&scaron;in\u0101to v\u0113nu gad\u012bjum\u0101. Pirms depil\u0101cijas \u0101dai ir j\u0101b\u016bt t\u012brai un sausai. Izvair\u012bties no saules vann\u0101m vienas stundas laik\u0101 p\u0113c depil\u0101cijas. 24h laik\u0101 pirms un p\u0113c depil\u0101cijas nelietojiet ziepes, odekolonus, dezodorantus, k\u0101 ar\u012b nelietojiet citus spirtu saturo&scaron;us l\u012bdzek\u013cus kr\u0113ma no\u0146em&scaron;anai. Nelietojiet kr\u0113mu uz jut\u012bgas \u0101das (deguna, ausu, kr\u016btsgalu, uzacu, acu zon\u0101). Nelietojiet kr\u0113mu uz \u0123enit\u0101liju un perian\u0101l\u0101s zonas. Ja j\u016bs lietoj\u0101t z\u0101les kaut k\u0101das slim\u012bbas d\u0113\u013c, konsult\u0113jaties ar \u0101rstu pirms depil\u0101cijas kr\u0113ma lieto&scaron;anas. Kr\u0113mu nerekomend\u0113 lietot cilv\u0113kiem, kas slimo ar diab\u0113tu. Ja kr\u0113ma lieto&scaron;anas laik\u0101 J\u016bs izjut\u012bsiet dedzin\u0101&scaron;anas saj\u016btu, likvid\u0113jiet kr\u0113mu un nomazg\u0101jiet \u0101du ar siltu \u016bdeni. Kr\u0113ms nav paredz\u0113ts ikdienas lieto&scaron;anai. Netiek rekomend\u0113ts lietot kr\u0113mu atk\u0101rtoti ne agr\u0101k, k\u0101 72h p\u0113c depil\u0101cijas.&nbsp;&nbsp;<\/p>\n","protected":false},"excerpt":{"rendered":"<p>Kr\u0113ms \u0137erme\u0146a depil\u0101cijai, jut\u012bgai \u0101dai. Efekt\u012bvs \u0101tras iedarb\u012bbas l\u012bdzeklis nodro&scaron;ina delik\u0101tu matu likvid\u0113&scaron;anu. Veicina matu ieaug&scaron;anas nov\u0113r&scaron;anu. Intens\u012bvi mitrina, nomierina aps\u0101rtumus, kav\u0113 kairin\u0101juma re&scaron;anos. Satur argana, kakao, karit\u0113, avokado e\u013c\u013cas un papa\u012bnu. Lieto&scaron;ana: 1. Izmazg\u0101t ar \u016bdeni \u0101das laukumu, uz kura v\u0113laties uzkl\u0101t depil\u0101cijas kr\u0113mu. 2. Izkl\u0101t kr\u0113mu ar l\u0101psti\u0146as pal\u012bdz\u012bbu, nosedzot nev\u0113lamos mati\u0146us. 3. [&#8230;]\n","protected":false},"featured_media":78994,"template":"","meta":[],"product_cat":[1999],"product_tag":[],"class_list":{"0":"post-44245","1":"product","2":"type-product","3":"status-publish","4":"has-post-thumbnail","6":"product_brand-elfa_ua","7":"product_cat-bez-kategorijas","9":"first","10":"instock","11":"taxable","12":"shipping-taxable","13":"product-type-simple"},"_links":{"self":[{"href":"https:\/\/e.kosmolat.eu\/lv\/wp-json\/wp\/v2\/product\/44245","targetHints":{"allow":["GET"]}}],"collection":[{"href":"https:\/\/e.kosmolat.eu\/lv\/wp-json\/wp\/v2\/product"}],"about":[{"href":"https:\/\/e.kosmolat.eu\/lv\/wp-json\/wp\/v2\/types\/product"}],"wp:featuredmedia":[{"embeddable":true,"href":"https:\/\/e.kosmolat.eu\/lv\/wp-json\/wp\/v2\/media\/78994"}],"wp:attachment":[{"href":"https:\/\/e.kosmolat.eu\/lv\/wp-json\/wp\/v2\/media?parent=44245"}],"wp:term":[{"taxonomy":"product_cat","embeddable":true,"href":"https:\/\/e.kosmolat.eu\/lv\/wp-json\/wp\/v2\/product_cat?post=44245"},{"taxonomy":"product_tag","embeddable":true,"href":"https:\/\/e.kosmolat.eu\/lv\/wp-json\/wp\/v2\/product_tag?post=44245"}],"curies":[{"name":"wp","href":"https:\/\/api.w.org\/{rel}","templated":true}]}}