{"id":44237,"date":"2024-02-01T14:28:09","date_gmt":"2024-02-01T14:28:09","guid":{"rendered":"https:\/\/e.kosmolat.eu\/product\/dr-sante-aloe-vera-viegla-kemmes-matu-sprejs-visiem-matu-tip-150-ml\/"},"modified":"2026-04-22T09:13:52","modified_gmt":"2026-04-22T09:13:52","slug":"dr-sante-aloe-vera-viegla-kemmes-matu-sprejs-visiem-matu-tip-150-ml","status":"publish","type":"product","link":"https:\/\/e.kosmolat.eu\/lv\/product\/dr-sante-aloe-vera-viegla-kemmes-matu-sprejs-visiem-matu-tip-150-ml\/","title":{"rendered":"Dr. Sante Aloe Vera Viegla \u0137emm\u0113\u0161. Matu sprejs visiem matu tip., 150 ml"},"content":{"rendered":"<p>Viena viegla kust\u012bba un sprejs lieliski mitrina un stiprina matu saknes, pie&scaron;\u0137ir sp\u012bdumu un matu apjomu. Tas \u0101tri no\u0146em statisku spiedzi, atvieglo matu \u0137emm\u0113&scaron;anu un ieveido&scaron;anu.&nbsp;<\/p>\n<ul>\n<li>Sprejs izgatavots uz alvejas sulas pamata.<\/li>\n<li>Biolo\u0123iski akt\u012bv\u0101s vielas Alvejas sast\u0101v\u0101 (polisahar\u012bdi, vitam\u012bni, aminosk\u0101bes) baro un mitrina matu kutikulu.&nbsp;<\/li>\n<li>Kerat\u012bns atjauno boj\u0101tu matu strukt\u016bru.<\/li>\n<li>N\u0101tru ekstrakts pie&scaron;\u0137ir matiem sp\u012bdumu un z\u012bdainumu.<\/li>\n<\/ul>\n<p><strong>Lieto&scaron;ana:<\/strong> uzkl\u0101t uz mitriem vai sausiem matiem. Nenomazg\u0101t.<\/p>\n<p><strong>Piesardz\u012bbas pas\u0101kumi:<\/strong> iek\u013c\u016bstot ac\u012bs, izskalot ar \u016bdeni.<\/p>\n<p>Uzglab\u0101t temperat\u016br\u0101 no +5 &deg;C l\u012bdz +25 &deg;\u0421.<br \/>\n&nbsp;<\/p>\n","protected":false},"excerpt":{"rendered":"<p>Viena viegla kust\u012bba un sprejs lieliski mitrina un stiprina matu saknes, pie&scaron;\u0137ir sp\u012bdumu un matu apjomu. Tas \u0101tri no\u0146em statisku spiedzi, atvieglo matu \u0137emm\u0113&scaron;anu un ieveido&scaron;anu.&nbsp; Sprejs izgatavots uz alvejas sulas pamata. Biolo\u0123iski akt\u012bv\u0101s vielas Alvejas sast\u0101v\u0101 (polisahar\u012bdi, vitam\u012bni, aminosk\u0101bes) baro un mitrina matu kutikulu.&nbsp; Kerat\u012bns atjauno boj\u0101tu matu strukt\u016bru. N\u0101tru ekstrakts pie&scaron;\u0137ir matiem sp\u012bdumu [&#8230;]\n","protected":false},"featured_media":83030,"template":"","meta":[],"product_cat":[2181],"product_tag":[],"class_list":{"0":"post-44237","1":"product","2":"type-product","3":"status-publish","4":"has-post-thumbnail","6":"product_brand-elfa_ua","7":"product_cat-bez-kategorijas-lt","9":"first","10":"instock","11":"taxable","12":"shipping-taxable","13":"product-type-simple"},"_links":{"self":[{"href":"https:\/\/e.kosmolat.eu\/lv\/wp-json\/wp\/v2\/product\/44237","targetHints":{"allow":["GET"]}}],"collection":[{"href":"https:\/\/e.kosmolat.eu\/lv\/wp-json\/wp\/v2\/product"}],"about":[{"href":"https:\/\/e.kosmolat.eu\/lv\/wp-json\/wp\/v2\/types\/product"}],"wp:featuredmedia":[{"embeddable":true,"href":"https:\/\/e.kosmolat.eu\/lv\/wp-json\/wp\/v2\/media\/83030"}],"wp:attachment":[{"href":"https:\/\/e.kosmolat.eu\/lv\/wp-json\/wp\/v2\/media?parent=44237"}],"wp:term":[{"taxonomy":"product_cat","embeddable":true,"href":"https:\/\/e.kosmolat.eu\/lv\/wp-json\/wp\/v2\/product_cat?post=44237"},{"taxonomy":"product_tag","embeddable":true,"href":"https:\/\/e.kosmolat.eu\/lv\/wp-json\/wp\/v2\/product_tag?post=44237"}],"curies":[{"name":"wp","href":"https:\/\/api.w.org\/{rel}","templated":true}]}}