{"id":44233,"date":"2024-02-01T14:27:53","date_gmt":"2024-02-01T14:27:53","guid":{"rendered":"https:\/\/e.kosmolat.eu\/product\/dr-s-keratin-maska-1-l-rus\/"},"modified":"2026-04-14T10:33:49","modified_gmt":"2026-04-14T10:33:49","slug":"dr-s-keratin-maska-1-l","status":"publish","type":"product","link":"https:\/\/e.kosmolat.eu\/lv\/product\/dr-s-keratin-maska-1-l\/","title":{"rendered":"&#8220;Dr.S Keratin&#8221; Maska, 1 l"},"content":{"rendered":"<p>Matu strukt\u016bras atjauno&scaron;ana. S\u0113rijas pamat\u0101 ir speci\u0101ls Pro-Keratin Complex no kerat\u012bna, argin\u012bna un kolag\u0113na, kas v\u0113rsts uz matu atjauno&scaron;anu vis\u0101 to garum\u0101. Maska ar prote\u012bnu kompleksu aizsarg\u0101 matus no apk\u0101rt\u0113j\u0101s vides negat\u012bv\u0101s iedarb\u012bbas (v\u0113j&scaron;, saule, sals), nodro&scaron;ina matu termoaizsardz\u012bbu (f\u0113ns, taisnot\u0101js), kav\u0113 matu l\u016b&scaron;anu un bl\u0101vumu, mitrina un baro, atvieglo \u0137emm\u0113&scaron;anu.<\/p>\n<p><strong>Lieto&scaron;ana:<\/strong>&nbsp;uzkl\u0101t piesak\u0146u zon\u0101 un izkl\u0101t vis\u0101 matu garum\u0101. P\u0113c 2-3 min\u016bt\u0113m izskalot ar \u016bdeni.<\/p>\n","protected":false},"excerpt":{"rendered":"<p>Matu strukt\u016bras atjauno&scaron;ana. S\u0113rijas pamat\u0101 ir speci\u0101ls Pro-Keratin Complex no kerat\u012bna, argin\u012bna un kolag\u0113na, kas v\u0113rsts uz matu atjauno&scaron;anu vis\u0101 to garum\u0101. Maska ar prote\u012bnu kompleksu aizsarg\u0101 matus no apk\u0101rt\u0113j\u0101s vides negat\u012bv\u0101s iedarb\u012bbas (v\u0113j&scaron;, saule, sals), nodro&scaron;ina matu termoaizsardz\u012bbu (f\u0113ns, taisnot\u0101js), kav\u0113 matu l\u016b&scaron;anu un bl\u0101vumu, mitrina un baro, atvieglo \u0137emm\u0113&scaron;anu. Lieto&scaron;ana:&nbsp;uzkl\u0101t piesak\u0146u zon\u0101 un [&#8230;]\n","protected":false},"featured_media":80874,"template":"","meta":[],"product_cat":[1254],"product_tag":[],"class_list":{"0":"post-44233","1":"product","2":"type-product","3":"status-publish","4":"has-post-thumbnail","6":"product_brand-elfa_ua","7":"product_cat-maskas-matiem","9":"first","10":"instock","11":"taxable","12":"shipping-taxable","13":"product-type-simple"},"_links":{"self":[{"href":"https:\/\/e.kosmolat.eu\/lv\/wp-json\/wp\/v2\/product\/44233","targetHints":{"allow":["GET"]}}],"collection":[{"href":"https:\/\/e.kosmolat.eu\/lv\/wp-json\/wp\/v2\/product"}],"about":[{"href":"https:\/\/e.kosmolat.eu\/lv\/wp-json\/wp\/v2\/types\/product"}],"wp:featuredmedia":[{"embeddable":true,"href":"https:\/\/e.kosmolat.eu\/lv\/wp-json\/wp\/v2\/media\/80874"}],"wp:attachment":[{"href":"https:\/\/e.kosmolat.eu\/lv\/wp-json\/wp\/v2\/media?parent=44233"}],"wp:term":[{"taxonomy":"product_cat","embeddable":true,"href":"https:\/\/e.kosmolat.eu\/lv\/wp-json\/wp\/v2\/product_cat?post=44233"},{"taxonomy":"product_tag","embeddable":true,"href":"https:\/\/e.kosmolat.eu\/lv\/wp-json\/wp\/v2\/product_tag?post=44233"}],"curies":[{"name":"wp","href":"https:\/\/api.w.org\/{rel}","templated":true}]}}