{"id":44159,"date":"2024-01-31T13:50:43","date_gmt":"2024-01-31T13:50:43","guid":{"rendered":"https:\/\/e.kosmolat.eu\/?post_type=product&#038;p=44159"},"modified":"2026-04-01T07:43:25","modified_gmt":"2026-04-01T07:43:25","slug":"bd-matejos-salvetes-sejai-ar-hialuronskabi-80-gab","status":"publish","type":"product","link":"https:\/\/e.kosmolat.eu\/lv\/product\/bd-matejos-salvetes-sejai-ar-hialuronskabi-80-gab\/","title":{"rendered":"BD Mat\u0113jo\u0161. salvetes sejai ar hialuronsk\u0101bi, 80 gab."},"content":{"rendered":"<p>Pal\u012bdz atbr\u012bvoties no liek\u0101 sp\u012bduma, izvairoties no pieskar&scaron;an\u0101s sejai ar rok\u0101m, t\u0101d\u0113j\u0101di minimiz\u0113jot bakt\u0113riju izplat\u012b&scaron;an\u0101s risku uz \u0101das virsmas. Salvetes absorb\u0113 lieko sebumu, pie&scaron;\u0137irot \u0101dai svaigu izskatu un mat\u0113jo&scaron;u efektu. Salvetes var lietot kop\u0101 ar dekorat\u012bvo kosm\u0113tiku, jo t\u0101 ir izcila alternat\u012bva p\u016bderim.<\/p>\n<p><strong>Lieto&scaron;ana: <\/strong>iz\u0146emiet salveti no iepakojuma un viegli piespiediet\/paturiet uz sejas, piev\u0113r&scaron;ot \u012bpa&scaron;u uzman\u012bbu pieres, zoda un deguna zon\u0101m. Var lietot p\u0113c nepiecie&scaron;am\u012bbas vair\u0101kas reizes dien\u0101.&nbsp;<\/p>\n<p><strong>UZMAN\u012aBU: <\/strong>NELIETOT SALVETI ATK\u0100RTOTI! Piesardz\u012bbas pas\u0101kumi: pirms lieto&scaron;anas salvetes ir j\u0101p\u0101rbauda uz neliela \u0101das laukuma. Ja rodas aler\u0123iska reakcija, p\u0101rtrauciet lieto&scaron;anu. Tikai \u0101r\u012bgai lieto&scaron;anai. Lietojiet produktu tikai tam paredz\u0113tajam m\u0113r\u0137im. Kontrindik\u0101cijas: individu\u0101la nepanes\u012bba pret maskas sast\u0101vda\u013c\u0101m.&nbsp;<\/p>\n<p>Uzglab\u0101t temperat\u016br\u0101 no +5&deg;C l\u012bdz +25&deg;C un relat\u012bvaj\u0101 mitrum\u0101 55-70%, sarg\u0101jot no tie&scaron;iem saules stariem, ne tuv\u0101k par vienu metru no siltuma avotiem.&nbsp;<\/p>\n<p><strong>Der\u012bguma termi\u0146&scaron;:<\/strong> 36 m\u0113ne&scaron;i no izgatavo&scaron;anas datuma, kas nor\u0101d\u012bts uz iepakojuma.<br \/>\n&nbsp;<\/p>\n","protected":false},"excerpt":{"rendered":"<p>Pal\u012bdz atbr\u012bvoties no liek\u0101 sp\u012bduma, izvairoties no pieskar&scaron;an\u0101s sejai ar rok\u0101m, t\u0101d\u0113j\u0101di minimiz\u0113jot bakt\u0113riju izplat\u012b&scaron;an\u0101s risku uz \u0101das virsmas. Salvetes absorb\u0113 lieko sebumu, pie&scaron;\u0137irot \u0101dai svaigu izskatu un mat\u0113jo&scaron;u efektu. Salvetes var lietot kop\u0101 ar dekorat\u012bvo kosm\u0113tiku, jo t\u0101 ir izcila alternat\u012bva p\u016bderim. Lieto&scaron;ana: iz\u0146emiet salveti no iepakojuma un viegli piespiediet\/paturiet uz sejas, piev\u0113r&scaron;ot \u012bpa&scaron;u [&#8230;]\n","protected":false},"featured_media":90674,"template":"","meta":[],"product_cat":[1341],"product_tag":[],"class_list":{"0":"post-44159","1":"product","2":"type-product","3":"status-publish","4":"has-post-thumbnail","6":"product_brand-naturpro_ua","7":"product_cat-valomosios-kaukes","9":"first","10":"instock","11":"taxable","12":"shipping-taxable","13":"product-type-simple"},"_links":{"self":[{"href":"https:\/\/e.kosmolat.eu\/lv\/wp-json\/wp\/v2\/product\/44159","targetHints":{"allow":["GET"]}}],"collection":[{"href":"https:\/\/e.kosmolat.eu\/lv\/wp-json\/wp\/v2\/product"}],"about":[{"href":"https:\/\/e.kosmolat.eu\/lv\/wp-json\/wp\/v2\/types\/product"}],"wp:featuredmedia":[{"embeddable":true,"href":"https:\/\/e.kosmolat.eu\/lv\/wp-json\/wp\/v2\/media\/90674"}],"wp:attachment":[{"href":"https:\/\/e.kosmolat.eu\/lv\/wp-json\/wp\/v2\/media?parent=44159"}],"wp:term":[{"taxonomy":"product_cat","embeddable":true,"href":"https:\/\/e.kosmolat.eu\/lv\/wp-json\/wp\/v2\/product_cat?post=44159"},{"taxonomy":"product_tag","embeddable":true,"href":"https:\/\/e.kosmolat.eu\/lv\/wp-json\/wp\/v2\/product_tag?post=44159"}],"curies":[{"name":"wp","href":"https:\/\/api.w.org\/{rel}","templated":true}]}}