{"id":44149,"date":"2024-01-31T13:26:27","date_gmt":"2024-01-31T13:26:27","guid":{"rendered":"https:\/\/e.kosmolat.eu\/?post_type=product&#038;p=44149"},"modified":"2026-04-01T07:42:58","modified_gmt":"2026-04-01T07:42:58","slug":"bd-sejas-krio-maska-icy-mint-10-ml","status":"publish","type":"product","link":"https:\/\/e.kosmolat.eu\/lv\/product\/bd-sejas-krio-maska-icy-mint-10-ml\/","title":{"rendered":"BD Sejas krio-maska Icy Mint, 10 ml"},"content":{"rendered":"<p>Toniz\u0113 \u0101du un pie&scaron;\u0137ir \u0101dai svaiguma saj\u016btu, vizu\u0101li samazina piet\u016bkumu un uztur optim\u0101lu mitruma l\u012bdzsvaru. Pateicoties sast\u0101v\u0101 eso&scaron;ajam mentolam, maska vizu\u0101li samazina \u0101das nepiln\u012bbas, t\u0101 izskat\u0101s mat\u0113ta un tai ir vienm\u0113r\u012bgs tonis.<\/p>\n<p><strong>Lieto&scaron;ana: <\/strong>atveriet iepakojumu un uzkl\u0101jiet masku uz att\u012br\u012btas sejas \u0101das, izvairoties no acu un l\u016bpu zonas. P\u0113c 10-15 min\u016bt\u0113m no\u0146emiet masku ar sausu salveti un noskalojiet ar siltu \u016bdeni.<\/p>\n<p><strong>Piesardz\u012bbas pas\u0101kumi: <\/strong>pirms lieto&scaron;anas maska ir j\u0101p\u0101rbauda uz neliela \u0101das laukuma. Ja rodas aler\u0123iska reakcija, p\u0101rtrauciet lieto&scaron;anu. Tikai \u0101r\u012bgai lieto&scaron;anai. Masku ieteicams lietot uzreiz p\u0113c iepakojuma atv\u0113r&scaron;anas. Ja iek\u013c\u016bst ac\u012bs, r\u016bp\u012bgi izskalojiet ar lielu daudzumu teko&scaron;a \u016bdens.&nbsp;<\/p>\n<p><strong>Kontrindik\u0101cijas:<\/strong> individu\u0101la nepanes\u012bba pret maskas sast\u0101vda\u013c\u0101m.&nbsp;<\/p>\n<p>Uzglab\u0101t temperat\u016br\u0101 no +5&deg;C l\u012bdz +25&deg;C un relat\u012bvaj\u0101 mitrum\u0101 55-70%, sarg\u0101jot no tie&scaron;iem saules stariem, ne tuv\u0101k par vienu metru no siltuma avotiem.&nbsp;<\/p>\n<p><strong>Der\u012bguma termi\u0146&scaron;:<\/strong> 36 m\u0113ne&scaron;i no izgatavo&scaron;anas datuma, kas nor\u0101d\u012bts uz iepakojuma.<br \/>\n&nbsp;<\/p>\n","protected":false},"excerpt":{"rendered":"<p>Toniz\u0113 \u0101du un pie&scaron;\u0137ir \u0101dai svaiguma saj\u016btu, vizu\u0101li samazina piet\u016bkumu un uztur optim\u0101lu mitruma l\u012bdzsvaru. Pateicoties sast\u0101v\u0101 eso&scaron;ajam mentolam, maska vizu\u0101li samazina \u0101das nepiln\u012bbas, t\u0101 izskat\u0101s mat\u0113ta un tai ir vienm\u0113r\u012bgs tonis. Lieto&scaron;ana: atveriet iepakojumu un uzkl\u0101jiet masku uz att\u012br\u012btas sejas \u0101das, izvairoties no acu un l\u016bpu zonas. P\u0113c 10-15 min\u016bt\u0113m no\u0146emiet masku ar sausu [&#8230;]\n","protected":false},"featured_media":90666,"template":"","meta":[],"product_cat":[1367],"product_tag":[],"class_list":{"0":"post-44149","1":"product","2":"type-product","3":"status-publish","4":"has-post-thumbnail","6":"product_brand-naturpro_ua","7":"product_cat-sejas-maskas","9":"first","10":"instock","11":"taxable","12":"shipping-taxable","13":"product-type-simple"},"_links":{"self":[{"href":"https:\/\/e.kosmolat.eu\/lv\/wp-json\/wp\/v2\/product\/44149","targetHints":{"allow":["GET"]}}],"collection":[{"href":"https:\/\/e.kosmolat.eu\/lv\/wp-json\/wp\/v2\/product"}],"about":[{"href":"https:\/\/e.kosmolat.eu\/lv\/wp-json\/wp\/v2\/types\/product"}],"wp:featuredmedia":[{"embeddable":true,"href":"https:\/\/e.kosmolat.eu\/lv\/wp-json\/wp\/v2\/media\/90666"}],"wp:attachment":[{"href":"https:\/\/e.kosmolat.eu\/lv\/wp-json\/wp\/v2\/media?parent=44149"}],"wp:term":[{"taxonomy":"product_cat","embeddable":true,"href":"https:\/\/e.kosmolat.eu\/lv\/wp-json\/wp\/v2\/product_cat?post=44149"},{"taxonomy":"product_tag","embeddable":true,"href":"https:\/\/e.kosmolat.eu\/lv\/wp-json\/wp\/v2\/product_tag?post=44149"}],"curies":[{"name":"wp","href":"https:\/\/api.w.org\/{rel}","templated":true}]}}