{"id":44141,"date":"2024-01-31T13:24:33","date_gmt":"2024-01-31T13:24:33","guid":{"rendered":"https:\/\/e.kosmolat.eu\/product\/suprim-skidrais-traipu-nonemejs-500-ml\/"},"modified":"2025-09-20T02:42:45","modified_gmt":"2025-09-20T02:42:45","slug":"suprim-skidrais-traipu-nonemejs-500-ml","status":"publish","type":"product","link":"https:\/\/e.kosmolat.eu\/lv\/product\/suprim-skidrais-traipu-nonemejs-500-ml\/","title":{"rendered":"Suprim \u0161\u0137idrais traipu no\u0146\u0113m\u0113js, 500 ml"},"content":{"rendered":"<p><strong>Sast\u0101v\u0101:<\/strong> maz\u0101k par 5 % polikarboksil\u0101tu, maz\u0101k par 5 % amfot\u0113ro virsmakt\u012bvo vielu. Fermenti. Smar\u017eas un arom\u0101tisk\u0101s kompoz\u012bcijas. Konservanti: Methylchloroisothiazolinone\/ Methylisothiazolinone.&nbsp;<\/p>\n<p><strong>Lieto&scaron;ana:<\/strong> uzkl\u0101jiet 2-3 ml traipu t\u012br\u012b&scaron;anas l\u012bdzek\u013ca, ar v\u0101ci\u0146a pal\u012bdz\u012bbu ieberziet traip\u0101 un atst\u0101jiet uz maksim\u0101li 10 min\u016bt\u0113m. P\u0113c tam mazg\u0101jiet ve\u013cas ma&scaron;\u012bn\u0101 k\u0101 ierasts, pievienojot 1 v\u0101ci\u0146u traipu t\u012br\u012b&scaron;anas l\u012bdzek\u013ca papildus parastajam ve\u013cas mazg\u0101&scaron;anas l\u012bdzeklim.&nbsp;<\/p>\n<p><strong>Piesardz\u012bbas pas\u0101kumi: <\/strong>SASKAR\u0112 AR AC\u012aM: Uzman\u012bgi izskalot ar \u016bdeni vair\u0101kas min\u016btes. Iz\u0146emt kontaktl\u0113cas, ja t\u0101s ir ievietotas un ja to var vienk\u0101r&scaron;i izdar\u012bt. Turpin\u0101t skalot. Ja acu iekaisums nep\u0101riet: l\u016bdziet medi\u0137u pal\u012bdz\u012bbu. Ja rodas \u0101das iekaisums: l\u016bdziet medi\u0137u pal\u012bdz\u012bbu. P\u0113c izmanto&scaron;anas rokas k\u0101rt\u012bgi nomazg\u0101t. Sarg\u0101t no b\u0113rniem.&nbsp;<\/p>\n<p><strong>Uzglab\u0101&scaron;anas noteikumi:<\/strong> uzglab\u0101t temperat\u016br\u0101 no +5 &deg;\u0421 l\u012bdz +25 &deg;\u0421, relat\u012bvaj\u0101 gaisa mitrum\u0101 ne vair\u0101k k\u0101 95%, sarg\u0101jot no tie&scaron;iem saules stariem.<\/p>\n<p><strong>Der\u012bguma termi\u0146&scaron;:<\/strong> 36 m\u0113ne&scaron;i no izgatavo&scaron;anas datuma.<br \/>\n&nbsp;<\/p>\n","protected":false},"excerpt":{"rendered":"<p>Sast\u0101v\u0101: maz\u0101k par 5 % polikarboksil\u0101tu, maz\u0101k par 5 % amfot\u0113ro virsmakt\u012bvo vielu. Fermenti. Smar\u017eas un arom\u0101tisk\u0101s kompoz\u012bcijas. Konservanti: Methylchloroisothiazolinone\/ Methylisothiazolinone.&nbsp; Lieto&scaron;ana: uzkl\u0101jiet 2-3 ml traipu t\u012br\u012b&scaron;anas l\u012bdzek\u013ca, ar v\u0101ci\u0146a pal\u012bdz\u012bbu ieberziet traip\u0101 un atst\u0101jiet uz maksim\u0101li 10 min\u016bt\u0113m. P\u0113c tam mazg\u0101jiet ve\u013cas ma&scaron;\u012bn\u0101 k\u0101 ierasts, pievienojot 1 v\u0101ci\u0146u traipu t\u012br\u012b&scaron;anas l\u012bdzek\u013ca papildus parastajam ve\u013cas [&#8230;]\n","protected":false},"featured_media":90222,"template":"","meta":[],"product_cat":[1481],"product_tag":[],"class_list":{"0":"post-44141","1":"product","2":"type-product","3":"status-publish","4":"has-post-thumbnail","6":"product_brand-sontsa-by","7":"product_cat-velas-mazgasanas-lidzekli","9":"first","10":"outofstock","11":"taxable","12":"shipping-taxable","13":"product-type-simple"},"_links":{"self":[{"href":"https:\/\/e.kosmolat.eu\/lv\/wp-json\/wp\/v2\/product\/44141","targetHints":{"allow":["GET"]}}],"collection":[{"href":"https:\/\/e.kosmolat.eu\/lv\/wp-json\/wp\/v2\/product"}],"about":[{"href":"https:\/\/e.kosmolat.eu\/lv\/wp-json\/wp\/v2\/types\/product"}],"wp:featuredmedia":[{"embeddable":true,"href":"https:\/\/e.kosmolat.eu\/lv\/wp-json\/wp\/v2\/media\/90222"}],"wp:attachment":[{"href":"https:\/\/e.kosmolat.eu\/lv\/wp-json\/wp\/v2\/media?parent=44141"}],"wp:term":[{"taxonomy":"product_cat","embeddable":true,"href":"https:\/\/e.kosmolat.eu\/lv\/wp-json\/wp\/v2\/product_cat?post=44141"},{"taxonomy":"product_tag","embeddable":true,"href":"https:\/\/e.kosmolat.eu\/lv\/wp-json\/wp\/v2\/product_tag?post=44141"}],"curies":[{"name":"wp","href":"https:\/\/api.w.org\/{rel}","templated":true}]}}