{"id":44101,"date":"2024-01-31T13:22:44","date_gmt":"2024-01-31T13:22:44","guid":{"rendered":"https:\/\/e.kosmolat.eu\/product\/pulcino-kondicionieris-bernu-velai-1-l\/"},"modified":"2025-09-20T02:41:24","modified_gmt":"2025-09-20T02:41:24","slug":"pulcino-kondicionieris-bernu-velai-1-l","status":"publish","type":"product","link":"https:\/\/e.kosmolat.eu\/lv\/product\/pulcino-kondicionieris-bernu-velai-1-l\/","title":{"rendered":"Pulcino Kondicionieris b\u0113rnu ve\u013cai, 1 l"},"content":{"rendered":"<p>Piem\u0113rots visu veidu audumiem. Pie&scaron;\u0137ir ap\u0123\u0113rbam pat\u012bkamu smar\u017eu, m\u012bkstumu, nov\u0113r&scaron;ot statisko efektu, un atvieglojot gludin\u0101&scaron;anu.&nbsp;<\/p>\n<p><strong>Lieto&scaron;ana:<\/strong> uz 5 kg ve\u013cas ieliet 90 ml (2 v\u0101ci\u0146us) l\u012bdzek\u013ca kondicionierim paredz\u0113taj\u0101 ve\u013cas ma&scaron;\u012bnas nodal\u012bjum\u0101. P\u0113d\u0113j\u0101 skalo&scaron;anas laik\u0101, 45 ml l\u012bdzek\u013ca (1 v\u0101ci\u0146&scaron;) at&scaron;\u0137aid\u012bt 10 l \u016bdens.<\/p>\n<p><strong>Sast\u0101v\u0101:<\/strong> maz\u0101k par 5 % &nbsp;katjonu virsmakt\u012bvo vielu. Smar\u017eas un arom\u0101tisk\u0101s kompoz\u012bcijas. Konservanti: Methylchloroisothiazolinone\/ Methylisothiazolinone.&nbsp;<\/p>\n<p><strong>Piesardz\u012bbas pas\u0101kumi:<\/strong> SASKAR\u0112 AR AC\u012aM: Uzman\u012bgi izskalot ar \u016bdeni vair\u0101kas min\u016btes. Iz\u0146emt kontaktl\u0113cas, ja t\u0101s ir ievietotas un ja to var vienk\u0101r&scaron;i izdar\u012bt. Turpin\u0101t skalot. P\u0113c izmanto&scaron;anas rokas k\u0101rt\u012bgi nomazg\u0101t. Sarg\u0101t no b\u0113rniem. Uzglab\u0101t atsevi&scaron;\u0137i no p\u0101rtikas produktiem.&nbsp;<\/p>\n<p>Uzglab\u0101t temperat\u016br\u0101 no +5 &deg;C l\u012bdz +25 &deg;C, un relat\u012bvaj\u0101 mitrum\u0101 ne vair\u0101k k\u0101 95%, sarg\u0101jot no tie&scaron;iem saules stariem, ne tuv\u0101k par vienu metru no siltuma avotiem.&nbsp;<\/p>\n<p><strong>Der\u012bguma termi\u0146&scaron;:<\/strong> 24 m\u0113ne&scaron;i no izgatavo&scaron;anas datuma.&nbsp;<\/p>\n<p>Uzglab\u0101t tikai ori\u0123in\u0101laj\u0101 iepakojum\u0101, iev\u0113rojot uzglab\u0101&scaron;anas noteikumus. Utiliz\u0113t k\u0101 sadz\u012bves atkritumus.<br \/>\n&nbsp;<\/p>\n","protected":false},"excerpt":{"rendered":"<p>Piem\u0113rots visu veidu audumiem. Pie&scaron;\u0137ir ap\u0123\u0113rbam pat\u012bkamu smar\u017eu, m\u012bkstumu, nov\u0113r&scaron;ot statisko efektu, un atvieglojot gludin\u0101&scaron;anu.&nbsp; Lieto&scaron;ana: uz 5 kg ve\u013cas ieliet 90 ml (2 v\u0101ci\u0146us) l\u012bdzek\u013ca kondicionierim paredz\u0113taj\u0101 ve\u013cas ma&scaron;\u012bnas nodal\u012bjum\u0101. P\u0113d\u0113j\u0101 skalo&scaron;anas laik\u0101, 45 ml l\u012bdzek\u013ca (1 v\u0101ci\u0146&scaron;) at&scaron;\u0137aid\u012bt 10 l \u016bdens. Sast\u0101v\u0101: maz\u0101k par 5 % &nbsp;katjonu virsmakt\u012bvo vielu. Smar\u017eas un arom\u0101tisk\u0101s kompoz\u012bcijas. [&#8230;]\n","protected":false},"featured_media":90202,"template":"","meta":[],"product_cat":[1710],"product_tag":[],"class_list":{"0":"post-44101","1":"product","2":"type-product","3":"status-publish","4":"has-post-thumbnail","6":"product_brand-sontsa-by","7":"product_cat-velas-kondicionieri","9":"first","10":"outofstock","11":"taxable","12":"shipping-taxable","13":"product-type-simple"},"_links":{"self":[{"href":"https:\/\/e.kosmolat.eu\/lv\/wp-json\/wp\/v2\/product\/44101","targetHints":{"allow":["GET"]}}],"collection":[{"href":"https:\/\/e.kosmolat.eu\/lv\/wp-json\/wp\/v2\/product"}],"about":[{"href":"https:\/\/e.kosmolat.eu\/lv\/wp-json\/wp\/v2\/types\/product"}],"wp:featuredmedia":[{"embeddable":true,"href":"https:\/\/e.kosmolat.eu\/lv\/wp-json\/wp\/v2\/media\/90202"}],"wp:attachment":[{"href":"https:\/\/e.kosmolat.eu\/lv\/wp-json\/wp\/v2\/media?parent=44101"}],"wp:term":[{"taxonomy":"product_cat","embeddable":true,"href":"https:\/\/e.kosmolat.eu\/lv\/wp-json\/wp\/v2\/product_cat?post=44101"},{"taxonomy":"product_tag","embeddable":true,"href":"https:\/\/e.kosmolat.eu\/lv\/wp-json\/wp\/v2\/product_tag?post=44101"}],"curies":[{"name":"wp","href":"https:\/\/api.w.org\/{rel}","templated":true}]}}