{"id":44061,"date":"2024-01-31T13:20:58","date_gmt":"2024-01-31T13:20:58","guid":{"rendered":"https:\/\/e.kosmolat.eu\/product\/modum-skidr-saimn-ziepes-ar-organ-lakricas-ekstr-un-citrona-aromatu-925-ml\/"},"modified":"2025-09-20T02:40:10","modified_gmt":"2025-09-20T02:40:10","slug":"modum-skidr-saimn-ziepes-ar-org-lakric-ekstr-un-citr-aromatu-925-ml","status":"publish","type":"product","link":"https:\/\/e.kosmolat.eu\/lv\/product\/modum-skidr-saimn-ziepes-ar-org-lakric-ekstr-un-citr-aromatu-925-ml\/","title":{"rendered":"MODUM \u0160\u0137idr. saimn. ziepes ar org. lakric. ekstr. un citr. arom\u0101tu, 925 ml"},"content":{"rendered":"<p><strong>Lieto&scaron;ana: <\/strong><\/p>\n<p><strong>Trauku mazg\u0101&scaron;anai:<\/strong><br \/>\nuzkl\u0101t ziepes uz mitra s\u016bk\u013ca, saputot, nomazg\u0101t traukus un r\u016bp\u012bgi noskalot ar \u016bdeni.<br \/>\n<strong>Mitrai uzkop&scaron;anai (gr\u012bdu, sienu, virsmu mazg\u0101&scaron;anai):<\/strong> iz&scaron;\u0137\u012bdin\u0101t nelielu l\u012bdzek\u013ca daudzumu \u016bden\u012b, noslauc\u012bt net\u012bro virsmu, p\u0113c tam noskalot ar \u016bdeni vai noslauc\u012bt ar mitru dr\u0101nu. Dro&scaron;s rok\u0101m.<\/p>\n<p><strong>Piesardz\u012bbas pas\u0101kumi:<\/strong> \u0101das kairin\u0101juma, boj\u0101jumu vai aler\u0123isko reakciju gad\u012bjum\u0101 lietot aizsargcimdus.&nbsp;<\/p>\n<p><strong>EUH208 Satur: <\/strong>Metilhlorizotiazolinons un metilizotiazolinons. Var izrais\u012bt aler\u0123isku reakciju. SASKAR\u0112 AR AC\u012aM: Uzman\u012bgi izskalot ar \u016bdeni vair\u0101kas min\u016btes. Iz\u0146emt kontaktl\u0113cas, ja t\u0101s ir ievietotas un ja to var vienk\u0101r&scaron;i izdar\u012bt. Turpin\u0101t skalot. Sarg\u0101t no b\u0113rniem.&nbsp;<\/p>\n<p><strong>Sast\u0101v\u0101: <\/strong>5 % un vair\u0101k, bet maz\u0101k nek\u0101 15% anjonu virsmakt\u012bvo vielu, maz\u0101k par 5 % nejonu virsmakt\u012bvo vielu. Smar\u017eas un arom\u0101tisk\u0101s vielas. Konservanti: Benzyl Alcohol\/ Methylchlorisothiazolinone\/ Methylisothiazolinone. Kr\u0101svielas.<\/p>\n<p><strong>Uzglab\u0101&scaron;anas noteikumi:<\/strong> uzglab\u0101t temperat\u016br\u0101 no +5 &deg;\u0421 l\u012bdz +25 &deg;\u0421, saus\u0101 viet\u0101, vismaz 1 m no apkures ier\u012bc\u0113m, sarg\u0101jot no tie&scaron;iem saules stariem.<br \/>\n&nbsp;<\/p>\n","protected":false},"excerpt":{"rendered":"<p>Lieto&scaron;ana: Trauku mazg\u0101&scaron;anai: uzkl\u0101t ziepes uz mitra s\u016bk\u013ca, saputot, nomazg\u0101t traukus un r\u016bp\u012bgi noskalot ar \u016bdeni. Mitrai uzkop&scaron;anai (gr\u012bdu, sienu, virsmu mazg\u0101&scaron;anai): iz&scaron;\u0137\u012bdin\u0101t nelielu l\u012bdzek\u013ca daudzumu \u016bden\u012b, noslauc\u012bt net\u012bro virsmu, p\u0113c tam noskalot ar \u016bdeni vai noslauc\u012bt ar mitru dr\u0101nu. Dro&scaron;s rok\u0101m. Piesardz\u012bbas pas\u0101kumi: \u0101das kairin\u0101juma, boj\u0101jumu vai aler\u0123isko reakciju gad\u012bjum\u0101 lietot aizsargcimdus.&nbsp; EUH208 Satur: [&#8230;]\n","protected":false},"featured_media":90182,"template":"","meta":[],"product_cat":[1542],"product_tag":[],"class_list":{"0":"post-44061","1":"product","2":"type-product","3":"status-publish","4":"has-post-thumbnail","6":"product_brand-modum_by","7":"product_cat-gridam","9":"first","10":"outofstock","11":"taxable","12":"shipping-taxable","13":"product-type-simple"},"_links":{"self":[{"href":"https:\/\/e.kosmolat.eu\/lv\/wp-json\/wp\/v2\/product\/44061","targetHints":{"allow":["GET"]}}],"collection":[{"href":"https:\/\/e.kosmolat.eu\/lv\/wp-json\/wp\/v2\/product"}],"about":[{"href":"https:\/\/e.kosmolat.eu\/lv\/wp-json\/wp\/v2\/types\/product"}],"wp:featuredmedia":[{"embeddable":true,"href":"https:\/\/e.kosmolat.eu\/lv\/wp-json\/wp\/v2\/media\/90182"}],"wp:attachment":[{"href":"https:\/\/e.kosmolat.eu\/lv\/wp-json\/wp\/v2\/media?parent=44061"}],"wp:term":[{"taxonomy":"product_cat","embeddable":true,"href":"https:\/\/e.kosmolat.eu\/lv\/wp-json\/wp\/v2\/product_cat?post=44061"},{"taxonomy":"product_tag","embeddable":true,"href":"https:\/\/e.kosmolat.eu\/lv\/wp-json\/wp\/v2\/product_tag?post=44061"}],"curies":[{"name":"wp","href":"https:\/\/api.w.org\/{rel}","templated":true}]}}