{"id":44037,"date":"2024-01-31T13:19:50","date_gmt":"2024-01-31T13:19:50","guid":{"rendered":"https:\/\/e.kosmolat.eu\/product\/pro-retinol-12-vitamins-normalizejoss-sejas-fluids-50-g\/"},"modified":"2025-09-20T02:39:09","modified_gmt":"2025-09-20T02:39:09","slug":"pro-retinol-12-vitamins-normalizejoss-sejas-fluids-50-g","status":"publish","type":"product","link":"https:\/\/e.kosmolat.eu\/lv\/product\/pro-retinol-12-vitamins-normalizejoss-sejas-fluids-50-g\/","title":{"rendered":"Pro Retinol + 12 Vitamins Normaliz\u0113jo\u0161s sejas flu\u012bds, 50 g"},"content":{"rendered":"<p>Normaliz\u0113jo&scaron;s flu\u012bds ir paredz\u0113ts taukainai un kombin\u0113tai \u0101dai. Tas samazina taukaino sp\u012bdumu un stimul\u0113 kolag\u0113na sint\u0113zi.&nbsp;94% dab\u012bgas izcelsmes sast\u0101vda\u013cu. Nesatur silikonus, alkoholu un miner\u0101le\u013c\u013cas.<\/p>\n<p><strong>Vitam\u012bnu komplekss:<\/strong><\/p>\n<ul>\n<li><strong>Pro retinols (A)<\/strong> izl\u012bdzina smalk\u0101s grumbi\u0146as, uzlabo \u0101das elast\u012bbu, m\u012bkstina \u0101du un aktiviz\u0113 atjauno&scaron;an\u0101s procesus.<\/li>\n<li><strong>Niacinam\u012bds (B3)<\/strong> stimul\u0113 kolag\u0113na sint\u0113zi, mitrina \u0101du un padara to elast\u012bg\u0101ku.&nbsp;<\/li>\n<li><strong>C vitam\u012bns<\/strong> aizsarg\u0101 \u0101du no priek&scaron;laic\u012bgas noveco&scaron;an\u0101s, izl\u012bdzina \u0101das toni un t\u0101s reljefu.&nbsp;<\/li>\n<li><strong>F vitam\u012bns<\/strong> mazina sausumu, lob\u012b&scaron;anos un atgrie\u017e \u0101dai elast\u012bbu.<\/li>\n<li><strong>P vitam\u012bns<\/strong> ir antioksidants, kam piem\u012bt stiprino&scaron;a iedarb\u012bba.<\/li>\n<li><strong>E vitam\u012bns<\/strong> uzlabo &scaron;\u016bnu pies\u0101tin\u0101jumu ar sk\u0101bekli.<\/li>\n<li><strong>Dab\u012bgs vitam\u012bnu D, B1, B2, B6, B7, B9 avots (raugs)<\/strong> c\u012bn\u0101s ar priek&scaron;laic\u012bgu noveco&scaron;anos un pinn\u0113m, nodro&scaron;ina vesel\u012bgu \u0101das izskatu.<\/li>\n<li><strong>B5 vitam\u012bns<\/strong> mitrina un atjauno \u0101du.<\/li>\n<\/ul>\n<p><strong>Akt\u012bv\u0101s vielas:<\/strong><\/p>\n<ul>\n<li><strong>Cinka PCA <\/strong>mat\u0113, savelk poras, pal\u012bdz c\u012bn\u012bties ar pinn\u0113m un p\u0113caknes p\u0113d\u0101m.<\/li>\n<li><strong>Salicilsk\u0101be<\/strong> regul\u0113 sebuma izstr\u0101di, izgaismo melnos punktus, izl\u012bdzina \u0101das toni un padara to gai&scaron;\u0101ku.<\/li>\n<\/ul>\n<p>Satur A vitam\u012bnu. L\u016bgums pirms lieto&scaron;anas p\u0101rdom\u0101t savu dienas devu.<\/p>\n<p><strong>Lieto&scaron;ana: <\/strong>viegl\u0101m mas\u0101\u017eas kust\u012bb\u0101m uzkl\u0101t uz iepriek&scaron; att\u012br\u012btas sejas \u0101das.<\/p>\n<p>Uzglab\u0101t temperat\u016br\u0101 no +5 &deg;\u0421 l\u012bdz +25 &deg;\u0421.<\/p>\n","protected":false},"excerpt":{"rendered":"<p>Normaliz\u0113jo&scaron;s flu\u012bds ir paredz\u0113ts taukainai un kombin\u0113tai \u0101dai. Tas samazina taukaino sp\u012bdumu un stimul\u0113 kolag\u0113na sint\u0113zi.&nbsp;94% dab\u012bgas izcelsmes sast\u0101vda\u013cu. Nesatur silikonus, alkoholu un miner\u0101le\u013c\u013cas. Vitam\u012bnu komplekss: Pro retinols (A) izl\u012bdzina smalk\u0101s grumbi\u0146as, uzlabo \u0101das elast\u012bbu, m\u012bkstina \u0101du un aktiviz\u0113 atjauno&scaron;an\u0101s procesus. Niacinam\u012bds (B3) stimul\u0113 kolag\u0113na sint\u0113zi, mitrina \u0101du un padara to elast\u012bg\u0101ku.&nbsp; C vitam\u012bns aizsarg\u0101 [&#8230;]\n","protected":false},"featured_media":90166,"template":"","meta":[],"product_cat":[1327],"product_tag":[],"class_list":{"0":"post-44037","1":"product","2":"type-product","3":"status-publish","4":"has-post-thumbnail","6":"product_brand-modum_by","7":"product_cat-serumai","9":"first","10":"outofstock","11":"taxable","12":"shipping-taxable","13":"product-type-simple"},"_links":{"self":[{"href":"https:\/\/e.kosmolat.eu\/lv\/wp-json\/wp\/v2\/product\/44037","targetHints":{"allow":["GET"]}}],"collection":[{"href":"https:\/\/e.kosmolat.eu\/lv\/wp-json\/wp\/v2\/product"}],"about":[{"href":"https:\/\/e.kosmolat.eu\/lv\/wp-json\/wp\/v2\/types\/product"}],"wp:featuredmedia":[{"embeddable":true,"href":"https:\/\/e.kosmolat.eu\/lv\/wp-json\/wp\/v2\/media\/90166"}],"wp:attachment":[{"href":"https:\/\/e.kosmolat.eu\/lv\/wp-json\/wp\/v2\/media?parent=44037"}],"wp:term":[{"taxonomy":"product_cat","embeddable":true,"href":"https:\/\/e.kosmolat.eu\/lv\/wp-json\/wp\/v2\/product_cat?post=44037"},{"taxonomy":"product_tag","embeddable":true,"href":"https:\/\/e.kosmolat.eu\/lv\/wp-json\/wp\/v2\/product_tag?post=44037"}],"curies":[{"name":"wp","href":"https:\/\/api.w.org\/{rel}","templated":true}]}}