{"id":44013,"date":"2024-01-31T13:18:50","date_gmt":"2024-01-31T13:18:50","guid":{"rendered":"https:\/\/e.kosmolat.eu\/product\/pro-retinol-12-vitamins-barojoss-sos-sejas-fluids-50-g\/"},"modified":"2025-09-20T02:37:51","modified_gmt":"2025-09-20T02:37:51","slug":"pro-retinol-12-vitamins-barojoss-sos-sejas-fluids-50-g","status":"publish","type":"product","link":"https:\/\/e.kosmolat.eu\/lv\/product\/pro-retinol-12-vitamins-barojoss-sos-sejas-fluids-50-g\/","title":{"rendered":"Pro Retinol + 12 Vitamins Barojo\u0161s SOS-Sejas flu\u012bds, 50 g"},"content":{"rendered":"<p>Piem\u0113rots norm\u0101lai un sausai \u0101dai. 95% dabiskas izcelsmes sast\u0101vda\u013cu. Nesatur silikonus, alkoholu un miner\u0101le\u013c\u013cas.<\/p>\n<p><strong>Vitam\u012bnu komplekss:<\/strong><\/p>\n<ul>\n<li><strong>Pro retinols (A)<\/strong> izl\u012bdzina smalk\u0101s grumbi\u0146as, uzlabo \u0101das elast\u012bbu, m\u012bkstina \u0101du un aktiviz\u0113 atjauno&scaron;an\u0101s procesus.<\/li>\n<li><strong>Niacinam\u012bds (B3)<\/strong> stimul\u0113 kolag\u0113na sint\u0113zi, mitrina \u0101du un padara to elast\u012bg\u0101ku.&nbsp;<\/li>\n<li><strong>C vitam\u012bns<\/strong> aizsarg\u0101 \u0101du no priek&scaron;laic\u012bgas noveco&scaron;an\u0101s, izl\u012bdzina \u0101das toni un t\u0101s reljefu.&nbsp;<\/li>\n<li><strong>F vitam\u012bns<\/strong> mazina sausumu, lob\u012b&scaron;anos un atgrie\u017e \u0101dai elast\u012bbu.<\/li>\n<li><strong>P vitam\u012bns<\/strong>&nbsp;ir antioksidants, kam piem\u012bt stiprino&scaron;a iedarb\u012bba.<\/li>\n<li><strong>E vitam\u012bns<\/strong> uzlabo &scaron;\u016bnu pies\u0101tin\u0101jumu ar sk\u0101bekli.<\/li>\n<li><strong>Dabisks&nbsp;vitam\u012bnu D, B1, B2, B6, B7, B9 avots (raugs<\/strong>) c\u012bn\u0101s ar priek&scaron;laic\u012bgu noveco&scaron;anos un pinn\u0113m, nodro&scaron;ina vesel\u012bgu \u0101das izskatu.<\/li>\n<li><strong>B5 vitam\u012bns<\/strong> mitrina un atjauno \u0101du.<\/li>\n<\/ul>\n<p><strong>Akt\u012bv\u0101s vielas:<\/strong><\/p>\n<ul>\n<li><strong>Ur\u012bnviela<\/strong> mitrina, m\u012bkstina, saglab\u0101 mitrumu \u0101d\u0101 un aizsarg\u0101 to.<\/li>\n<li><strong>Kokosriekstu e\u013c\u013ca<\/strong> mitrina, baro un aizsarg\u0101 \u0101du no apk\u0101rt\u0113j\u0101s vides negat\u012bviem faktoriem.<\/li>\n<li><strong>Kakao sviests<\/strong> uzlabo \u0101das tonusu, elast\u012bbu un veicina \u0101das atjauno&scaron;anos.<\/li>\n<\/ul>\n<p>Satur A vitam\u012bnu. L\u016bgums pirms lieto&scaron;anas p\u0101rdom\u0101t savu dienas devu.<\/p>\n<p><strong>Lieto&scaron;ana:<\/strong> viegl\u0101m mas\u0101\u017eas kust\u012bb\u0101m uzkl\u0101t uz iepriek&scaron; att\u012br\u012btas sejas \u0101das.<\/p>\n<p>Uzglab\u0101t temperat\u016br\u0101 no +5 &deg;\u0421 l\u012bdz +25 &deg;\u0421.<br \/>\n&nbsp;<\/p>\n","protected":false},"excerpt":{"rendered":"<p>Piem\u0113rots norm\u0101lai un sausai \u0101dai. 95% dabiskas izcelsmes sast\u0101vda\u013cu. Nesatur silikonus, alkoholu un miner\u0101le\u013c\u013cas. Vitam\u012bnu komplekss: Pro retinols (A) izl\u012bdzina smalk\u0101s grumbi\u0146as, uzlabo \u0101das elast\u012bbu, m\u012bkstina \u0101du un aktiviz\u0113 atjauno&scaron;an\u0101s procesus. Niacinam\u012bds (B3) stimul\u0113 kolag\u0113na sint\u0113zi, mitrina \u0101du un padara to elast\u012bg\u0101ku.&nbsp; C vitam\u012bns aizsarg\u0101 \u0101du no priek&scaron;laic\u012bgas noveco&scaron;an\u0101s, izl\u012bdzina \u0101das toni un t\u0101s reljefu.&nbsp; [&#8230;]\n","protected":false},"featured_media":90146,"template":"","meta":[],"product_cat":[1328],"product_tag":[],"class_list":{"0":"post-44013","1":"product","2":"type-product","3":"status-publish","4":"has-post-thumbnail","6":"product_brand-modum_by","7":"product_cat-1328","9":"first","10":"outofstock","11":"taxable","12":"shipping-taxable","13":"product-type-simple"},"_links":{"self":[{"href":"https:\/\/e.kosmolat.eu\/lv\/wp-json\/wp\/v2\/product\/44013","targetHints":{"allow":["GET"]}}],"collection":[{"href":"https:\/\/e.kosmolat.eu\/lv\/wp-json\/wp\/v2\/product"}],"about":[{"href":"https:\/\/e.kosmolat.eu\/lv\/wp-json\/wp\/v2\/types\/product"}],"wp:featuredmedia":[{"embeddable":true,"href":"https:\/\/e.kosmolat.eu\/lv\/wp-json\/wp\/v2\/media\/90146"}],"wp:attachment":[{"href":"https:\/\/e.kosmolat.eu\/lv\/wp-json\/wp\/v2\/media?parent=44013"}],"wp:term":[{"taxonomy":"product_cat","embeddable":true,"href":"https:\/\/e.kosmolat.eu\/lv\/wp-json\/wp\/v2\/product_cat?post=44013"},{"taxonomy":"product_tag","embeddable":true,"href":"https:\/\/e.kosmolat.eu\/lv\/wp-json\/wp\/v2\/product_tag?post=44013"}],"curies":[{"name":"wp","href":"https:\/\/api.w.org\/{rel}","templated":true}]}}