{"id":44005,"date":"2024-01-31T13:18:26","date_gmt":"2024-01-31T13:18:26","guid":{"rendered":"https:\/\/e.kosmolat.eu\/product\/dr-s-smooth-relax-banana-hair-nogludinoss-matu-sprejs-150-ml\/"},"modified":"2025-09-20T02:37:35","modified_gmt":"2025-09-20T02:37:35","slug":"i_dr-s-smooth-relax-banana-hair-nogludinoss-matu-sprejs-150-ml","status":"publish","type":"product","link":"https:\/\/e.kosmolat.eu\/lv\/product\/i_dr-s-smooth-relax-banana-hair-nogludinoss-matu-sprejs-150-ml\/","title":{"rendered":"I_Dr. S Smooth Relax Banana Hair Nogludino\u0161s matu sprejs, 150 ml"},"content":{"rendered":"<p><strong>Lieto&scaron;ana: <\/strong>uzkl\u0101t uz mitriem vai sausiem matiem, izsmidzin\u0101t att\u0101lum\u0101 15-20 cm. Nenomazg\u0101t.<\/p>\n<p><strong>Piesardz\u012bbas pas\u0101kumi:<\/strong> iek\u013c\u016bstot ac\u012bs, izskalot ar \u016bdeni.<\/p>\n<p>Uzglab\u0101t temperat\u016br\u0101 no +5 &deg;C l\u012bdz +25 &deg;\u0421.<br \/>\n&nbsp;<\/p>\n","protected":false},"excerpt":{"rendered":"<p>Lieto&scaron;ana: uzkl\u0101t uz mitriem vai sausiem matiem, izsmidzin\u0101t att\u0101lum\u0101 15-20 cm. Nenomazg\u0101t. Piesardz\u012bbas pas\u0101kumi: iek\u013c\u016bstot ac\u012bs, izskalot ar \u016bdeni. Uzglab\u0101t temperat\u016br\u0101 no +5 &deg;C l\u012bdz +25 &deg;\u0421. &nbsp;<\/p>\n","protected":false},"featured_media":90142,"template":"","meta":[],"product_cat":[1343],"product_tag":[],"class_list":{"0":"post-44005","1":"product","2":"type-product","3":"status-publish","4":"has-post-thumbnail","6":"product_brand-elfa_ua","7":"product_cat-citi-matu-kopsanas-produkti","9":"first","10":"outofstock","11":"taxable","12":"shipping-taxable","13":"product-type-simple"},"_links":{"self":[{"href":"https:\/\/e.kosmolat.eu\/lv\/wp-json\/wp\/v2\/product\/44005","targetHints":{"allow":["GET"]}}],"collection":[{"href":"https:\/\/e.kosmolat.eu\/lv\/wp-json\/wp\/v2\/product"}],"about":[{"href":"https:\/\/e.kosmolat.eu\/lv\/wp-json\/wp\/v2\/types\/product"}],"wp:featuredmedia":[{"embeddable":true,"href":"https:\/\/e.kosmolat.eu\/lv\/wp-json\/wp\/v2\/media\/90142"}],"wp:attachment":[{"href":"https:\/\/e.kosmolat.eu\/lv\/wp-json\/wp\/v2\/media?parent=44005"}],"wp:term":[{"taxonomy":"product_cat","embeddable":true,"href":"https:\/\/e.kosmolat.eu\/lv\/wp-json\/wp\/v2\/product_cat?post=44005"},{"taxonomy":"product_tag","embeddable":true,"href":"https:\/\/e.kosmolat.eu\/lv\/wp-json\/wp\/v2\/product_tag?post=44005"}],"curies":[{"name":"wp","href":"https:\/\/api.w.org\/{rel}","templated":true}]}}