{"id":43997,"date":"2024-01-31T13:18:05","date_gmt":"2024-01-31T13:18:05","guid":{"rendered":"https:\/\/e.kosmolat.eu\/product\/fj-vannas-sals-banans-un-melone-500-g\/"},"modified":"2026-04-17T07:01:10","modified_gmt":"2026-04-17T07:01:10","slug":"fj-vannas-sals-banans-un-melone-500-g","status":"publish","type":"product","link":"https:\/\/e.kosmolat.eu\/lv\/product\/fj-vannas-sals-banans-un-melone-500-g\/","title":{"rendered":"FJ Vannas s\u0101ls Ban\u0101ns un melone, 500 g"},"content":{"rendered":"<p>Ar ban\u0101nna, melones ekstraktiem un monoi e\u013c\u013cu.<\/p>\n<p><strong>Lieto&scaron;ana:<\/strong>&nbsp;pirms lieto&scaron;anas sakrat\u012bt. Iz&scaron;\u0137\u012bdin\u0101t 100-150 g s\u0101ls vann\u0101 ar siltu \u016bdeni (+ 37&deg;C).&nbsp;Vannoties 15-20 min\u016btes, tad noskalot ar siltu \u016bdeni.&nbsp;<\/p>\n<p><strong>Piesardz\u012bbas pas\u0101kumi<\/strong>: tikai \u0101r\u012bgai lieto&scaron;anai. Izvair\u012bties no iek\u013c\u016b&scaron;anas ac\u012bs. Ja nok\u013c\u016bst ac\u012bs, izskalot ar \u016bdeni. Iesp\u0113jama paaugstin\u0101ta individu\u0101l\u0101 jut\u012bba pret atsevi&scaron;\u0137\u0101m sast\u0101vda\u013c\u0101m.<\/p>\n<p><strong>Der\u012bguma termi\u0146&scaron;:<\/strong> 36 m\u0113ne&scaron;i no izgatavo&scaron;anas datuma.<\/p>\n<p>Uzglab\u0101t temperat\u016br\u0101 no +5 &deg;C l\u012bdz +25 &deg;\u0421.<br \/>\n&nbsp;<\/p>\n","protected":false},"excerpt":{"rendered":"<p>Ar ban\u0101nna, melones ekstraktiem un monoi e\u013c\u013cu. Lieto&scaron;ana:&nbsp;pirms lieto&scaron;anas sakrat\u012bt. Iz&scaron;\u0137\u012bdin\u0101t 100-150 g s\u0101ls vann\u0101 ar siltu \u016bdeni (+ 37&deg;C).&nbsp;Vannoties 15-20 min\u016btes, tad noskalot ar siltu \u016bdeni.&nbsp; Piesardz\u012bbas pas\u0101kumi: tikai \u0101r\u012bgai lieto&scaron;anai. Izvair\u012bties no iek\u013c\u016b&scaron;anas ac\u012bs. Ja nok\u013c\u016bst ac\u012bs, izskalot ar \u016bdeni. Iesp\u0113jama paaugstin\u0101ta individu\u0101l\u0101 jut\u012bba pret atsevi&scaron;\u0137\u0101m sast\u0101vda\u013c\u0101m. Der\u012bguma termi\u0146&scaron;: 36 m\u0113ne&scaron;i no izgatavo&scaron;anas [&#8230;]\n","protected":false},"featured_media":90102,"template":"","meta":[],"product_cat":[1999],"product_tag":[],"class_list":{"0":"post-43997","1":"product","2":"type-product","3":"status-publish","4":"has-post-thumbnail","6":"product_brand-elfa_ua","7":"product_cat-bez-kategorijas","9":"first","10":"instock","11":"taxable","12":"shipping-taxable","13":"product-type-simple"},"_links":{"self":[{"href":"https:\/\/e.kosmolat.eu\/lv\/wp-json\/wp\/v2\/product\/43997","targetHints":{"allow":["GET"]}}],"collection":[{"href":"https:\/\/e.kosmolat.eu\/lv\/wp-json\/wp\/v2\/product"}],"about":[{"href":"https:\/\/e.kosmolat.eu\/lv\/wp-json\/wp\/v2\/types\/product"}],"wp:featuredmedia":[{"embeddable":true,"href":"https:\/\/e.kosmolat.eu\/lv\/wp-json\/wp\/v2\/media\/90102"}],"wp:attachment":[{"href":"https:\/\/e.kosmolat.eu\/lv\/wp-json\/wp\/v2\/media?parent=43997"}],"wp:term":[{"taxonomy":"product_cat","embeddable":true,"href":"https:\/\/e.kosmolat.eu\/lv\/wp-json\/wp\/v2\/product_cat?post=43997"},{"taxonomy":"product_tag","embeddable":true,"href":"https:\/\/e.kosmolat.eu\/lv\/wp-json\/wp\/v2\/product_tag?post=43997"}],"curies":[{"name":"wp","href":"https:\/\/api.w.org\/{rel}","templated":true}]}}