{"id":43981,"date":"2024-01-31T13:17:22","date_gmt":"2024-01-31T13:17:22","guid":{"rendered":"https:\/\/e.kosmolat.eu\/product\/omega-369-intens-balzams-matiem-ar-vertigam-ellam-180-g\/"},"modified":"2025-09-20T02:33:41","modified_gmt":"2025-09-20T02:33:41","slug":"omega-369-intens-balzams-matiem-ar-vertigam-ellam-180-g","status":"publish","type":"product","link":"https:\/\/e.kosmolat.eu\/lv\/product\/omega-369-intens-balzams-matiem-ar-vertigam-ellam-180-g\/","title":{"rendered":"OMEGA 369 Intens. balzams matiem \u0105r v\u0113rt\u012bg\u0101m e\u013c\u013c\u0101m, 180 g"},"content":{"rendered":"<ul>\n<li>100% organisk\u0101 e\u013c\u013ca Inca Omega Oil uztur galvas \u0101das dabisko lip\u012bdu barjeru un efekt\u012bvi nov\u0113r&scaron; diskomfortu, kas saist\u012bts ar sausumu. Omega 3, 6, 9 tauksk\u0101bes baro matu folikulus, veidojot labv\u0113l\u012bgus apst\u0101k\u013cus vesel\u012bgu un stipru matu aug&scaron;anai.<\/li>\n<li>Omega Plus &ndash; saulespu\u0137u, kukur\u016bzas, sezama, makad\u0101mijas un ol\u012bvu v\u0113rt\u012bgo e\u013c\u013cu komplekss pasarg\u0101 matus no trausluma, sausuma un &scaron;\u0137eltiem matu galiem, padarot v\u0101jus un trauslus matus elast\u012bg\u0101kus un sp\u012bd\u012bg\u0101kus.<\/li>\n<li>Maiga kondicion\u0113jo&scaron;a piedeva aizsarg\u0101 matus no boj\u0101jumiem, atvieglo \u0137emm\u0113&scaron;anu un pie&scaron;\u0137ir tiem apburo&scaron;u gludumu un sp\u012bdumu. Piem\u0113rots bie\u017eai lieto&scaron;anai.<\/li>\n<\/ul>\n<p><strong>Lieto&scaron;ana:<\/strong> uzkl\u0101t uz t\u012briem, mitriem matiem vis\u0101 garum\u0101, p\u0113c 3-5 min\u016bt\u0113m izskalot.<\/p>\n<p><strong>Piesardz\u012bbas pas\u0101kumi:<\/strong> ja nok\u013c\u016bst ac\u012bs, r\u016bp\u012bgi izskalot ar \u016bdeni.<\/p>\n<p>Uzglab\u0101t temperat\u016br\u0101 no +5 &deg;\u0421 l\u012bdz +25 &deg;\u0421.&nbsp;<\/p>\n<p><strong>Der\u012bguma termi\u0146&scaron;:<\/strong> 36 m\u0113ne&scaron;i.<br \/>\n&nbsp;<\/p>\n","protected":false},"excerpt":{"rendered":"<p>100% organisk\u0101 e\u013c\u013ca Inca Omega Oil uztur galvas \u0101das dabisko lip\u012bdu barjeru un efekt\u012bvi nov\u0113r&scaron; diskomfortu, kas saist\u012bts ar sausumu. Omega 3, 6, 9 tauksk\u0101bes baro matu folikulus, veidojot labv\u0113l\u012bgus apst\u0101k\u013cus vesel\u012bgu un stipru matu aug&scaron;anai. Omega Plus &ndash; saulespu\u0137u, kukur\u016bzas, sezama, makad\u0101mijas un ol\u012bvu v\u0113rt\u012bgo e\u013c\u013cu komplekss pasarg\u0101 matus no trausluma, sausuma un &scaron;\u0137eltiem [&#8230;]\n","protected":false},"featured_media":90086,"template":"","meta":[],"product_cat":[1638],"product_tag":[],"class_list":{"0":"post-43981","1":"product","2":"type-product","3":"status-publish","4":"has-post-thumbnail","6":"product_brand-belkosmex_by","7":"product_cat-balzami","9":"first","10":"outofstock","11":"taxable","12":"shipping-taxable","13":"product-type-simple"},"_links":{"self":[{"href":"https:\/\/e.kosmolat.eu\/lv\/wp-json\/wp\/v2\/product\/43981","targetHints":{"allow":["GET"]}}],"collection":[{"href":"https:\/\/e.kosmolat.eu\/lv\/wp-json\/wp\/v2\/product"}],"about":[{"href":"https:\/\/e.kosmolat.eu\/lv\/wp-json\/wp\/v2\/types\/product"}],"wp:featuredmedia":[{"embeddable":true,"href":"https:\/\/e.kosmolat.eu\/lv\/wp-json\/wp\/v2\/media\/90086"}],"wp:attachment":[{"href":"https:\/\/e.kosmolat.eu\/lv\/wp-json\/wp\/v2\/media?parent=43981"}],"wp:term":[{"taxonomy":"product_cat","embeddable":true,"href":"https:\/\/e.kosmolat.eu\/lv\/wp-json\/wp\/v2\/product_cat?post=43981"},{"taxonomy":"product_tag","embeddable":true,"href":"https:\/\/e.kosmolat.eu\/lv\/wp-json\/wp\/v2\/product_tag?post=43981"}],"curies":[{"name":"wp","href":"https:\/\/api.w.org\/{rel}","templated":true}]}}