{"id":43941,"date":"2024-01-31T13:15:27","date_gmt":"2024-01-31T13:15:27","guid":{"rendered":"https:\/\/e.kosmolat.eu\/product\/ch-lecithin-matu-samp-atjaunos-un-gludums-500-g\/"},"modified":"2025-09-20T02:32:25","modified_gmt":"2025-09-20T02:32:25","slug":"ch-lecithin-matu-samp-atjaunos-un-gludums-500-g","status":"publish","type":"product","link":"https:\/\/e.kosmolat.eu\/lv\/product\/ch-lecithin-matu-samp-atjaunos-un-gludums-500-g\/","title":{"rendered":"CH lecithin+ Matu \u0161amp.  Atjauno\u0161. un gludums, 500 g"},"content":{"rendered":"<p>&Scaron;amp\u016bns ir ide\u0101li piem\u0113rots pl\u0101niem un boj\u0101tiem matiem. Produkta formula ir iztr\u0101d\u0101ta, lai atjaunot matus, nenoslogojot tos. C\u012bn\u0101s ar sa&scaron;\u0137eltiem matu galiem un atvieglo \u0137emm\u0113&scaron;anu.&nbsp;<\/p>\n<p><strong>LECIT\u012aNS (Lecithin)<\/strong> &#8211; unik\u0101ls fosfolip\u012bdu komplekss, kas pozit\u012bvi ietekm\u0113 matu un galvas \u0101das st\u0101vokli. Lecit\u012bns m\u012bkstina un mitrina galvas \u0101du, izl\u012bdzina matu strukt\u016bru un veicina matu atjauno&scaron;anos. Pie&scaron;\u0137ir matiem sp\u012bdumu, z\u012bdainumu un vesel\u012bgu izskatu.<\/p>\n<p><strong>KERAT\u012aNS (Hydrolized Keratin)<\/strong> &ndash; struktur\u0101li l\u012bdz\u012bgs matiem prote\u012bns. Iek\u013c\u016bstot matos, tas aizpilda tuk&scaron;umus, mitrina un stiprina boj\u0101tus matus, padarot tos biez\u0101kus un sp\u012bd\u012bg\u0101kus.&nbsp;<\/p>\n<p><strong>HIALURONSK\u0100BE (Sodium Hyaluronate)<\/strong> &#8211; hidratants, kas veido aizsargpl\u0113vi, saglab\u0101 mitrumu un nov\u0113r&scaron; t\u0101 iztvaiko&scaron;anu. Nov\u0113r&scaron; galvas \u0101das sausumu un saspringuma saj\u016btu, saglab\u0101jot mitrumu matu stiebr\u0101 un pie&scaron;\u0137irot tiem elast\u012bbu, sp\u0113ku un sp\u012bdumu.<\/p>\n<p><strong>Lieto&scaron;ana: <\/strong>uzkl\u0101t uz mitriem matiem, viegli iemas\u0113t, l\u012bdz veidojas putas, r\u016bp\u012bgi izskalot. Piem\u0113rots ikdienas lieto&scaron;anai.<\/p>\n<p><strong>Piesardz\u012bbas pas\u0101kumi: <\/strong>ja nok\u013c\u016bst ac\u012bs, r\u016bp\u012bgi izskalot ar \u016bdeni.<\/p>\n<p>Uzglab\u0101t temperat\u016br\u0101 no +5 &deg;\u0421 l\u012bdz +25 &deg;\u0421, sarg\u0101jot no tie&scaron;iem saules stariem.<\/p>\n<p><strong>Der\u012bguma termi\u0146&scaron;: <\/strong>36 m\u0113ne&scaron;i.<br \/>\n&nbsp;<\/p>\n","protected":false},"excerpt":{"rendered":"<p>&Scaron;amp\u016bns ir ide\u0101li piem\u0113rots pl\u0101niem un boj\u0101tiem matiem. Produkta formula ir iztr\u0101d\u0101ta, lai atjaunot matus, nenoslogojot tos. C\u012bn\u0101s ar sa&scaron;\u0137eltiem matu galiem un atvieglo \u0137emm\u0113&scaron;anu.&nbsp; LECIT\u012aNS (Lecithin) &#8211; unik\u0101ls fosfolip\u012bdu komplekss, kas pozit\u012bvi ietekm\u0113 matu un galvas \u0101das st\u0101vokli. Lecit\u012bns m\u012bkstina un mitrina galvas \u0101du, izl\u012bdzina matu strukt\u016bru un veicina matu atjauno&scaron;anos. Pie&scaron;\u0137ir matiem sp\u012bdumu, [&#8230;]\n","protected":false},"featured_media":90066,"template":"","meta":[],"product_cat":[1248],"product_tag":[],"class_list":{"0":"post-43941","1":"product","2":"type-product","3":"status-publish","4":"has-post-thumbnail","6":"product_brand-belkosmex_by","7":"product_cat-sampuni","9":"first","10":"outofstock","11":"taxable","12":"shipping-taxable","13":"product-type-simple"},"_links":{"self":[{"href":"https:\/\/e.kosmolat.eu\/lv\/wp-json\/wp\/v2\/product\/43941","targetHints":{"allow":["GET"]}}],"collection":[{"href":"https:\/\/e.kosmolat.eu\/lv\/wp-json\/wp\/v2\/product"}],"about":[{"href":"https:\/\/e.kosmolat.eu\/lv\/wp-json\/wp\/v2\/types\/product"}],"wp:featuredmedia":[{"embeddable":true,"href":"https:\/\/e.kosmolat.eu\/lv\/wp-json\/wp\/v2\/media\/90066"}],"wp:attachment":[{"href":"https:\/\/e.kosmolat.eu\/lv\/wp-json\/wp\/v2\/media?parent=43941"}],"wp:term":[{"taxonomy":"product_cat","embeddable":true,"href":"https:\/\/e.kosmolat.eu\/lv\/wp-json\/wp\/v2\/product_cat?post=43941"},{"taxonomy":"product_tag","embeddable":true,"href":"https:\/\/e.kosmolat.eu\/lv\/wp-json\/wp\/v2\/product_tag?post=43941"}],"curies":[{"name":"wp","href":"https:\/\/api.w.org\/{rel}","templated":true}]}}