{"id":43909,"date":"2024-01-31T13:14:09","date_gmt":"2024-01-31T13:14:09","guid":{"rendered":"https:\/\/e.kosmolat.eu\/product\/dermomed-thermal-bio-argan-kerm-losjons-visiem-adas-tip-250-ml\/"},"modified":"2026-04-17T06:29:05","modified_gmt":"2026-04-17T06:29:05","slug":"dermomed-thermal-bio-argan-kerm-losjons-visiem-adas-tip-250-ml","status":"publish","type":"product","link":"https:\/\/e.kosmolat.eu\/lv\/product\/dermomed-thermal-bio-argan-kerm-losjons-visiem-adas-tip-250-ml\/","title":{"rendered":"DERMOMED Thermal  Bio Argan \u0137erm. losjons visiem \u0101das tip., 250 ml"},"content":{"rendered":"<p>T\u012brs \u016bdens no seniem term\u0101lajiem avotiem padara \u0137erme\u0146a losjonu par ide\u0101lu sabiedroto c\u012b\u0146\u0101 pret noveco&scaron;an\u0101s paz\u012bm\u0113m. Losjons ar augstu panesam\u012bbu padara \u0101du glud\u0101ku un mirdzo&scaron;\u0101ku. Ar remineraliz\u0113jo&scaron;u term\u0101lo \u016bdeni, provitam\u012bnu B5 un argana e\u013c\u013cu.<\/p>\n<p>\n&nbsp;<\/p>\n","protected":false},"excerpt":{"rendered":"<p>T\u012brs \u016bdens no seniem term\u0101lajiem avotiem padara \u0137erme\u0146a losjonu par ide\u0101lu sabiedroto c\u012b\u0146\u0101 pret noveco&scaron;an\u0101s paz\u012bm\u0113m. Losjons ar augstu panesam\u012bbu padara \u0101du glud\u0101ku un mirdzo&scaron;\u0101ku. Ar remineraliz\u0113jo&scaron;u term\u0101lo \u016bdeni, provitam\u012bnu B5 un argana e\u013c\u013cu. &nbsp;<\/p>\n","protected":false},"featured_media":90434,"template":"","meta":[],"product_cat":[1999],"product_tag":[],"class_list":{"0":"post-43909","1":"product","2":"type-product","3":"status-publish","4":"has-post-thumbnail","6":"product_brand-italchimica-it","7":"product_cat-bez-kategorijas","9":"first","10":"outofstock","11":"taxable","12":"shipping-taxable","13":"product-type-simple"},"_links":{"self":[{"href":"https:\/\/e.kosmolat.eu\/lv\/wp-json\/wp\/v2\/product\/43909","targetHints":{"allow":["GET"]}}],"collection":[{"href":"https:\/\/e.kosmolat.eu\/lv\/wp-json\/wp\/v2\/product"}],"about":[{"href":"https:\/\/e.kosmolat.eu\/lv\/wp-json\/wp\/v2\/types\/product"}],"wp:featuredmedia":[{"embeddable":true,"href":"https:\/\/e.kosmolat.eu\/lv\/wp-json\/wp\/v2\/media\/90434"}],"wp:attachment":[{"href":"https:\/\/e.kosmolat.eu\/lv\/wp-json\/wp\/v2\/media?parent=43909"}],"wp:term":[{"taxonomy":"product_cat","embeddable":true,"href":"https:\/\/e.kosmolat.eu\/lv\/wp-json\/wp\/v2\/product_cat?post=43909"},{"taxonomy":"product_tag","embeddable":true,"href":"https:\/\/e.kosmolat.eu\/lv\/wp-json\/wp\/v2\/product_tag?post=43909"}],"curies":[{"name":"wp","href":"https:\/\/api.w.org\/{rel}","templated":true}]}}