{"id":43901,"date":"2024-01-31T13:13:51","date_gmt":"2024-01-31T13:13:51","guid":{"rendered":"https:\/\/e.kosmolat.eu\/product\/dermomed-thermal-barojoss-kerm-losjons-sausai-adai-250-ml\/"},"modified":"2026-04-14T15:59:50","modified_gmt":"2026-04-14T15:59:50","slug":"dermomed-thermal-barojoss-kerm-losjons-sausai-adai-250-ml","status":"publish","type":"product","link":"https:\/\/e.kosmolat.eu\/lv\/product\/dermomed-thermal-barojoss-kerm-losjons-sausai-adai-250-ml\/","title":{"rendered":"DERMOMED Thermal Barojo\u0161s \u0137erm. losjons sausai \u0101dai, 250 ml"},"content":{"rendered":"<p>T\u012brs \u016bdens no seniem term\u0101lajiem avotiem padara \u0137erme\u0146a losjonu par ide\u0101lu sabiedroto c\u012b\u0146\u0101 pret pirmaj\u0101m sausuma un \u0101das jut\u012bguma paz\u012bm\u0113m. Losjons ar augstu panesam\u012bbu pie&scaron;\u0137ir \u0101dai ilgsto&scaron;u z\u012bdainuma saj\u016btu. Ar remineraliz\u0113jo&scaron;u term\u0101lo \u016bdeni, E vitam\u012bnu un lins\u0113klu e\u013c\u013cu.<\/p>\n","protected":false},"excerpt":{"rendered":"<p>T\u012brs \u016bdens no seniem term\u0101lajiem avotiem padara \u0137erme\u0146a losjonu par ide\u0101lu sabiedroto c\u012b\u0146\u0101 pret pirmaj\u0101m sausuma un \u0101das jut\u012bguma paz\u012bm\u0113m. Losjons ar augstu panesam\u012bbu pie&scaron;\u0137ir \u0101dai ilgsto&scaron;u z\u012bdainuma saj\u016btu. Ar remineraliz\u0113jo&scaron;u term\u0101lo \u016bdeni, E vitam\u012bnu un lins\u0113klu e\u013c\u013cu.<\/p>\n","protected":false},"featured_media":90430,"template":"","meta":[],"product_cat":[1390],"product_tag":[],"class_list":{"0":"post-43901","1":"product","2":"type-product","3":"status-publish","4":"has-post-thumbnail","6":"product_brand-italchimica-it","7":"product_cat-kremai-aliejai-kuno-pienelis","9":"first","10":"instock","11":"taxable","12":"shipping-taxable","13":"product-type-simple"},"_links":{"self":[{"href":"https:\/\/e.kosmolat.eu\/lv\/wp-json\/wp\/v2\/product\/43901","targetHints":{"allow":["GET"]}}],"collection":[{"href":"https:\/\/e.kosmolat.eu\/lv\/wp-json\/wp\/v2\/product"}],"about":[{"href":"https:\/\/e.kosmolat.eu\/lv\/wp-json\/wp\/v2\/types\/product"}],"wp:featuredmedia":[{"embeddable":true,"href":"https:\/\/e.kosmolat.eu\/lv\/wp-json\/wp\/v2\/media\/90430"}],"wp:attachment":[{"href":"https:\/\/e.kosmolat.eu\/lv\/wp-json\/wp\/v2\/media?parent=43901"}],"wp:term":[{"taxonomy":"product_cat","embeddable":true,"href":"https:\/\/e.kosmolat.eu\/lv\/wp-json\/wp\/v2\/product_cat?post=43901"},{"taxonomy":"product_tag","embeddable":true,"href":"https:\/\/e.kosmolat.eu\/lv\/wp-json\/wp\/v2\/product_tag?post=43901"}],"curies":[{"name":"wp","href":"https:\/\/api.w.org\/{rel}","templated":true}]}}