{"id":43893,"date":"2024-01-31T13:13:36","date_gmt":"2024-01-31T13:13:36","guid":{"rendered":"https:\/\/e.kosmolat.eu\/product\/dermomed-zel-intim-hig-ar-islandes-kerpja-ekstr-un-provit-b5-250-ml\/"},"modified":"2026-04-22T12:18:26","modified_gmt":"2026-04-22T12:18:26","slug":"dermomed-zel-intim-hig-ar-islandes-kerpja-ekstr-un-provit-b5-250-ml","status":"publish","type":"product","link":"https:\/\/e.kosmolat.eu\/lv\/product\/dermomed-zel-intim-hig-ar-islandes-kerpja-ekstr-un-provit-b5-250-ml\/","title":{"rendered":"DERMOMED \u017del. int\u012bm. hig. ar Islandes \u0137\u0113rpja ekstr. un provit. B5, 250 ml"},"content":{"rendered":"<p>Mikrobiolo\u0123iski un dermatolo\u0123iski p\u0101rbaud\u012bts.<\/p>\n","protected":false},"excerpt":{"rendered":"<p>Mikrobiolo\u0123iski un dermatolo\u0123iski p\u0101rbaud\u012bts.<\/p>\n","protected":false},"featured_media":90422,"template":"","meta":[],"product_cat":[2181],"product_tag":[],"class_list":{"0":"post-43893","1":"product","2":"type-product","3":"status-publish","4":"has-post-thumbnail","6":"product_brand-italchimica-it","7":"product_cat-bez-kategorijas-lt","9":"first","10":"instock","11":"taxable","12":"shipping-taxable","13":"product-type-simple"},"_links":{"self":[{"href":"https:\/\/e.kosmolat.eu\/lv\/wp-json\/wp\/v2\/product\/43893","targetHints":{"allow":["GET"]}}],"collection":[{"href":"https:\/\/e.kosmolat.eu\/lv\/wp-json\/wp\/v2\/product"}],"about":[{"href":"https:\/\/e.kosmolat.eu\/lv\/wp-json\/wp\/v2\/types\/product"}],"wp:featuredmedia":[{"embeddable":true,"href":"https:\/\/e.kosmolat.eu\/lv\/wp-json\/wp\/v2\/media\/90422"}],"wp:attachment":[{"href":"https:\/\/e.kosmolat.eu\/lv\/wp-json\/wp\/v2\/media?parent=43893"}],"wp:term":[{"taxonomy":"product_cat","embeddable":true,"href":"https:\/\/e.kosmolat.eu\/lv\/wp-json\/wp\/v2\/product_cat?post=43893"},{"taxonomy":"product_tag","embeddable":true,"href":"https:\/\/e.kosmolat.eu\/lv\/wp-json\/wp\/v2\/product_tag?post=43893"}],"curies":[{"name":"wp","href":"https:\/\/api.w.org\/{rel}","templated":true}]}}