{"id":43869,"date":"2024-01-31T13:12:41","date_gmt":"2024-01-31T13:12:41","guid":{"rendered":"https:\/\/e.kosmolat.eu\/product\/dermomed-attiros-putas-rok-un-sej-auglu-un-ziedu-500-ml\/"},"modified":"2026-04-16T13:38:58","modified_gmt":"2026-04-16T13:38:58","slug":"dermomed-attiros-putas-rok-un-sej-auglu-un-ziedu-500-ml","status":"publish","type":"product","link":"https:\/\/e.kosmolat.eu\/lv\/product\/dermomed-attiros-putas-rok-un-sej-auglu-un-ziedu-500-ml\/","title":{"rendered":"DERMOMED Att\u012bro\u0161. putas rok. un sej. Aug\u013cu un Ziedu, 500 ml"},"content":{"rendered":"<p>Ar organisko aug\u013cu ekstraktiem ar atjaunojo&scaron;\u0101m \u012bpa&scaron;\u012bb\u0101m un hialuronsk\u0101bi. Dermatolo\u0123iski p\u0101rbaud\u012bts.<\/p>\n","protected":false},"excerpt":{"rendered":"<p>Ar organisko aug\u013cu ekstraktiem ar atjaunojo&scaron;\u0101m \u012bpa&scaron;\u012bb\u0101m un hialuronsk\u0101bi. Dermatolo\u0123iski p\u0101rbaud\u012bts.<\/p>\n","protected":false},"featured_media":90410,"template":"","meta":[],"product_cat":[1748],"product_tag":[],"class_list":{"0":"post-43869","1":"product","2":"type-product","3":"status-publish","4":"has-post-thumbnail","6":"product_brand-italchimica-it","7":"product_cat-skystas-muilas","9":"first","10":"instock","11":"taxable","12":"shipping-taxable","13":"product-type-simple"},"_links":{"self":[{"href":"https:\/\/e.kosmolat.eu\/lv\/wp-json\/wp\/v2\/product\/43869","targetHints":{"allow":["GET"]}}],"collection":[{"href":"https:\/\/e.kosmolat.eu\/lv\/wp-json\/wp\/v2\/product"}],"about":[{"href":"https:\/\/e.kosmolat.eu\/lv\/wp-json\/wp\/v2\/types\/product"}],"wp:featuredmedia":[{"embeddable":true,"href":"https:\/\/e.kosmolat.eu\/lv\/wp-json\/wp\/v2\/media\/90410"}],"wp:attachment":[{"href":"https:\/\/e.kosmolat.eu\/lv\/wp-json\/wp\/v2\/media?parent=43869"}],"wp:term":[{"taxonomy":"product_cat","embeddable":true,"href":"https:\/\/e.kosmolat.eu\/lv\/wp-json\/wp\/v2\/product_cat?post=43869"},{"taxonomy":"product_tag","embeddable":true,"href":"https:\/\/e.kosmolat.eu\/lv\/wp-json\/wp\/v2\/product_tag?post=43869"}],"curies":[{"name":"wp","href":"https:\/\/api.w.org\/{rel}","templated":true}]}}