{"id":43861,"date":"2024-01-31T13:12:22","date_gmt":"2024-01-31T13:12:22","guid":{"rendered":"https:\/\/e.kosmolat.eu\/product\/dermomed-attiros-putas-rok-un-sej-piens-un-vanila-500-ml\/"},"modified":"2026-04-20T07:59:13","modified_gmt":"2026-04-20T07:59:13","slug":"dermomed-attiros-putas-rok-un-sej-piens-un-vanila-500-ml","status":"publish","type":"product","link":"https:\/\/e.kosmolat.eu\/lv\/product\/dermomed-attiros-putas-rok-un-sej-piens-un-vanila-500-ml\/","title":{"rendered":"DERMOMED Att\u012bro\u0161. putas rok. un sej. Piens un Vani\u013ca, 500 ml"},"content":{"rendered":"<p>Bag\u0101tin\u0101ts ar provitam\u012bnu B5 un glicer\u012bnu, ar mitrino&scaron;\u0101m \u012bpa&scaron;\u012bb\u0101m. Ar hialuronsk\u0101bi. Dermatolo\u0123iski p\u0101rbaud\u012bts.<\/p>\n","protected":false},"excerpt":{"rendered":"<p>Bag\u0101tin\u0101ts ar provitam\u012bnu B5 un glicer\u012bnu, ar mitrino&scaron;\u0101m \u012bpa&scaron;\u012bb\u0101m. Ar hialuronsk\u0101bi. Dermatolo\u0123iski p\u0101rbaud\u012bts.<\/p>\n","protected":false},"featured_media":90406,"template":"","meta":[],"product_cat":[1748],"product_tag":[],"class_list":{"0":"post-43861","1":"product","2":"type-product","3":"status-publish","4":"has-post-thumbnail","6":"product_brand-italchimica-it","7":"product_cat-skystas-muilas","9":"first","10":"instock","11":"taxable","12":"shipping-taxable","13":"product-type-simple"},"_links":{"self":[{"href":"https:\/\/e.kosmolat.eu\/lv\/wp-json\/wp\/v2\/product\/43861","targetHints":{"allow":["GET"]}}],"collection":[{"href":"https:\/\/e.kosmolat.eu\/lv\/wp-json\/wp\/v2\/product"}],"about":[{"href":"https:\/\/e.kosmolat.eu\/lv\/wp-json\/wp\/v2\/types\/product"}],"wp:featuredmedia":[{"embeddable":true,"href":"https:\/\/e.kosmolat.eu\/lv\/wp-json\/wp\/v2\/media\/90406"}],"wp:attachment":[{"href":"https:\/\/e.kosmolat.eu\/lv\/wp-json\/wp\/v2\/media?parent=43861"}],"wp:term":[{"taxonomy":"product_cat","embeddable":true,"href":"https:\/\/e.kosmolat.eu\/lv\/wp-json\/wp\/v2\/product_cat?post=43861"},{"taxonomy":"product_tag","embeddable":true,"href":"https:\/\/e.kosmolat.eu\/lv\/wp-json\/wp\/v2\/product_tag?post=43861"}],"curies":[{"name":"wp","href":"https:\/\/api.w.org\/{rel}","templated":true}]}}