{"id":43853,"date":"2024-01-31T13:12:06","date_gmt":"2024-01-31T13:12:06","guid":{"rendered":"https:\/\/e.kosmolat.eu\/product\/dermomed-skidras-roku-kremziep-alveja-1000-ml\/"},"modified":"2026-04-22T12:18:15","modified_gmt":"2026-04-22T12:18:15","slug":"dermomed-skidras-roku-kremziep-alveja-1000-ml","status":"publish","type":"product","link":"https:\/\/e.kosmolat.eu\/lv\/product\/dermomed-skidras-roku-kremziep-alveja-1000-ml\/","title":{"rendered":"DERMOMED \u0160\u0137idr\u0101s roku kr\u0113mziep. Alveja, 1000 ml"},"content":{"rendered":"<p>Dermatolo\u0123iski p\u0101rbaud\u012bts. Pie&scaron;\u0137ir \u0101dai pat\u012bkamu arom\u0101tu. Ar hialuronsk\u0101bi, neitr\u0101ls pH l\u012bmenis, nesatur mikroplastiku.<\/p>\n","protected":false},"excerpt":{"rendered":"<p>Dermatolo\u0123iski p\u0101rbaud\u012bts. Pie&scaron;\u0137ir \u0101dai pat\u012bkamu arom\u0101tu. Ar hialuronsk\u0101bi, neitr\u0101ls pH l\u012bmenis, nesatur mikroplastiku.<\/p>\n","protected":false},"featured_media":90402,"template":"","meta":[],"product_cat":[2181],"product_tag":[],"class_list":{"0":"post-43853","1":"product","2":"type-product","3":"status-publish","4":"has-post-thumbnail","6":"product_brand-italchimica-it","7":"product_cat-bez-kategorijas-lt","9":"first","10":"instock","11":"taxable","12":"shipping-taxable","13":"product-type-simple"},"_links":{"self":[{"href":"https:\/\/e.kosmolat.eu\/lv\/wp-json\/wp\/v2\/product\/43853","targetHints":{"allow":["GET"]}}],"collection":[{"href":"https:\/\/e.kosmolat.eu\/lv\/wp-json\/wp\/v2\/product"}],"about":[{"href":"https:\/\/e.kosmolat.eu\/lv\/wp-json\/wp\/v2\/types\/product"}],"wp:featuredmedia":[{"embeddable":true,"href":"https:\/\/e.kosmolat.eu\/lv\/wp-json\/wp\/v2\/media\/90402"}],"wp:attachment":[{"href":"https:\/\/e.kosmolat.eu\/lv\/wp-json\/wp\/v2\/media?parent=43853"}],"wp:term":[{"taxonomy":"product_cat","embeddable":true,"href":"https:\/\/e.kosmolat.eu\/lv\/wp-json\/wp\/v2\/product_cat?post=43853"},{"taxonomy":"product_tag","embeddable":true,"href":"https:\/\/e.kosmolat.eu\/lv\/wp-json\/wp\/v2\/product_tag?post=43853"}],"curies":[{"name":"wp","href":"https:\/\/api.w.org\/{rel}","templated":true}]}}