{"id":43837,"date":"2024-01-31T13:11:30","date_gmt":"2024-01-31T13:11:30","guid":{"rendered":"https:\/\/e.kosmolat.eu\/product\/dermomed-sidras-roku-kremziep-argana-1000-ml\/"},"modified":"2026-04-23T10:56:30","modified_gmt":"2026-04-23T10:56:30","slug":"dermomed-sidras-roku-kremziep-argana-1000-ml","status":"publish","type":"product","link":"https:\/\/e.kosmolat.eu\/lv\/product\/dermomed-sidras-roku-kremziep-argana-1000-ml\/","title":{"rendered":"DERMOMED \u0160idr\u0101s roku kr\u0113mziep. Arg\u0101na, 1000 ml"},"content":{"rendered":"<p>Dermatolo\u0123iski p\u0101rbaud\u012bts. Pie&scaron;\u0137ir \u0101dai pat\u012bkamu arom\u0101tu. Ar hialuronsk\u0101bi, neitr\u0101ls pH l\u012bmenis, nesatur mikroplastiku.<\/p>\n","protected":false},"excerpt":{"rendered":"<p>Dermatolo\u0123iski p\u0101rbaud\u012bts. Pie&scaron;\u0137ir \u0101dai pat\u012bkamu arom\u0101tu. Ar hialuronsk\u0101bi, neitr\u0101ls pH l\u012bmenis, nesatur mikroplastiku.<\/p>\n","protected":false},"featured_media":90394,"template":"","meta":[],"product_cat":[1748],"product_tag":[],"class_list":{"0":"post-43837","1":"product","2":"type-product","3":"status-publish","4":"has-post-thumbnail","6":"product_brand-italchimica-it","7":"product_cat-skystas-muilas","9":"first","10":"instock","11":"taxable","12":"shipping-taxable","13":"product-type-simple"},"_links":{"self":[{"href":"https:\/\/e.kosmolat.eu\/lv\/wp-json\/wp\/v2\/product\/43837","targetHints":{"allow":["GET"]}}],"collection":[{"href":"https:\/\/e.kosmolat.eu\/lv\/wp-json\/wp\/v2\/product"}],"about":[{"href":"https:\/\/e.kosmolat.eu\/lv\/wp-json\/wp\/v2\/types\/product"}],"wp:featuredmedia":[{"embeddable":true,"href":"https:\/\/e.kosmolat.eu\/lv\/wp-json\/wp\/v2\/media\/90394"}],"wp:attachment":[{"href":"https:\/\/e.kosmolat.eu\/lv\/wp-json\/wp\/v2\/media?parent=43837"}],"wp:term":[{"taxonomy":"product_cat","embeddable":true,"href":"https:\/\/e.kosmolat.eu\/lv\/wp-json\/wp\/v2\/product_cat?post=43837"},{"taxonomy":"product_tag","embeddable":true,"href":"https:\/\/e.kosmolat.eu\/lv\/wp-json\/wp\/v2\/product_tag?post=43837"}],"curies":[{"name":"wp","href":"https:\/\/api.w.org\/{rel}","templated":true}]}}