{"id":43829,"date":"2024-01-31T13:11:09","date_gmt":"2024-01-31T13:11:09","guid":{"rendered":"https:\/\/e.kosmolat.eu\/product\/cl-sampuns-visai-gimenei-berzu-240-ml\/"},"modified":"2025-09-20T02:53:02","modified_gmt":"2025-09-20T02:53:02","slug":"cl-sampuns-visai-gimenei-berzu-240-ml","status":"publish","type":"product","link":"https:\/\/e.kosmolat.eu\/lv\/product\/cl-sampuns-visai-gimenei-berzu-240-ml\/","title":{"rendered":"CL \u0160amp\u016bns visai \u0123imenei B\u0113rzu, 240 ml"},"content":{"rendered":"<p>Maiga, att\u012bro&scaron;a b\u0101ze. B\u0113rzu nov\u0101r\u012bjums matu mitrin\u0101&scaron;anai. Kondicionieris vieglai \u0137emm\u0113&scaron;anai.<\/p>\n<p><strong>Lieto&scaron;ana: <\/strong>uzkl\u0101jiet uz t\u012briem, mitriem matiem, paturiet 1 min\u016bti, noskalojiet ar \u016bdeni. Ja iek\u013c\u016bst ac\u012bs, r\u016bp\u012bgi izskalojiet ar \u016bdeni. Ieteicams b\u0113rniem no 4 gadu vecuma.<\/p>\n<p>Nav \u0101rstniecisks l\u012bdzeklis.<\/p>\n<p>Uzglab\u0101t temperat\u016br\u0101 no +5 &deg;C l\u012bdz +25 &deg;C.<br \/>\n&nbsp;<\/p>\n","protected":false},"excerpt":{"rendered":"<p>Maiga, att\u012bro&scaron;a b\u0101ze. B\u0113rzu nov\u0101r\u012bjums matu mitrin\u0101&scaron;anai. Kondicionieris vieglai \u0137emm\u0113&scaron;anai. Lieto&scaron;ana: uzkl\u0101jiet uz t\u012briem, mitriem matiem, paturiet 1 min\u016bti, noskalojiet ar \u016bdeni. Ja iek\u013c\u016bst ac\u012bs, r\u016bp\u012bgi izskalojiet ar \u016bdeni. Ieteicams b\u0113rniem no 4 gadu vecuma. Nav \u0101rstniecisks l\u012bdzeklis. Uzglab\u0101t temperat\u016br\u0101 no +5 &deg;C l\u012bdz +25 &deg;C. &nbsp;<\/p>\n","protected":false},"featured_media":90382,"template":"","meta":[],"product_cat":[1248],"product_tag":[],"class_list":{"0":"post-43829","1":"product","2":"type-product","3":"status-publish","4":"has-post-thumbnail","6":"product_brand-unilever-ua","7":"product_cat-sampuni","9":"first","10":"outofstock","11":"taxable","12":"shipping-taxable","13":"product-type-simple"},"_links":{"self":[{"href":"https:\/\/e.kosmolat.eu\/lv\/wp-json\/wp\/v2\/product\/43829","targetHints":{"allow":["GET"]}}],"collection":[{"href":"https:\/\/e.kosmolat.eu\/lv\/wp-json\/wp\/v2\/product"}],"about":[{"href":"https:\/\/e.kosmolat.eu\/lv\/wp-json\/wp\/v2\/types\/product"}],"wp:featuredmedia":[{"embeddable":true,"href":"https:\/\/e.kosmolat.eu\/lv\/wp-json\/wp\/v2\/media\/90382"}],"wp:attachment":[{"href":"https:\/\/e.kosmolat.eu\/lv\/wp-json\/wp\/v2\/media?parent=43829"}],"wp:term":[{"taxonomy":"product_cat","embeddable":true,"href":"https:\/\/e.kosmolat.eu\/lv\/wp-json\/wp\/v2\/product_cat?post=43829"},{"taxonomy":"product_tag","embeddable":true,"href":"https:\/\/e.kosmolat.eu\/lv\/wp-json\/wp\/v2\/product_tag?post=43829"}],"curies":[{"name":"wp","href":"https:\/\/api.w.org\/{rel}","templated":true}]}}