{"id":43821,"date":"2024-01-31T13:10:50","date_gmt":"2024-01-31T13:10:50","guid":{"rendered":"https:\/\/e.kosmolat.eu\/product\/tresemme-matu-kondic-viena-minute-izlidzinoss-170-ml\/"},"modified":"2025-09-20T02:52:48","modified_gmt":"2025-09-20T02:52:48","slug":"tresemme-matu-kondic-viena-minute-izlidzinoss-170-ml","status":"publish","type":"product","link":"https:\/\/e.kosmolat.eu\/lv\/product\/tresemme-matu-kondic-viena-minute-izlidzinoss-170-ml\/","title":{"rendered":"TRESEMME Matu kondic. Viena min\u016bte Izl\u012bdzino\u0161s, 170 ml"},"content":{"rendered":"<p>Uzreiz pie&scaron;\u0137irs matiem m\u012bkstumu un sp\u012bdumu. Unik\u0101l\u0101 formula ar Pro-bond kompleksu un kerat\u012bnu dzi\u013ci ies\u016bcas matu strukt\u016br\u0101, stiprinot un atjaunojot matus no iek&scaron;puses.<\/p>\n<p><strong>Lieto&scaron;ana:<\/strong> uzkl\u0101t uz mitriem t\u012briem matiem, atst\u0101t uz 1 min\u016bti un izskalot ar \u016bdeni. Izvair\u012bties no iek\u013c\u016b&scaron;anas ac\u012bs. Ja nok\u013c\u016bst ac\u012bs, r\u016bp\u012bgi izskalot ar \u016bdeni.<\/p>\n<p>Uzglab\u0101t temperat\u016br\u0101 no +5 &deg;\u0421 l\u012bdz +25&deg;\u0421.<br \/>\n&nbsp;<\/p>\n","protected":false},"excerpt":{"rendered":"<p>Uzreiz pie&scaron;\u0137irs matiem m\u012bkstumu un sp\u012bdumu. Unik\u0101l\u0101 formula ar Pro-bond kompleksu un kerat\u012bnu dzi\u013ci ies\u016bcas matu strukt\u016br\u0101, stiprinot un atjaunojot matus no iek&scaron;puses. Lieto&scaron;ana: uzkl\u0101t uz mitriem t\u012briem matiem, atst\u0101t uz 1 min\u016bti un izskalot ar \u016bdeni. Izvair\u012bties no iek\u013c\u016b&scaron;anas ac\u012bs. Ja nok\u013c\u016bst ac\u012bs, r\u016bp\u012bgi izskalot ar \u016bdeni. Uzglab\u0101t temperat\u016br\u0101 no +5 &deg;\u0421 l\u012bdz +25&deg;\u0421. [&#8230;]\n","protected":false},"featured_media":90378,"template":"","meta":[],"product_cat":[1638],"product_tag":[],"class_list":{"0":"post-43821","1":"product","2":"type-product","3":"status-publish","4":"has-post-thumbnail","6":"product_brand-unilever-ua","7":"product_cat-balzami","9":"first","10":"outofstock","11":"taxable","12":"shipping-taxable","13":"product-type-simple"},"_links":{"self":[{"href":"https:\/\/e.kosmolat.eu\/lv\/wp-json\/wp\/v2\/product\/43821","targetHints":{"allow":["GET"]}}],"collection":[{"href":"https:\/\/e.kosmolat.eu\/lv\/wp-json\/wp\/v2\/product"}],"about":[{"href":"https:\/\/e.kosmolat.eu\/lv\/wp-json\/wp\/v2\/types\/product"}],"wp:featuredmedia":[{"embeddable":true,"href":"https:\/\/e.kosmolat.eu\/lv\/wp-json\/wp\/v2\/media\/90378"}],"wp:attachment":[{"href":"https:\/\/e.kosmolat.eu\/lv\/wp-json\/wp\/v2\/media?parent=43821"}],"wp:term":[{"taxonomy":"product_cat","embeddable":true,"href":"https:\/\/e.kosmolat.eu\/lv\/wp-json\/wp\/v2\/product_cat?post=43821"},{"taxonomy":"product_tag","embeddable":true,"href":"https:\/\/e.kosmolat.eu\/lv\/wp-json\/wp\/v2\/product_tag?post=43821"}],"curies":[{"name":"wp","href":"https:\/\/api.w.org\/{rel}","templated":true}]}}