{"id":43805,"date":"2024-01-31T13:10:08","date_gmt":"2024-01-31T13:10:08","guid":{"rendered":"https:\/\/e.kosmolat.eu\/product\/sh-kremziep-intensiva-barosana-230-ml\/"},"modified":"2026-03-31T20:22:17","modified_gmt":"2026-03-31T20:22:17","slug":"sh-kremziep-intensiva-barosana-230-ml","status":"publish","type":"product","link":"https:\/\/e.kosmolat.eu\/lv\/product\/sh-kremziep-intensiva-barosana-230-ml\/","title":{"rendered":"SH Kr\u0113mziep. Intens\u012bva baro\u0161ana, 230 ml"},"content":{"rendered":"<p>Kr\u0113mziepju formula ar mande\u013cu e\u013c\u013cu nodro&scaron;ina maigu \u0101das att\u012br\u012b&scaron;anu un m\u012bkstin\u0101&scaron;anu roku mazg\u0101&scaron;anas laik\u0101. Atbilst dabiskajam \u0101das pH l\u012bmenim. T\u012br\u012b&scaron;anas l\u012bdzek\u013ci un ciets \u016bdens var negat\u012bvi ietekm\u0113t \u0101das dabisko aizsargbarjeru roku mazg\u0101&scaron;anas laik\u0101. Ziepju formula ar roku kr\u0113ma sast\u0101vda\u013c\u0101m maigi iedarbojas uz \u0101du, nov\u0113r&scaron;ot sausumu.<\/p>\n<p><strong>Lieto&scaron;ana:<\/strong> uzkl\u0101jiet nelielu kr\u0113mziepju daudzumu uz mitr\u0101m rok\u0101m, saputojiet un noskalojiet ar \u016bdeni.&nbsp;<\/p>\n<p>Uzglab\u0101t temperat\u016br\u0101 no +5&deg;C l\u012bdz +25&deg;C.<br \/>\n&nbsp;<\/p>\n<p>&nbsp;<\/p>\n","protected":false},"excerpt":{"rendered":"<p>Kr\u0113mziepju formula ar mande\u013cu e\u013c\u013cu nodro&scaron;ina maigu \u0101das att\u012br\u012b&scaron;anu un m\u012bkstin\u0101&scaron;anu roku mazg\u0101&scaron;anas laik\u0101. Atbilst dabiskajam \u0101das pH l\u012bmenim. T\u012br\u012b&scaron;anas l\u012bdzek\u013ci un ciets \u016bdens var negat\u012bvi ietekm\u0113t \u0101das dabisko aizsargbarjeru roku mazg\u0101&scaron;anas laik\u0101. Ziepju formula ar roku kr\u0113ma sast\u0101vda\u013c\u0101m maigi iedarbojas uz \u0101du, nov\u0113r&scaron;ot sausumu. Lieto&scaron;ana: uzkl\u0101jiet nelielu kr\u0113mziepju daudzumu uz mitr\u0101m rok\u0101m, saputojiet un [&#8230;]\n","protected":false},"featured_media":90370,"template":"","meta":[],"product_cat":[1746],"product_tag":[],"class_list":{"0":"post-43805","1":"product","2":"type-product","3":"status-publish","4":"has-post-thumbnail","6":"product_brand-unilever-ua","7":"product_cat-skidras-ziepes","9":"first","10":"outofstock","11":"taxable","12":"shipping-taxable","13":"product-type-simple"},"_links":{"self":[{"href":"https:\/\/e.kosmolat.eu\/lv\/wp-json\/wp\/v2\/product\/43805","targetHints":{"allow":["GET"]}}],"collection":[{"href":"https:\/\/e.kosmolat.eu\/lv\/wp-json\/wp\/v2\/product"}],"about":[{"href":"https:\/\/e.kosmolat.eu\/lv\/wp-json\/wp\/v2\/types\/product"}],"wp:featuredmedia":[{"embeddable":true,"href":"https:\/\/e.kosmolat.eu\/lv\/wp-json\/wp\/v2\/media\/90370"}],"wp:attachment":[{"href":"https:\/\/e.kosmolat.eu\/lv\/wp-json\/wp\/v2\/media?parent=43805"}],"wp:term":[{"taxonomy":"product_cat","embeddable":true,"href":"https:\/\/e.kosmolat.eu\/lv\/wp-json\/wp\/v2\/product_cat?post=43805"},{"taxonomy":"product_tag","embeddable":true,"href":"https:\/\/e.kosmolat.eu\/lv\/wp-json\/wp\/v2\/product_tag?post=43805"}],"curies":[{"name":"wp","href":"https:\/\/api.w.org\/{rel}","templated":true}]}}