{"id":43797,"date":"2024-01-31T13:09:50","date_gmt":"2024-01-31T13:09:50","guid":{"rendered":"https:\/\/e.kosmolat.eu\/product\/tresemme-galvas-ad-skrubis-taukainiem-matiem-hydrate-purify-300-ml\/"},"modified":"2025-09-20T02:52:06","modified_gmt":"2025-09-20T02:52:06","slug":"tresemme-galvas-ad-skrubis-taukainiem-matiem-hydrate-purify-300-ml","status":"publish","type":"product","link":"https:\/\/e.kosmolat.eu\/lv\/product\/tresemme-galvas-ad-skrubis-taukainiem-matiem-hydrate-purify-300-ml\/","title":{"rendered":"TRESEMME Galvas \u0101d. skrubis taukainiem matiem Hydrate &#038; Purify, 300 ml"},"content":{"rendered":"<p>Dzi\u013ci att\u012bra taukainus matus un galvas \u0101du, atbr\u012bvojot no smaguma saj\u016btas. Satur hialuronsk\u0101bi un baltos m\u0101lus.<\/p>\n<p><strong>Lieto&scaron;ana: <\/strong>pirms &scaron;amp\u016bna lieto&scaron;anas uzkl\u0101t skrubi uz mitriem matiem, viegli iemas\u0113t vis\u0101 galvas \u0101d\u0101 1 min\u016bti, p\u0113c tam r\u016bp\u012bgi izskalot. P\u0113c skrubja lietot Tresemme Hydrate &amp; Purify mitrino&scaron;o &scaron;amp\u016bnu.<\/p>\n<p>Uzglab\u0101t temperat\u016br\u0101 no +5 &deg;\u0421 l\u012bdz +25&deg;\u0421.<br \/>\n&nbsp;<\/p>\n","protected":false},"excerpt":{"rendered":"<p>Dzi\u013ci att\u012bra taukainus matus un galvas \u0101du, atbr\u012bvojot no smaguma saj\u016btas. Satur hialuronsk\u0101bi un baltos m\u0101lus. Lieto&scaron;ana: pirms &scaron;amp\u016bna lieto&scaron;anas uzkl\u0101t skrubi uz mitriem matiem, viegli iemas\u0113t vis\u0101 galvas \u0101d\u0101 1 min\u016bti, p\u0113c tam r\u016bp\u012bgi izskalot. P\u0113c skrubja lietot Tresemme Hydrate &amp; Purify mitrino&scaron;o &scaron;amp\u016bnu. Uzglab\u0101t temperat\u016br\u0101 no +5 &deg;\u0421 l\u012bdz +25&deg;\u0421. &nbsp;<\/p>\n","protected":false},"featured_media":90366,"template":"","meta":[],"product_cat":[1343],"product_tag":[],"class_list":{"0":"post-43797","1":"product","2":"type-product","3":"status-publish","4":"has-post-thumbnail","6":"product_brand-unilever-ua","7":"product_cat-citi-matu-kopsanas-produkti","9":"first","10":"outofstock","11":"taxable","12":"shipping-taxable","13":"product-type-simple"},"_links":{"self":[{"href":"https:\/\/e.kosmolat.eu\/lv\/wp-json\/wp\/v2\/product\/43797","targetHints":{"allow":["GET"]}}],"collection":[{"href":"https:\/\/e.kosmolat.eu\/lv\/wp-json\/wp\/v2\/product"}],"about":[{"href":"https:\/\/e.kosmolat.eu\/lv\/wp-json\/wp\/v2\/types\/product"}],"wp:featuredmedia":[{"embeddable":true,"href":"https:\/\/e.kosmolat.eu\/lv\/wp-json\/wp\/v2\/media\/90366"}],"wp:attachment":[{"href":"https:\/\/e.kosmolat.eu\/lv\/wp-json\/wp\/v2\/media?parent=43797"}],"wp:term":[{"taxonomy":"product_cat","embeddable":true,"href":"https:\/\/e.kosmolat.eu\/lv\/wp-json\/wp\/v2\/product_cat?post=43797"},{"taxonomy":"product_tag","embeddable":true,"href":"https:\/\/e.kosmolat.eu\/lv\/wp-json\/wp\/v2\/product_tag?post=43797"}],"curies":[{"name":"wp","href":"https:\/\/api.w.org\/{rel}","templated":true}]}}