{"id":43749,"date":"2024-01-31T13:07:33","date_gmt":"2024-01-31T13:07:33","guid":{"rendered":"https:\/\/e.kosmolat.eu\/product\/bioworld-sl-zel-pilings-sejas-mazgas-ar-aha-skabem-250-ml\/"},"modified":"2025-09-20T02:50:33","modified_gmt":"2025-09-20T02:50:33","slug":"bioworld-sl-zel-pilings-sejas-mazgas-ar-aha-skabem-250-ml","status":"publish","type":"product","link":"https:\/\/e.kosmolat.eu\/lv\/product\/bioworld-sl-zel-pilings-sejas-mazgas-ar-aha-skabem-250-ml\/","title":{"rendered":"BioWorld SL \u017del-p\u012blings sejas mazg\u0101\u0161. ar AHA sk\u0101b\u0113m, 250 ml"},"content":{"rendered":"<p>P\u012blinga \u017eeleja ir paredz\u0113ta regul\u0101rai sausas, nobriedu&scaron;as un noguru&scaron;as \u0101das kop&scaron;anai. \u017delejai ir maiga p\u012blinga, balino&scaron;a un toniz\u0113jo&scaron;a iedarb\u012bba. T\u0101 uzlabo \u0101das st\u0101vokli, palielinot \u0101das caurlaid\u012bbu un nodro&scaron;inot akt\u012bvo vielu iek\u013c\u016b&scaron;anu t\u0101s dzi\u013cajos sl\u0101\u0146os.<\/p>\n<p><strong>DABISKO SK\u0100BJU KOMPLEKSS <\/strong>(glikolsk\u0101be, piensk\u0101be, \u0101bolsk\u0101be, salicilsk\u0101be) &#8211; augu izcelsmes &alpha;- un &beta;-hidroksi sk\u0101bju kombin\u0101cija ar da\u017e\u0101du molekulmasu un fiziolo\u0123isk\u0101m \u012bpa&scaron;\u012bb\u0101m. T\u0101s iedarbojas k\u0101 viegls \u0137\u012bmiskais \u0101das p\u012blings, veicinot \u0101tru \u0101das atjauno&scaron;anos, izgaismojot pigment\u0101ciju un izl\u012bdzinot \u0101das kr\u0101su.<br \/>\n<strong>CITRONA UN RABARBERU EKSTRAKTI<\/strong> viegli balina, atsvaidzina un nomierina \u0101du.<\/p>\n<p><strong>Lieto&scaron;ana:<\/strong> nelielu daudzumu uzkl\u0101t uz sejas un dekolt\u0113 zonas, p\u0113c 2-3 min\u016bt\u0113m noskalot ar \u016bdeni. &nbsp;<\/p>\n<p><strong>Piesardz\u012bbas pas\u0101kumi:<\/strong> izvair\u012bties no iek\u013c\u016b&scaron;anas ac\u012bs. Ja nok\u013c\u016bst ac\u012bs, izskalot ar \u016bdeni.<br \/>\n&nbsp;<\/p>\n","protected":false},"excerpt":{"rendered":"<p>P\u012blinga \u017eeleja ir paredz\u0113ta regul\u0101rai sausas, nobriedu&scaron;as un noguru&scaron;as \u0101das kop&scaron;anai. \u017delejai ir maiga p\u012blinga, balino&scaron;a un toniz\u0113jo&scaron;a iedarb\u012bba. T\u0101 uzlabo \u0101das st\u0101vokli, palielinot \u0101das caurlaid\u012bbu un nodro&scaron;inot akt\u012bvo vielu iek\u013c\u016b&scaron;anu t\u0101s dzi\u013cajos sl\u0101\u0146os. DABISKO SK\u0100BJU KOMPLEKSS (glikolsk\u0101be, piensk\u0101be, \u0101bolsk\u0101be, salicilsk\u0101be) &#8211; augu izcelsmes &alpha;- un &beta;-hidroksi sk\u0101bju kombin\u0101cija ar da\u017e\u0101du molekulmasu un fiziolo\u0123isk\u0101m \u012bpa&scaron;\u012bb\u0101m. [&#8230;]\n","protected":false},"featured_media":90342,"template":"","meta":[],"product_cat":[1397],"product_tag":[],"class_list":{"0":"post-43749","1":"product","2":"type-product","3":"status-publish","4":"has-post-thumbnail","6":"product_brand-matbea_sivis_by","7":"product_cat-1397","9":"first","10":"outofstock","11":"taxable","12":"shipping-taxable","13":"product-type-simple"},"_links":{"self":[{"href":"https:\/\/e.kosmolat.eu\/lv\/wp-json\/wp\/v2\/product\/43749","targetHints":{"allow":["GET"]}}],"collection":[{"href":"https:\/\/e.kosmolat.eu\/lv\/wp-json\/wp\/v2\/product"}],"about":[{"href":"https:\/\/e.kosmolat.eu\/lv\/wp-json\/wp\/v2\/types\/product"}],"wp:featuredmedia":[{"embeddable":true,"href":"https:\/\/e.kosmolat.eu\/lv\/wp-json\/wp\/v2\/media\/90342"}],"wp:attachment":[{"href":"https:\/\/e.kosmolat.eu\/lv\/wp-json\/wp\/v2\/media?parent=43749"}],"wp:term":[{"taxonomy":"product_cat","embeddable":true,"href":"https:\/\/e.kosmolat.eu\/lv\/wp-json\/wp\/v2\/product_cat?post=43749"},{"taxonomy":"product_tag","embeddable":true,"href":"https:\/\/e.kosmolat.eu\/lv\/wp-json\/wp\/v2\/product_tag?post=43749"}],"curies":[{"name":"wp","href":"https:\/\/api.w.org\/{rel}","templated":true}]}}