{"id":43733,"date":"2024-01-31T13:06:53","date_gmt":"2024-01-31T13:06:53","guid":{"rendered":"https:\/\/e.kosmolat.eu\/product\/dr-s-bioin-hair-hair-loss-control-matu-maska-300-ml\/"},"modified":"2026-03-31T20:22:02","modified_gmt":"2026-03-31T20:22:02","slug":"i_dr-s-bioin-hair-hair-loss-control-matu-maska-300-ml","status":"publish","type":"product","link":"https:\/\/e.kosmolat.eu\/lv\/product\/i_dr-s-bioin-hair-hair-loss-control-matu-maska-300-ml\/","title":{"rendered":"I_Dr. S Bioin Hair Hair Loss Control Matu maska, 300 ml"},"content":{"rendered":"<p>S\u0113rija BIOTON HAIR Hair Loss Control &ndash; vitam\u012bnu terapija matu biezumam un sp\u0113kam ar biot\u012bnu un provitam\u012bnu B5. Dermatolo\u0123iski p\u0101rbaud\u012bts.<\/p>\n<p><strong>Lieto&scaron;ana: <\/strong>uzkl\u0101t uz t\u012briem mitriem matiem. Atst\u0101t uz 3-5 min\u016bt\u0113m, r\u016bp\u012bgi noskalot. Lietot 1-2 reizes ned\u0113\u013c\u0101<\/p>\n<p><strong>Piesardz\u012bbas pas\u0101kumi: <\/strong>ja iek\u013c\u016bst ac\u012bs, izskalot ar \u016bdeni.&nbsp;<\/p>\n<p>Uzglab\u0101t temperat\u016br\u0101 no +5 &deg;\u0421 l\u012bdz +25 &deg;\u0421.<br \/>\n&nbsp;<\/p>\n","protected":false},"excerpt":{"rendered":"<p>S\u0113rija BIOTON HAIR Hair Loss Control &ndash; vitam\u012bnu terapija matu biezumam un sp\u0113kam ar biot\u012bnu un provitam\u012bnu B5. Dermatolo\u0123iski p\u0101rbaud\u012bts. Lieto&scaron;ana: uzkl\u0101t uz t\u012briem mitriem matiem. Atst\u0101t uz 3-5 min\u016bt\u0113m, r\u016bp\u012bgi noskalot. Lietot 1-2 reizes ned\u0113\u013c\u0101 Piesardz\u012bbas pas\u0101kumi: ja iek\u013c\u016bst ac\u012bs, izskalot ar \u016bdeni.&nbsp; Uzglab\u0101t temperat\u016br\u0101 no +5 &deg;\u0421 l\u012bdz +25 &deg;\u0421. &nbsp;<\/p>\n","protected":false},"featured_media":90334,"template":"","meta":[],"product_cat":[1254],"product_tag":[],"class_list":{"0":"post-43733","1":"product","2":"type-product","3":"status-publish","4":"has-post-thumbnail","6":"product_brand-elfa_ua","7":"product_cat-maskas-matiem","9":"first","10":"outofstock","11":"taxable","12":"shipping-taxable","13":"product-type-simple"},"_links":{"self":[{"href":"https:\/\/e.kosmolat.eu\/lv\/wp-json\/wp\/v2\/product\/43733","targetHints":{"allow":["GET"]}}],"collection":[{"href":"https:\/\/e.kosmolat.eu\/lv\/wp-json\/wp\/v2\/product"}],"about":[{"href":"https:\/\/e.kosmolat.eu\/lv\/wp-json\/wp\/v2\/types\/product"}],"wp:featuredmedia":[{"embeddable":true,"href":"https:\/\/e.kosmolat.eu\/lv\/wp-json\/wp\/v2\/media\/90334"}],"wp:attachment":[{"href":"https:\/\/e.kosmolat.eu\/lv\/wp-json\/wp\/v2\/media?parent=43733"}],"wp:term":[{"taxonomy":"product_cat","embeddable":true,"href":"https:\/\/e.kosmolat.eu\/lv\/wp-json\/wp\/v2\/product_cat?post=43733"},{"taxonomy":"product_tag","embeddable":true,"href":"https:\/\/e.kosmolat.eu\/lv\/wp-json\/wp\/v2\/product_tag?post=43733"}],"curies":[{"name":"wp","href":"https:\/\/api.w.org\/{rel}","templated":true}]}}