{"id":43713,"date":"2024-01-31T13:05:47","date_gmt":"2024-01-31T13:05:47","guid":{"rendered":"https:\/\/e.kosmolat.eu\/product\/%d0%bcaestro-delicate-baltas-skidras-saimniecibas-ziepes-1-l\/"},"modified":"2026-04-24T07:30:39","modified_gmt":"2026-04-24T07:30:39","slug":"%d0%bcaestro-delicate-baltas-skidras-saimniecibas-ziepes-1-l","status":"publish","type":"product","link":"https:\/\/e.kosmolat.eu\/lv\/product\/%d0%bcaestro-delicate-baltas-skidras-saimniecibas-ziepes-1-l\/","title":{"rendered":"\u041caestro Delicate Balt\u0101s \u0161\u0137idr\u0101s saimniec\u012bbas ziepes, 1 l"},"content":{"rendered":"<p>Mazg\u0101&scaron;anai ar rok\u0101m un ve\u013cas ma&scaron;\u012bn\u0101. Mitrai uzkop&scaron;anai. Trauku mazg\u0101&scaron;anai. Att\u012bra visas stipri net\u012br\u0101s virsmas.<\/p>\n<p><strong>Lieto&scaron;ana: <\/strong><\/p>\n<ul>\n<li>Mazg\u0101jot ar rok\u0101m: 50 ml l\u012bdzek\u013ca (mazg\u0101&scaron;anai ciet\u0101 \u016bden\u012b &ndash; 100 ml) at&scaron;\u0137aid\u012bt 5 litros silta \u016bdens, m\u0113rc\u0113 t ve\u013cu 10-15 min\u016bt\u0113m, mazg\u0101t un izskalot.<\/li>\n<li>Mazg\u0101jot ve\u013cas ma&scaron;\u012bn\u0101: pievienot 50 ml mazg\u0101&scaron;anas l\u012bdzek\u013ca (ciet\u0101 \u016bden\u012b &ndash; 100 ml) vienam mazg\u0101&scaron;anas ciklam.<\/li>\n<li>Mitrai t\u012br\u012b&scaron;anai: 50 ml l\u012bdzek\u013ca at&scaron;\u0137aida 10 litros silta \u016bdens.<\/li>\n<li>Trauku mazg\u0101&scaron;anai: uzkl\u0101t uz s\u016bk\u013ca da\u017eus pilienus l\u012bdzek\u013ca, saputot, nomazg\u0101t traukus un noskalot ar \u016bdeni.<\/li>\n<\/ul>\n<p><strong>Viens m\u0113rv\u0101ci\u0146&scaron; = 30 ml.<\/strong><\/p>\n<p><strong>Der\u012bguma termi\u0146&scaron;: <\/strong>24 m\u0113ne&scaron;i.<\/p>\n<p><strong>Sast\u0101v\u0101:<\/strong> maz\u0101k 5% anjonu virsmakt\u012bvo vielu, maz\u0101k par 5 % nejonu virsmakt\u012bvo vielu, maz\u0101k par 5 % amfot\u0113ro virsmakt\u012bvo vielu, maz\u0101k par 5 % ziepju, maz\u0101k par 5 % EDTA un t\u0101s s\u0101\u013cu. Smar\u017eas un arom\u0101tisk\u0101s kompoz\u012bcijas. Konservants.<\/p>\n<p><strong><img decoding=\"async\" alt=\"\" src=\"https:\/\/ec.europa.eu\/taxation_customs\/dds2\/SAMANCTA\/LV\/Safety\/Graphics\/ExclamationMark.gif\" style=\"height:40px; width:40px\" \/>GHS07 Uzman\u012bbu<\/strong><br \/>\nH319 Izraisa nopietnu acu kairin\u0101jumu.<br \/>\nP102 Sarg\u0101t no b\u0113rniem.<br \/>\nP264 P\u0113c izmanto&scaron;anas rokas k\u0101rt\u012bgi nomazg\u0101t.<br \/>\nP280 Izmantot aizsargcimdus\/ acu aizsargus.<br \/>\nP305+P351+P338 Saskar\u0113 ar ac\u012bm: Uzman\u012bgi izskalot ar \u016bdeni vair\u0101kas min\u016btes. Iz\u0146emt kontaktl\u0113cas, ja t\u0101s ir ievietotas un ja to var vienk\u0101r&scaron;i izdar\u012bt. Turpin\u0101t skalot.<br \/>\nP337+P313 Ja acu iekaisums nep\u0101riet: l\u016bdziet medi\u0137u pal\u012bdz\u012bbu&nbsp;<br \/>\n&nbsp;<\/p>\n<p>\n&nbsp;<\/p>\n","protected":false},"excerpt":{"rendered":"<p>Mazg\u0101&scaron;anai ar rok\u0101m un ve\u013cas ma&scaron;\u012bn\u0101. Mitrai uzkop&scaron;anai. Trauku mazg\u0101&scaron;anai. Att\u012bra visas stipri net\u012br\u0101s virsmas. Lieto&scaron;ana: Mazg\u0101jot ar rok\u0101m: 50 ml l\u012bdzek\u013ca (mazg\u0101&scaron;anai ciet\u0101 \u016bden\u012b &ndash; 100 ml) at&scaron;\u0137aid\u012bt 5 litros silta \u016bdens, m\u0113rc\u0113 t ve\u013cu 10-15 min\u016bt\u0113m, mazg\u0101t un izskalot. Mazg\u0101jot ve\u013cas ma&scaron;\u012bn\u0101: pievienot 50 ml mazg\u0101&scaron;anas l\u012bdzek\u013ca (ciet\u0101 \u016bden\u012b &ndash; 100 ml) vienam [&#8230;]\n","protected":false},"featured_media":88822,"template":"","meta":[],"product_cat":[1481],"product_tag":[],"class_list":{"0":"post-43713","1":"product","2":"type-product","3":"status-publish","4":"has-post-thumbnail","6":"product_brand-fmt-ua","7":"product_cat-velas-mazgasanas-lidzekli","9":"first","10":"instock","11":"taxable","12":"shipping-taxable","13":"product-type-simple"},"_links":{"self":[{"href":"https:\/\/e.kosmolat.eu\/lv\/wp-json\/wp\/v2\/product\/43713","targetHints":{"allow":["GET"]}}],"collection":[{"href":"https:\/\/e.kosmolat.eu\/lv\/wp-json\/wp\/v2\/product"}],"about":[{"href":"https:\/\/e.kosmolat.eu\/lv\/wp-json\/wp\/v2\/types\/product"}],"wp:featuredmedia":[{"embeddable":true,"href":"https:\/\/e.kosmolat.eu\/lv\/wp-json\/wp\/v2\/media\/88822"}],"wp:attachment":[{"href":"https:\/\/e.kosmolat.eu\/lv\/wp-json\/wp\/v2\/media?parent=43713"}],"wp:term":[{"taxonomy":"product_cat","embeddable":true,"href":"https:\/\/e.kosmolat.eu\/lv\/wp-json\/wp\/v2\/product_cat?post=43713"},{"taxonomy":"product_tag","embeddable":true,"href":"https:\/\/e.kosmolat.eu\/lv\/wp-json\/wp\/v2\/product_tag?post=43713"}],"curies":[{"name":"wp","href":"https:\/\/api.w.org\/{rel}","templated":true}]}}