{"id":43709,"date":"2024-01-31T13:05:29","date_gmt":"2024-01-31T13:05:29","guid":{"rendered":"https:\/\/e.kosmolat.eu\/product\/spkrug-intens-atjaun-acu-kremzeleja-pret-pietukumiem-un-tums-lokiem-40-g\/"},"modified":"2026-04-22T13:56:45","modified_gmt":"2026-04-22T13:56:45","slug":"spkrug-intens-atjaun-acu-kremzeleja-pret-pietukumiem-un-tums-lokiem-40-g","status":"publish","type":"product","link":"https:\/\/e.kosmolat.eu\/lv\/product\/spkrug-intens-atjaun-acu-kremzeleja-pret-pietukumiem-un-tums-lokiem-40-g\/","title":{"rendered":"SpKrug Intens.atjaun.acu kr\u0113m\u017eeleja pret piet\u016bkumiem un tum\u0161.lokiem, 40 g"},"content":{"rendered":"<p>Kosm\u0113tisks l\u012bdzeklis acu \u0101dai ar hialuronsk\u0101bi, glikolsk\u0101bi, kofe\u012bnu, pantenolu, arnikas, burvju lazdas, za\u013c\u0101s t\u0113jas, b\u0113rza ekstraktiem, gur\u0137enes s\u0113klu un avokado e\u013c\u013c\u0101m.<\/p>\n<p><strong>Lieto&scaron;ana:<\/strong> uzkl\u0101t uz t\u012bras un sausas \u0101das.<\/p>\n<p>Uzglab\u0101t temperat\u016br\u0101 no +2 &deg;C l\u012bdz +25 &deg;C.<br \/>\n&nbsp;<\/p>\n","protected":false},"excerpt":{"rendered":"<p>Kosm\u0113tisks l\u012bdzeklis acu \u0101dai ar hialuronsk\u0101bi, glikolsk\u0101bi, kofe\u012bnu, pantenolu, arnikas, burvju lazdas, za\u013c\u0101s t\u0113jas, b\u0113rza ekstraktiem, gur\u0137enes s\u0113klu un avokado e\u013c\u013c\u0101m. Lieto&scaron;ana: uzkl\u0101t uz t\u012bras un sausas \u0101das. Uzglab\u0101t temperat\u016br\u0101 no +2 &deg;C l\u012bdz +25 &deg;C. &nbsp;<\/p>\n","protected":false},"featured_media":88794,"template":"","meta":[],"product_cat":[1999],"product_tag":[],"class_list":{"0":"post-43709","1":"product","2":"type-product","3":"status-publish","4":"has-post-thumbnail","6":"product_brand-elpis","7":"product_cat-bez-kategorijas","9":"first","10":"instock","11":"taxable","12":"shipping-taxable","13":"product-type-simple"},"_links":{"self":[{"href":"https:\/\/e.kosmolat.eu\/lv\/wp-json\/wp\/v2\/product\/43709","targetHints":{"allow":["GET"]}}],"collection":[{"href":"https:\/\/e.kosmolat.eu\/lv\/wp-json\/wp\/v2\/product"}],"about":[{"href":"https:\/\/e.kosmolat.eu\/lv\/wp-json\/wp\/v2\/types\/product"}],"wp:featuredmedia":[{"embeddable":true,"href":"https:\/\/e.kosmolat.eu\/lv\/wp-json\/wp\/v2\/media\/88794"}],"wp:attachment":[{"href":"https:\/\/e.kosmolat.eu\/lv\/wp-json\/wp\/v2\/media?parent=43709"}],"wp:term":[{"taxonomy":"product_cat","embeddable":true,"href":"https:\/\/e.kosmolat.eu\/lv\/wp-json\/wp\/v2\/product_cat?post=43709"},{"taxonomy":"product_tag","embeddable":true,"href":"https:\/\/e.kosmolat.eu\/lv\/wp-json\/wp\/v2\/product_tag?post=43709"}],"curies":[{"name":"wp","href":"https:\/\/api.w.org\/{rel}","templated":true}]}}