{"id":43701,"date":"2024-01-31T13:05:10","date_gmt":"2024-01-31T13:05:10","guid":{"rendered":"https:\/\/e.kosmolat.eu\/product\/spkrug-multivit-nakts-sej-kr-ar-gliemeza-sekretu-retinolu-un-kolagenu-50-g\/"},"modified":"2026-04-22T09:50:11","modified_gmt":"2026-04-22T09:50:11","slug":"spkrug-multivit-nakts-sej-kr-ar-gliemeza-sekretu-retinolu-un-kolagenu-50-g","status":"publish","type":"product","link":"https:\/\/e.kosmolat.eu\/lv\/product\/spkrug-multivit-nakts-sej-kr-ar-gliemeza-sekretu-retinolu-un-kolagenu-50-g\/","title":{"rendered":"SpKrug Multivit.nakts sej.kr.ar glieme\u017ea sekr\u0113tu, retinolu un kolag\u0113nu, 50 g"},"content":{"rendered":"<p>Kosm\u0113tisks l\u012bdzeklis sejas \u0101dai. Akt\u012bv\u0101s sast\u0101vda\u013cas: vitam\u012bni A, E, H, glieme\u017eu sekr\u0113ts, hialuronsk\u0101be, avokado e\u013c\u013ca, kolag\u0113ns.<\/p>\n<p><strong>Lieto&scaron;ana:<\/strong> uzkl\u0101t uz t\u012bras un sausas \u0101das.<\/p>\n<p>Uzglab\u0101t temperat\u016br\u0101 no +2&deg;C l\u012bdz +25&deg;C.<br \/>\n&nbsp;<\/p>\n","protected":false},"excerpt":{"rendered":"<p>Kosm\u0113tisks l\u012bdzeklis sejas \u0101dai. Akt\u012bv\u0101s sast\u0101vda\u013cas: vitam\u012bni A, E, H, glieme\u017eu sekr\u0113ts, hialuronsk\u0101be, avokado e\u013c\u013ca, kolag\u0113ns. Lieto&scaron;ana: uzkl\u0101t uz t\u012bras un sausas \u0101das. Uzglab\u0101t temperat\u016br\u0101 no +2&deg;C l\u012bdz +25&deg;C. &nbsp;<\/p>\n","protected":false},"featured_media":88786,"template":"","meta":[],"product_cat":[2182],"product_tag":[],"class_list":{"0":"post-43701","1":"product","2":"type-product","3":"status-publish","4":"has-post-thumbnail","6":"product_brand-elpis","7":"product_cat-bez-kategorijas-ru","9":"first","10":"instock","11":"taxable","12":"shipping-taxable","13":"product-type-simple"},"_links":{"self":[{"href":"https:\/\/e.kosmolat.eu\/lv\/wp-json\/wp\/v2\/product\/43701","targetHints":{"allow":["GET"]}}],"collection":[{"href":"https:\/\/e.kosmolat.eu\/lv\/wp-json\/wp\/v2\/product"}],"about":[{"href":"https:\/\/e.kosmolat.eu\/lv\/wp-json\/wp\/v2\/types\/product"}],"wp:featuredmedia":[{"embeddable":true,"href":"https:\/\/e.kosmolat.eu\/lv\/wp-json\/wp\/v2\/media\/88786"}],"wp:attachment":[{"href":"https:\/\/e.kosmolat.eu\/lv\/wp-json\/wp\/v2\/media?parent=43701"}],"wp:term":[{"taxonomy":"product_cat","embeddable":true,"href":"https:\/\/e.kosmolat.eu\/lv\/wp-json\/wp\/v2\/product_cat?post=43701"},{"taxonomy":"product_tag","embeddable":true,"href":"https:\/\/e.kosmolat.eu\/lv\/wp-json\/wp\/v2\/product_tag?post=43701"}],"curies":[{"name":"wp","href":"https:\/\/api.w.org\/{rel}","templated":true}]}}